{"id":24648,"date":"2020-11-06T17:51:51","date_gmt":"2020-11-06T16:51:51","guid":{"rendered":"https:\/\/www.magirus-lohr.at\/homepage\/?page_id=24648"},"modified":"2025-08-29T10:15:47","modified_gmt":"2025-08-29T08:15:47","slug":"impressum-2","status":"publish","type":"page","link":"https:\/\/www.magirus-lohr.at\/homepage\/impressum-2\/","title":{"rendered":"Impressum"},"content":{"rendered":"<p>[et_pb_section fb_built=&#8220;1&#8243; _builder_version=&#8220;4.16&#8243; _module_preset=&#8220;default&#8220; custom_margin=&#8220;0px||0px||false|false&#8220; custom_padding=&#8220;0px||||false|false&#8220; global_colors_info=&#8220;{}&#8220;][et_pb_row _builder_version=&#8220;4.16&#8243; _module_preset=&#8220;default&#8220; width_tablet=&#8220;&#8220; width_phone=&#8220;&#8220; width_last_edited=&#8220;on|phone&#8220; custom_margin=&#8220;0px||||false|false&#8220; custom_padding=&#8220;||0px|||&#8220; global_colors_info=&#8220;{}&#8220;][et_pb_column type=&#8220;4_4&#8243; _builder_version=&#8220;4.16&#8243; _module_preset=&#8220;default&#8220; global_colors_info=&#8220;{}&#8220;][et_pb_text _builder_version=&#8220;4.27.4&#8243; _module_preset=&#8220;default&#8220; text_font=&#8220;Arial||||||||&#8220; custom_margin=&#8220;80px||||false|false&#8220; hover_enabled=&#8220;0&#8243; global_colors_info=&#8220;{}&#8220; sticky_enabled=&#8220;0&#8243;]<\/p>\n<article id=\"c1318\">\n<div class=\"component_text_img_normal\">\n<div class=\"csc-header csc-header-n1\">\n<h1 class=\"page_header\"><strong>Impressum<\/strong><\/h1>\n<\/div>\n<p>Magirus Lohr GmbH<br \/>Frikusweg 8<br \/>8141 Premst\u00e4tten<br \/>Austria<\/p>\n<p>Telefon\u00a0 +43 3135 93 122<br \/>Fax\u00a0\u00a0\u00a0\u00a0\u00a0\u00a0\u00a0 +43 3135 93122 41<br \/>E-Mail\u00a0 \u00a0\u00a0<span style=\"color: #ff0000;\"><a href=\"mailto:magirus-lohr@magirusgroup.com\" style=\"color: #ff0000;\">magirus-lohr@magirusgroup.com<\/a><\/span><\/p>\n<p><a class=\"external-link-new-window\" title=\"\u00d6ffnet externen Link in neuem Fenster\" href=\"http:\/\/www.magirus-lohr.at\">\u00a0 \u00a0 \u00a0 \u00a0 \u00a0 \u00a0 \u00a0 \u00a0<span style=\"color: #ff0000;\">www.magirus-lohr.at<\/span><\/a><\/p>\n<p>Gesch\u00e4ftsf\u00fchrer: Fatmir Veselaj<br \/>Sitz der Gesellschaft: Premst\u00e4tten<br \/>Registergericht: Amtsgericht Graz<br \/>Nr. des Handelsregisters: : FN 156750s VAT<\/p>\n<p>Steuer-Nummer: ATU42721006<\/p>\n<p>Verantwortlich f\u00fcr den Inhalt im Sinne des \u00a7 55 Abs. 2 Rundfunkstaatsvertrag (RStV): Fatmir Veselaj<\/p>\n<p>Die Nutzung der im Rahmen des Impressums oder vergleichbarer Angaben ver\u00f6ffentlichten Kontaktdaten wie Postanschriften, Telefon- und Faxnummern sowie E-mail-Adressen durch Dritte zur \u00dcbersendung von nicht ausdr\u00fccklich angeforderten Informationen ist nicht gestattet. Rechtliche Schritte gegen die Versender von sogenannten Spam-Mails bei Verst\u00f6\u00dfen gegen dieses Verbot sind ausdr\u00fccklich vorbehalten.<\/p>\n<\/div>\n<\/article>\n<p>[\/et_pb_text][et_pb_text _builder_version=&#8220;4.16&#8243; _module_preset=&#8220;default&#8220; text_font=&#8220;Arial||||||||&#8220; global_colors_info=&#8220;{}&#8220;]<\/p>\n<h2 class=\"module_header\"><strong>Rechtliche Hinweise<\/strong><\/h2>\n<p>[\/et_pb_text][et_pb_accordion _builder_version=&#8220;4.16&#8243; _module_preset=&#8220;default&#8220; global_colors_info=&#8220;{}&#8220;][et_pb_accordion_item open=&#8220;off&#8220; open_toggle_background_color=&#8220;rgba(0,0,0,0)&#8220; closed_toggle_text_color=&#8220;rgba(0,0,0,0)&#8220; closed_toggle_background_color=&#8220;rgba(0,0,0,0)&#8220; icon_color=&#8220;#e09900&#8243; _builder_version=&#8220;4.16&#8243; _module_preset=&#8220;default&#8220; custom_margin=&#8220;0px||0px||false|false&#8220; custom_padding=&#8220;0px||15px||false|false&#8220; border_width_all=&#8220;0px&#8220; global_colors_info=&#8220;{}&#8220;][\/et_pb_accordion_item][et_pb_accordion_item title=&#8220;1. Nutzungsbedingungen unserer Website&#8220; icon_color=&#8220;#e02b20&#8243; _builder_version=&#8220;4.16&#8243; _module_preset=&#8220;default&#8220; global_colors_info=&#8220;{}&#8220; toggle_font=&#8220;Arial||||||||&#8220; closed_toggle_font=&#8220;Arial||||||||&#8220; open=&#8220;off&#8220;]<\/p>\n<div class=\"effectBoxItemContent\" style=\"display: block;\">\n<div class=\"innerWrap\">\n<div class=\"component_text_img_normal\">\n<div class=\"csc-textpic-text\">\n<p>Die Informationen auf unserer Website werden mit gr\u00f6\u00dfter Sorgfalt erstellt. Gleichzeitig ist Magirus Lohr darum bem\u00fcht, dass die Informationen auf der Website auf dem aktuellen Stand und korrekt und vollst\u00e4ndig sind. Magirus Lohr \u00fcbernimmt jedoch keine Gew\u00e4hr f\u00fcr deren Vollst\u00e4ndigkeit oder Geeignetheit f\u00fcr bestimmte Verwendungszwecke. Die Nutzung der auf den Websites zur Verf\u00fcgung gestellten Inhalte erfolgt auf alleinige Gefahr des Nutzers.<\/p>\n<p>Die Haftung der Magirus Lohr\u00a0 GmbH aus oder im Zusammenhang mit der Nutzung der Website, gleich aus welchem Rechtsgrund, ist beschr\u00e4nkt auf Sch\u00e4den, die Magirus Lohr oder deren Erf\u00fcllungsgehilfen oder Auftragnehmer vors\u00e4tzlich, grob fahrl\u00e4ssig herbeigef\u00fchrt hat.<\/p>\n<p>Alle Angebote sind freibleibend und unverbindlich. Magirus Lohr beh\u00e4lt es sich ausdr\u00fccklich vor, Teile der Seiten oder das gesamte Angebot ohne gesonderte Ank\u00fcndigung zu ver\u00e4ndern, zu erg\u00e4nzen, zu l\u00f6schen oder die Ver\u00f6ffentlichung zeitweise oder endg\u00fcltig einzustellen.<\/p>\n<\/div>\n<\/div>\n<\/div>\n<\/div>\n<p>[\/et_pb_accordion_item][et_pb_accordion_item title=&#8220;2. Verweise und Links \/ Haftungsausschluss&#8220; icon_color=&#8220;#e02b20&#8243; _builder_version=&#8220;4.16&#8243; _module_preset=&#8220;default&#8220; global_colors_info=&#8220;{}&#8220; toggle_font=&#8220;Arial||||||||&#8220; open=&#8220;off&#8220;]<\/p>\n<div class=\"effectBoxItemContent\" style=\"display: block;\">\n<div class=\"innerWrap\">\n<div class=\"component_text_img_normal\">\n<div class=\"csc-textpic-text\">\n<p>Die Website der Magirus Lohr GmbH enth\u00e4lt m\u00f6glicherweise auch Querverweise zu Websites anderer Anbieter.<\/p>\n<p>Wir bem\u00fchen uns und pr\u00fcfen gr\u00fcndlich auch in Ihrem Sinne, dass wir nicht auf dubiose Seiten verlinken, daher wird bei der ersten Verkn\u00fcpfung das fremde Angebot auf rechtswidrige Inhalte \u00fcberpr\u00fcft. Wir k\u00f6nnen aber leider nicht ausschlie\u00dfen, dass sich Inhalte anderer Seiten ver\u00e4ndern und k\u00f6nnen daher keine Haftung daf\u00fcr \u00fcbernehmen. Generell sind wir f\u00fcr fremde Inhalte, die \u00fcber solche Querverweise erreichbar sind, nicht verantwortlich. F\u00fcr illegale, fehlerhafte oder unvollst\u00e4ndige Inhalte und insbesondere f\u00fcr Sch\u00e4den, die aus der Nutzung oder Nichtnutzung solcherart dargebotener Informationen entstehen, haftet allein der Anbieter der Seite, auf welche verwiesen wurde. Das gilt f\u00fcr alle innerhalb des eigenen Internetangebotes gesetzten Links und Verweise sowie f\u00fcr Fremdeintr\u00e4ge in von Magirus Lohr eingerichteten G\u00e4steb\u00fcchern, Diskussionsforen, Linkverzeichnissen, Mailinglisten und in allen anderen Formen von Datenbanken, auf deren Inhalt externe Schreibzugriffe m\u00f6glich sind. Wenn Magirus Lohr feststellt oder von Ihnen darauf hingewiesen wird, dass ein Angebot rechtswidrigen Inhalt aufweist, wird dieser Querverweis aufgehoben, soweit dies technisch m\u00f6glich und zumutbar ist.<\/p>\n<\/div>\n<\/div>\n<\/div>\n<\/div>\n<p>[\/et_pb_accordion_item][et_pb_accordion_item title=&#8220;3. Urheber- und Kennzeichenrecht&#8220; icon_color=&#8220;#e02b20&#8243; _builder_version=&#8220;4.16&#8243; _module_preset=&#8220;default&#8220; global_colors_info=&#8220;{}&#8220; toggle_font=&#8220;Arial||||||||&#8220; open=&#8220;off&#8220;]<\/p>\n<div class=\"effectBoxItemContent\" style=\"display: block;\">\n<div class=\"innerWrap\">\n<div class=\"component_text_img_normal\">\n<div class=\"csc-textpic-text\">\n<p>Der Inhalt dieser Website ist urheberrechtlich gesch\u00fctzt. Die Speicherung und Vervielf\u00e4ltigung von Texten, Bildmaterial oder Grafiken aus dieser Website als Ganzes oder in Teilen bedarf der schriftlichen Zustimmung der Magirus Lohr GmbH.<\/p>\n<p>Die Inhalte des Magirus Lohr Pressebereichs d\u00fcrfen jedoch zur Ver\u00f6ffentlichung von Journalisten heruntergeladen werden und zu Pressezwecken auf anderen Websites ver\u00f6ffentlicht und wiedergegeben werden. Es gelten die zum Magirus Lohr Pressebereich vermerkten Bedingungen und Rechte.<\/p>\n<p>Alle Markenzeichen und Logos, die auf dieser Website verwendet werden, sind urheberrechtlich gesch\u00fctzt.<\/p>\n<\/div>\n<\/div>\n<\/div>\n<\/div>\n<p>[\/et_pb_accordion_item][et_pb_accordion_item title=&#8220;4. Rechtswirksamkeit dieses Haftungsausschlusses&#8220; icon_color=&#8220;#e02b20&#8243; _builder_version=&#8220;4.16&#8243; _module_preset=&#8220;default&#8220; global_colors_info=&#8220;{}&#8220; toggle_font=&#8220;Arial||||||||&#8220; open=&#8220;on&#8220;]<\/p>\n<div class=\"effectBoxItemContent\" style=\"display: block;\">\n<div class=\"innerWrap\">\n<div class=\"component_text_img_normal\">\n<div class=\"csc-textpic-text\">\n<p>Der Inhalt dieser Website ist urheberrechtlich gesch\u00fctzt. Die Speicherung und Vervielf\u00e4ltigung von Texten, Bildmaterial oder Grafiken aus dieser Website als Ganzes oder in Teilen bedarf der schriftlichen Zustimmung der Magirus Lohr GmbH.<\/p>\n<p>Die Inhalte des Magirus Lohr\u00a0 Pressebereichs d\u00fcrfen jedoch zur Ver\u00f6ffentlichung von Journalisten heruntergeladen werden und zu Pressezwecken auf anderen Websites ver\u00f6ffentlicht und wiedergegeben werden. Es gelten die zum Magirus Lohr Pressebereich vermerkten Bedingungen und Rechte.<\/p>\n<p>Alle Markenzeichen und Logos, die auf dieser Website verwendet werden, sind urheberrechtlich gesch\u00fctzt.<\/p>\n<\/div>\n<\/div>\n<\/div>\n<\/div>\n<p>[\/et_pb_accordion_item][\/et_pb_accordion][\/et_pb_column][\/et_pb_row][et_pb_row _builder_version=&#8220;4.16&#8243; _module_preset=&#8220;default&#8220; custom_padding=&#8220;0px||||false|false&#8220; global_colors_info=&#8220;{}&#8220;][et_pb_column type=&#8220;4_4&#8243; _builder_version=&#8220;4.16&#8243; _module_preset=&#8220;default&#8220; global_colors_info=&#8220;{}&#8220;][\/et_pb_column][\/et_pb_row][\/et_pb_section][et_pb_section fb_built=&#8220;1&#8243; _builder_version=&#8220;4.16&#8243; _module_preset=&#8220;default&#8220; global_colors_info=&#8220;{}&#8220;][\/et_pb_section]<\/p>\n","protected":false},"excerpt":{"rendered":"<p>Impressum Magirus Lohr GmbHFrikusweg 88141 Premst\u00e4ttenAustria Telefon\u00a0 +43 3135 93 122Fax\u00a0\u00a0\u00a0\u00a0\u00a0\u00a0\u00a0 +43 3135 93122 41E-Mail\u00a0 \u00a0\u00a0magirus-lohr@magirusgroup.com \u00a0 \u00a0 \u00a0 \u00a0 \u00a0 \u00a0 \u00a0 \u00a0www.magirus-lohr.at Gesch\u00e4ftsf\u00fchrer: Fatmir VeselajSitz der Gesellschaft: Premst\u00e4ttenRegistergericht: Amtsgericht GrazNr. des Handelsregisters: : FN 156750s VAT Steuer-Nummer: ATU42721006 Verantwortlich f\u00fcr den Inhalt im Sinne des \u00a7 55 Abs. 2 Rundfunkstaatsvertrag (RStV): Fatmir Veselaj [&hellip;]<\/p>\n","protected":false},"author":1,"featured_media":0,"parent":0,"menu_order":0,"comment_status":"closed","ping_status":"closed","template":"","meta":{"_et_pb_use_builder":"on","_et_pb_old_content":"","_et_gb_content_width":"","footnotes":""},"class_list":["post-24648","page","type-page","status-publish","hentry"],"yoast_head":"<!-- This site is optimized with the Yoast SEO plugin v27.1.1 - https:\/\/yoast.com\/product\/yoast-seo-wordpress\/ -->\n<title>Impressum - Magirus - Lohr GmbH<\/title>\n<meta name=\"robots\" content=\"index, follow, max-snippet:-1, max-image-preview:large, max-video-preview:-1\" \/>\n<link rel=\"canonical\" href=\"https:\/\/www.magirus-lohr.at\/homepage\/impressum-2\/\" \/>\n<meta property=\"og:locale\" content=\"de_DE\" \/>\n<meta property=\"og:type\" content=\"article\" \/>\n<meta property=\"og:title\" content=\"Impressum - Magirus - Lohr GmbH\" \/>\n<meta property=\"og:description\" content=\"Impressum Magirus Lohr GmbHFrikusweg 88141 Premst\u00e4ttenAustria Telefon\u00a0 +43 3135 93 122Fax\u00a0\u00a0\u00a0\u00a0\u00a0\u00a0\u00a0 +43 3135 93122 41E-Mail\u00a0 \u00a0\u00a0magirus-lohr@magirusgroup.com \u00a0 \u00a0 \u00a0 \u00a0 \u00a0 \u00a0 \u00a0 \u00a0www.magirus-lohr.at Gesch\u00e4ftsf\u00fchrer: Fatmir VeselajSitz der Gesellschaft: Premst\u00e4ttenRegistergericht: Amtsgericht GrazNr. des Handelsregisters: : FN 156750s VAT Steuer-Nummer: ATU42721006 Verantwortlich f\u00fcr den Inhalt im Sinne des \u00a7 55 Abs. 2 Rundfunkstaatsvertrag (RStV): Fatmir Veselaj [&hellip;]\" \/>\n<meta property=\"og:url\" content=\"https:\/\/www.magirus-lohr.at\/homepage\/impressum-2\/\" \/>\n<meta property=\"og:site_name\" content=\"Magirus - Lohr GmbH\" \/>\n<meta property=\"article:publisher\" content=\"https:\/\/www.facebook.com\/magiruslohr\/\" \/>\n<meta property=\"article:modified_time\" content=\"2025-08-29T08:15:47+00:00\" \/>\n<meta name=\"twitter:card\" content=\"summary_large_image\" \/>\n<meta name=\"twitter:label1\" content=\"Gesch\u00e4tzte Lesezeit\" \/>\n\t<meta name=\"twitter:data1\" content=\"5\u00a0Minuten\" \/>\n<script type=\"application\/ld+json\" class=\"yoast-schema-graph\">{\"@context\":\"https:\/\/schema.org\",\"@graph\":[{\"@type\":\"WebPage\",\"@id\":\"https:\/\/www.magirus-lohr.at\/homepage\/impressum-2\/\",\"url\":\"https:\/\/www.magirus-lohr.at\/homepage\/impressum-2\/\",\"name\":\"Impressum - Magirus - Lohr GmbH\",\"isPartOf\":{\"@id\":\"https:\/\/www.magirus-lohr.at\/homepage\/#website\"},\"datePublished\":\"2020-11-06T16:51:51+00:00\",\"dateModified\":\"2025-08-29T08:15:47+00:00\",\"breadcrumb\":{\"@id\":\"https:\/\/www.magirus-lohr.at\/homepage\/impressum-2\/#breadcrumb\"},\"inLanguage\":\"de\",\"potentialAction\":[{\"@type\":\"ReadAction\",\"target\":[\"https:\/\/www.magirus-lohr.at\/homepage\/impressum-2\/\"]}]},{\"@type\":\"BreadcrumbList\",\"@id\":\"https:\/\/www.magirus-lohr.at\/homepage\/impressum-2\/#breadcrumb\",\"itemListElement\":[{\"@type\":\"ListItem\",\"position\":1,\"name\":\"Startseite\",\"item\":\"https:\/\/www.magirus-lohr.at\/homepage\/\"},{\"@type\":\"ListItem\",\"position\":2,\"name\":\"Impressum\"}]},{\"@type\":\"WebSite\",\"@id\":\"https:\/\/www.magirus-lohr.at\/homepage\/#website\",\"url\":\"https:\/\/www.magirus-lohr.at\/homepage\/\",\"name\":\"Magirus - Lohr GmbH\",\"description\":\"Serving Heroes. Since 1864.\",\"publisher\":{\"@id\":\"https:\/\/www.magirus-lohr.at\/homepage\/#organization\"},\"potentialAction\":[{\"@type\":\"SearchAction\",\"target\":{\"@type\":\"EntryPoint\",\"urlTemplate\":\"https:\/\/www.magirus-lohr.at\/homepage\/?s={search_term_string}\"},\"query-input\":{\"@type\":\"PropertyValueSpecification\",\"valueRequired\":true,\"valueName\":\"search_term_string\"}}],\"inLanguage\":\"de\"},{\"@type\":\"Organization\",\"@id\":\"https:\/\/www.magirus-lohr.at\/homepage\/#organization\",\"name\":\"Magirus Lohr GmbH\",\"url\":\"https:\/\/www.magirus-lohr.at\/homepage\/\",\"logo\":{\"@type\":\"ImageObject\",\"inLanguage\":\"de\",\"@id\":\"https:\/\/www.magirus-lohr.at\/homepage\/#\/schema\/logo\/image\/\",\"url\":\"https:\/\/www.magirus-lohr.at\/homepage\/wp-content\/uploads\/2020\/12\/Magirus_Lohr_RGB1.png\",\"contentUrl\":\"https:\/\/www.magirus-lohr.at\/homepage\/wp-content\/uploads\/2020\/12\/Magirus_Lohr_RGB1.png\",\"width\":1006,\"height\":225,\"caption\":\"Magirus Lohr GmbH\"},\"image\":{\"@id\":\"https:\/\/www.magirus-lohr.at\/homepage\/#\/schema\/logo\/image\/\"},\"sameAs\":[\"https:\/\/www.facebook.com\/magiruslohr\/\"]}]}<\/script>\n<!-- \/ Yoast SEO plugin. -->","yoast_head_json":{"title":"Impressum - Magirus - Lohr GmbH","robots":{"index":"index","follow":"follow","max-snippet":"max-snippet:-1","max-image-preview":"max-image-preview:large","max-video-preview":"max-video-preview:-1"},"canonical":"https:\/\/www.magirus-lohr.at\/homepage\/impressum-2\/","og_locale":"de_DE","og_type":"article","og_title":"Impressum - Magirus - Lohr GmbH","og_description":"Impressum Magirus Lohr GmbHFrikusweg 88141 Premst\u00e4ttenAustria Telefon\u00a0 +43 3135 93 122Fax\u00a0\u00a0\u00a0\u00a0\u00a0\u00a0\u00a0 +43 3135 93122 41E-Mail\u00a0 \u00a0\u00a0magirus-lohr@magirusgroup.com \u00a0 \u00a0 \u00a0 \u00a0 \u00a0 \u00a0 \u00a0 \u00a0www.magirus-lohr.at Gesch\u00e4ftsf\u00fchrer: Fatmir VeselajSitz der Gesellschaft: Premst\u00e4ttenRegistergericht: Amtsgericht GrazNr. des Handelsregisters: : FN 156750s VAT Steuer-Nummer: ATU42721006 Verantwortlich f\u00fcr den Inhalt im Sinne des \u00a7 55 Abs. 2 Rundfunkstaatsvertrag (RStV): Fatmir Veselaj [&hellip;]","og_url":"https:\/\/www.magirus-lohr.at\/homepage\/impressum-2\/","og_site_name":"Magirus - Lohr GmbH","article_publisher":"https:\/\/www.facebook.com\/magiruslohr\/","article_modified_time":"2025-08-29T08:15:47+00:00","twitter_card":"summary_large_image","twitter_misc":{"Gesch\u00e4tzte Lesezeit":"5\u00a0Minuten"},"schema":{"@context":"https:\/\/schema.org","@graph":[{"@type":"WebPage","@id":"https:\/\/www.magirus-lohr.at\/homepage\/impressum-2\/","url":"https:\/\/www.magirus-lohr.at\/homepage\/impressum-2\/","name":"Impressum - Magirus - Lohr GmbH","isPartOf":{"@id":"https:\/\/www.magirus-lohr.at\/homepage\/#website"},"datePublished":"2020-11-06T16:51:51+00:00","dateModified":"2025-08-29T08:15:47+00:00","breadcrumb":{"@id":"https:\/\/www.magirus-lohr.at\/homepage\/impressum-2\/#breadcrumb"},"inLanguage":"de","potentialAction":[{"@type":"ReadAction","target":["https:\/\/www.magirus-lohr.at\/homepage\/impressum-2\/"]}]},{"@type":"BreadcrumbList","@id":"https:\/\/www.magirus-lohr.at\/homepage\/impressum-2\/#breadcrumb","itemListElement":[{"@type":"ListItem","position":1,"name":"Startseite","item":"https:\/\/www.magirus-lohr.at\/homepage\/"},{"@type":"ListItem","position":2,"name":"Impressum"}]},{"@type":"WebSite","@id":"https:\/\/www.magirus-lohr.at\/homepage\/#website","url":"https:\/\/www.magirus-lohr.at\/homepage\/","name":"Magirus - Lohr GmbH","description":"Serving Heroes. Since 1864.","publisher":{"@id":"https:\/\/www.magirus-lohr.at\/homepage\/#organization"},"potentialAction":[{"@type":"SearchAction","target":{"@type":"EntryPoint","urlTemplate":"https:\/\/www.magirus-lohr.at\/homepage\/?s={search_term_string}"},"query-input":{"@type":"PropertyValueSpecification","valueRequired":true,"valueName":"search_term_string"}}],"inLanguage":"de"},{"@type":"Organization","@id":"https:\/\/www.magirus-lohr.at\/homepage\/#organization","name":"Magirus Lohr GmbH","url":"https:\/\/www.magirus-lohr.at\/homepage\/","logo":{"@type":"ImageObject","inLanguage":"de","@id":"https:\/\/www.magirus-lohr.at\/homepage\/#\/schema\/logo\/image\/","url":"https:\/\/www.magirus-lohr.at\/homepage\/wp-content\/uploads\/2020\/12\/Magirus_Lohr_RGB1.png","contentUrl":"https:\/\/www.magirus-lohr.at\/homepage\/wp-content\/uploads\/2020\/12\/Magirus_Lohr_RGB1.png","width":1006,"height":225,"caption":"Magirus Lohr GmbH"},"image":{"@id":"https:\/\/www.magirus-lohr.at\/homepage\/#\/schema\/logo\/image\/"},"sameAs":["https:\/\/www.facebook.com\/magiruslohr\/"]}]}},"_links":{"self":[{"href":"https:\/\/www.magirus-lohr.at\/homepage\/wp-json\/wp\/v2\/pages\/24648","targetHints":{"allow":["GET"]}}],"collection":[{"href":"https:\/\/www.magirus-lohr.at\/homepage\/wp-json\/wp\/v2\/pages"}],"about":[{"href":"https:\/\/www.magirus-lohr.at\/homepage\/wp-json\/wp\/v2\/types\/page"}],"author":[{"embeddable":true,"href":"https:\/\/www.magirus-lohr.at\/homepage\/wp-json\/wp\/v2\/users\/1"}],"replies":[{"embeddable":true,"href":"https:\/\/www.magirus-lohr.at\/homepage\/wp-json\/wp\/v2\/comments?post=24648"}],"version-history":[{"count":28,"href":"https:\/\/www.magirus-lohr.at\/homepage\/wp-json\/wp\/v2\/pages\/24648\/revisions"}],"predecessor-version":[{"id":258798,"href":"https:\/\/www.magirus-lohr.at\/homepage\/wp-json\/wp\/v2\/pages\/24648\/revisions\/258798"}],"wp:attachment":[{"href":"https:\/\/www.magirus-lohr.at\/homepage\/wp-json\/wp\/v2\/media?parent=24648"}],"curies":[{"name":"wp","href":"https:\/\/api.w.org\/{rel}","templated":true}]}}