{"id":250573,"date":"2022-03-28T11:59:11","date_gmt":"2022-03-28T09:59:11","guid":{"rendered":"https:\/\/www.magirus-lohr.at\/homepage\/?page_id=250573"},"modified":"2022-05-11T14:11:37","modified_gmt":"2022-05-11T12:11:37","slug":"tlfa-1000-moenchdorf","status":"publish","type":"page","link":"https:\/\/www.magirus-lohr.at\/homepage\/tlfa-1000-moenchdorf\/","title":{"rendered":"TLFA 1000 M\u00f6nchdorf"},"content":{"rendered":"<p>[et_pb_section fb_built=&#8220;1&#8243; fullwidth=&#8220;on&#8220; _builder_version=&#8220;4.16&#8243; _module_preset=&#8220;default&#8220; locked=&#8220;off&#8220; global_colors_info=&#8220;{}&#8220;][et_pb_fullwidth_image src=&#8220;https:\/\/www.magirus-lohr.at\/homepage\/wp-content\/uploads\/2020\/12\/1Auslieferungen-3-1-scaled.jpg&#8220; title_text=&#8220;1Auslieferungen-3-1&#8243; _builder_version=&#8220;4.16&#8243; _module_preset=&#8220;default&#8220; width=&#8220;1440px&#8220; width_tablet=&#8220;100%&#8220; width_phone=&#8220;100%&#8220; width_last_edited=&#8220;on|phone&#8220; max_width=&#8220;100%&#8220; module_alignment=&#8220;center&#8220; custom_margin=&#8220;0px||||false|false&#8220; custom_margin_tablet=&#8220;-8px||||false|false&#8220; custom_margin_phone=&#8220;-7px||||false|false&#8220; custom_margin_last_edited=&#8220;on|tablet&#8220; custom_padding=&#8220;79px||||false|false&#8220; global_colors_info=&#8220;{}&#8220;][\/et_pb_fullwidth_image][\/et_pb_section][et_pb_section fb_built=&#8220;1&#8243; _builder_version=&#8220;4.16&#8243; _module_preset=&#8220;default&#8220; background_image=&#8220;https:\/\/www.magirus-lohr.at\/homepage\/wp-content\/uploads\/2020\/11\/body-bg.jpg&#8220; custom_padding=&#8220;5px||0px|||&#8220; border_width_bottom=&#8220;2px&#8220; global_colors_info=&#8220;{}&#8220;][et_pb_row column_structure=&#8220;1_2,1_2&#8243; _builder_version=&#8220;4.16&#8243; _module_preset=&#8220;default&#8220; min_height=&#8220;248px&#8220; custom_padding=&#8220;||0px|||&#8220; border_color_all=&#8220;rgba(0,0,0,0)&#8220; border_width_bottom=&#8220;3px&#8220; global_colors_info=&#8220;{}&#8220;][et_pb_column type=&#8220;1_2&#8243; _builder_version=&#8220;4.16&#8243; _module_preset=&#8220;default&#8220; border_color_all=&#8220;#e02b20&#8243; global_colors_info=&#8220;{}&#8220;][et_pb_gallery gallery_ids=&#8220;250583,250584,250585&#8243; fullwidth=&#8220;on&#8220; _builder_version=&#8220;4.16&#8243; _module_preset=&#8220;default&#8220; pagination_text_color=&#8220;#000000&#8243; animation_style=&#8220;zoom&#8220; border_radii=&#8220;on|10px|10px|10px|10px&#8220; box_shadow_style=&#8220;preset2&#8243; global_colors_info=&#8220;{}&#8220;][\/et_pb_gallery][\/et_pb_column][et_pb_column type=&#8220;1_2&#8243; _builder_version=&#8220;4.16&#8243; _module_preset=&#8220;default&#8220; global_colors_info=&#8220;{}&#8220;][et_pb_text _builder_version=&#8220;4.17.3&#8243; _module_preset=&#8220;default&#8220; header_4_font=&#8220;Open Sans||||||||&#8220; border_color_all=&#8220;rgba(0,0,0,0)&#8220; border_color_bottom=&#8220;#000000&#8243; global_colors_info=&#8220;{}&#8220;]<\/p>\n<div id=\"container\">\n<div class=\"wrapper\">\n<div class=\"clearfix\" id=\"main\" role=\"main\">\n<div id=\"content-column\">\n<section>\n<article id=\"c5472\">\n<div class=\"magirus-listing\">\n<div class=\"delivery__detail\">\n<h1>TLFA 1000 f\u00fcr M\u00f6nchdorf<\/h1>\n<\/div>\n<\/div>\n<\/article>\n<\/section>\n<\/div>\n<\/div>\n<\/div>\n<\/div>\n<table style=\"width: 522px; height: 259px; float: left;\" height=\"297\">\n<caption><\/caption>\n<tbody>\n<tr style=\"height: 24px;\">\n<td style=\"width: 210.417px; height: 24px;\"><strong>Typ<\/strong><\/td>\n<td style=\"width: 295.583px; height: 24px;\">\n<div id=\"container\">\n<div class=\"wrapper\">\n<div class=\"clearfix\" id=\"main\" role=\"main\">\n<div id=\"content-column\">\n<section>\n<article id=\"c5472\">\n<div class=\"magirus-listing\">\n<div class=\"delivery__detail\">\n<div class=\"delivery__detail__item\">\n<div class=\"delivery__detail__item--row\">\n<div class=\"delivery__detail__item--left\">\n<div class=\"delivery__detail__item--data\">\n<div class=\"delivery__detail__item--data__row\">\n<div class=\"delivery__detail__item--data__field\">TLFA 1000<\/div>\n<\/div>\n<\/div>\n<\/div>\n<\/div>\n<\/div>\n<\/div>\n<\/div>\n<\/article>\n<\/section>\n<\/div>\n<\/div>\n<\/div>\n<\/div>\n<\/td>\n<\/tr>\n<tr style=\"height: 48px;\">\n<td style=\"width: 210.417px; height: 19px;\">\n<div class=\"delivery__detail__item--data__label\"><strong>Kunde<\/strong><\/div>\n<\/td>\n<td style=\"width: 295.583px; height: 19px;\">\n<div id=\"container\">\n<div class=\"wrapper\">\n<div class=\"clearfix\" id=\"main\" role=\"main\">\n<div id=\"content-column\">\n<section>\n<article id=\"c5472\">\n<div class=\"magirus-listing\">\n<div class=\"delivery__detail\">\n<div class=\"delivery__detail__item\">\n<div class=\"delivery__detail__item--row\">\n<div class=\"delivery__detail__item--left\">\n<div class=\"delivery__detail__item--data\">\n<div class=\"delivery__detail__item--data__row\">\n<div class=\"delivery__detail__item--data__field\">\n<div id=\"container\">\n<div class=\"wrapper\">\n<div class=\"clearfix\" id=\"main\" role=\"main\">\n<div id=\"content-column\">\n<section>\n<article id=\"c5472\">\n<div class=\"magirus-listing\">\n<div class=\"delivery__detail\">\n<div class=\"delivery__detail__item\">\n<div class=\"delivery__detail__item--row\">\n<div class=\"delivery__detail__item--left\">\n<div class=\"delivery__detail__item--data\">\n<div class=\"delivery__detail__item--data__row\">\n<div class=\"delivery__detail__item--data__field\">Freiwillige Feuerwehr M\u00f6nchdorf<\/div>\n<\/div>\n<\/div>\n<\/div>\n<\/div>\n<\/div>\n<\/div>\n<\/div>\n<\/article>\n<\/section>\n<\/div>\n<\/div>\n<\/div>\n<\/div>\n<\/div>\n<\/div>\n<\/div>\n<\/div>\n<\/div>\n<\/div>\n<\/div>\n<\/div>\n<\/article>\n<\/section>\n<\/div>\n<\/div>\n<\/div>\n<\/div>\n<\/td>\n<\/tr>\n<tr style=\"height: 24px;\">\n<td style=\"width: 210.417px; height: 24px;\">\n<div class=\"delivery__detail__item--data__label\"><strong>Land<\/strong><\/div>\n<\/td>\n<td style=\"width: 295.583px; height: 24px;\">\u00d6sterreich<\/td>\n<\/tr>\n<tr style=\"height: 24px;\">\n<td style=\"width: 210.417px; height: 24px;\">\n<div class=\"delivery__detail__item--data__label\"><strong>Fahrgestell<\/strong><\/div>\n<\/td>\n<td style=\"width: 295.583px; height: 24px;\">\n<div id=\"container\">\n<div class=\"wrapper\">\n<div class=\"clearfix\" id=\"main\" role=\"main\">\n<div id=\"content-column\">\n<section>\n<article id=\"c5472\">\n<div class=\"magirus-listing\">\n<div class=\"delivery__detail\">\n<div class=\"delivery__detail__item\">\n<div class=\"delivery__detail__item--row\">\n<div class=\"delivery__detail__item--left\">\n<div class=\"delivery__detail__item--data\">\n<div class=\"delivery__detail__item--data__row\">\n<div class=\"delivery__detail__item--data__field\">\n<div id=\"container\">\n<div class=\"wrapper\">\n<div class=\"clearfix\" id=\"main\" role=\"main\">\n<div id=\"content-column\">\n<section>\n<article id=\"c5472\">\n<div class=\"magirus-listing\">\n<div class=\"delivery__detail\">\n<div class=\"delivery__detail__item\">\n<div class=\"delivery__detail__item--row\">\n<div class=\"delivery__detail__item--left\">\n<div class=\"delivery__detail__item--data\">\n<div class=\"delivery__detail__item--data__row\">\n<div class=\"delivery__detail__item--data__field\">IVECO Daily 70C21<\/div>\n<\/div>\n<\/div>\n<\/div>\n<\/div>\n<\/div>\n<\/div>\n<\/div>\n<\/article>\n<\/section>\n<\/div>\n<\/div>\n<\/div>\n<\/div>\n<\/div>\n<\/div>\n<\/div>\n<\/div>\n<\/div>\n<\/div>\n<\/div>\n<\/div>\n<\/article>\n<\/section>\n<\/div>\n<\/div>\n<\/div>\n<\/div>\n<\/td>\n<\/tr>\n<tr style=\"height: 24px;\">\n<td style=\"width: 210.417px; height: 24px;\">\n<div class=\"delivery__detail__item--data__label\"><strong>Motorleistung<\/strong><\/div>\n<\/td>\n<td style=\"width: 295.583px; height: 24px;\">\n<div class=\"delivery__detail__item--data__field\">\n<div id=\"container\">\n<div class=\"wrapper\">\n<div class=\"clearfix\" id=\"main\" role=\"main\">\n<div id=\"content-column\">\n<section>\n<article id=\"c5472\">\n<div class=\"magirus-listing\">\n<div class=\"delivery__detail\">\n<div class=\"delivery__detail__item\">\n<div class=\"delivery__detail__item--row\">\n<div class=\"delivery__detail__item--left\">\n<div class=\"delivery__detail__item--data\">\n<div class=\"delivery__detail__item--data__row\">\n<div class=\"delivery__detail__item--data__field\">\n<div id=\"container\">\n<div class=\"wrapper\">\n<div class=\"clearfix\" id=\"main\" role=\"main\">\n<div id=\"content-column\">\n<section>\n<article id=\"c5472\">\n<div class=\"magirus-listing\">\n<div class=\"delivery__detail\">\n<div class=\"delivery__detail__item\">\n<div class=\"delivery__detail__item--row\">\n<div class=\"delivery__detail__item--left\">\n<div class=\"delivery__detail__item--data\">\n<div class=\"delivery__detail__item--data__row\">\n<div class=\"delivery__detail__item--data__field\">150 kW (204 PS), Euro 5b<\/div>\n<\/div>\n<\/div>\n<\/div>\n<\/div>\n<\/div>\n<\/div>\n<\/div>\n<\/article>\n<\/section>\n<\/div>\n<\/div>\n<\/div>\n<\/div>\n<\/div>\n<\/div>\n<\/div>\n<\/div>\n<\/div>\n<\/div>\n<\/div>\n<\/div>\n<\/article>\n<\/section>\n<\/div>\n<\/div>\n<\/div>\n<\/div>\n<\/div>\n<\/td>\n<\/tr>\n<tr style=\"height: 24px;\">\n<td style=\"width: 210.417px; height: 24px;\">\n<div class=\"delivery__detail__item--data__label\"><strong>Radstand<\/strong><\/div>\n<\/td>\n<td style=\"width: 295.583px; height: 24px;\">\n<div class=\"delivery__detail__item--data__field\">\n<div id=\"container\">\n<div class=\"wrapper\">\n<div class=\"clearfix\" id=\"main\" role=\"main\">\n<div id=\"content-column\">\n<section>\n<article id=\"c5472\">\n<div class=\"magirus-listing\">\n<div class=\"delivery__detail\">\n<div class=\"delivery__detail__item\">\n<div class=\"delivery__detail__item--row\">\n<div class=\"delivery__detail__item--left\">\n<div class=\"delivery__detail__item--data\">\n<div class=\"delivery__detail__item--data__row\">\n<div class=\"delivery__detail__item--data__field\">3.750 mm<\/div>\n<\/div>\n<\/div>\n<\/div>\n<\/div>\n<\/div>\n<\/div>\n<\/div>\n<\/article>\n<\/section>\n<\/div>\n<\/div>\n<\/div>\n<\/div>\n<\/div>\n<\/td>\n<\/tr>\n<tr style=\"height: 24px;\">\n<td style=\"width: 210.417px; height: 24px;\">\n<div class=\"delivery__detail__item--data__label\"><strong>Besatzung<\/strong><\/div>\n<\/td>\n<td style=\"width: 295.583px; height: 24px;\">1 + 8<\/td>\n<\/tr>\n<tr style=\"height: 24px;\">\n<td style=\"width: 210.417px; height: 24px;\"><strong>Pumpen-Nennleistung<\/strong><\/td>\n<td style=\"width: 295.583px; height: 24px;\">\n<div id=\"container\">\n<div class=\"wrapper\">\n<div class=\"clearfix\" id=\"main\" role=\"main\">\n<div id=\"content-column\">\n<section>\n<article id=\"c5472\">\n<div class=\"magirus-listing\">\n<div class=\"delivery__detail\">\n<div class=\"delivery__detail__item\">\n<div class=\"delivery__detail__item--row\">\n<div class=\"delivery__detail__item--left\">\n<div class=\"delivery__detail__item--data\">\n<div class=\"delivery__detail__item--data__row\">\n<div class=\"delivery__detail__item--data__field\">1.000 l\/min bei 10 bar<\/div>\n<\/div>\n<\/div>\n<\/div>\n<\/div>\n<\/div>\n<\/div>\n<\/div>\n<\/article>\n<\/section>\n<\/div>\n<\/div>\n<\/div>\n<\/div>\n<\/td>\n<\/tr>\n<tr style=\"height: 48px;\">\n<td style=\"width: 210.417px; height: 48px;\">\n<div class=\"delivery__detail__item--data__label\"><strong>Wasserbeh\u00e4lter \/ Schaumbeh\u00e4lte<\/strong>r<\/div>\n<\/td>\n<td style=\"width: 295.583px; height: 48px;\">\n<div id=\"container\">\n<div class=\"wrapper\">\n<div class=\"clearfix\" id=\"main\" role=\"main\">\n<div id=\"content-column\">\n<section>\n<article id=\"c5472\">\n<div class=\"magirus-listing\">\n<div class=\"delivery__detail\">\n<div class=\"delivery__detail__item\">\n<div class=\"delivery__detail__item--row\">\n<div class=\"delivery__detail__item--left\">\n<div class=\"delivery__detail__item--data\">\n<div class=\"delivery__detail__item--data__row\">\n<div class=\"delivery__detail__item--data__field\">1.000 l<br \/>&#8211; \/ &#8211;<\/div>\n<\/div>\n<\/div>\n<\/div>\n<\/div>\n<\/div>\n<\/div>\n<\/div>\n<\/article>\n<\/section>\n<\/div>\n<\/div>\n<\/div>\n<\/div>\n<\/td>\n<\/tr>\n<tr style=\"height: 24px;\">\n<td style=\"width: 210.417px; height: 24px;\">\n<div class=\"delivery__detail__item--data__label\"><strong>Fahrzeugabmessungen<\/strong><\/div>\n<\/td>\n<td style=\"width: 295.583px; height: 24px;\">\n<div id=\"container\">\n<div class=\"wrapper\">\n<div class=\"clearfix\" id=\"main\" role=\"main\">\n<div id=\"content-column\">\n<section>\n<article id=\"c5472\">\n<div class=\"magirus-listing\">\n<div class=\"delivery__detail\">\n<div class=\"delivery__detail__item\">\n<div class=\"delivery__detail__item--row\">\n<div class=\"delivery__detail__item--left\">\n<div class=\"delivery__detail__item--data\">\n<div class=\"delivery__detail__item--data__row\">\n<div class=\"delivery__detail__item--data__field\">\n<div id=\"container\">\n<div class=\"wrapper\">\n<div class=\"clearfix\" id=\"main\" role=\"main\">\n<div id=\"content-column\">\n<section>\n<article id=\"c5472\">\n<div class=\"magirus-listing\">\n<div class=\"delivery__detail\">\n<div class=\"delivery__detail__item\">\n<div class=\"delivery__detail__item--row\">\n<div class=\"delivery__detail__item--left\">\n<div class=\"delivery__detail__item--data\">\n<div class=\"delivery__detail__item--data__row\">\n<div class=\"delivery__detail__item--data__field\">6.500 x 2.220 x 2.900 mm<\/div>\n<\/div>\n<\/div>\n<\/div>\n<\/div>\n<\/div>\n<\/div>\n<\/div>\n<\/article>\n<\/section>\n<\/div>\n<\/div>\n<\/div>\n<\/div>\n<\/div>\n<\/div>\n<\/div>\n<\/div>\n<\/div>\n<\/div>\n<\/div>\n<\/div>\n<\/article>\n<\/section>\n<\/div>\n<\/div>\n<\/div>\n<\/div>\n<\/td>\n<\/tr>\n<\/tbody>\n<\/table>\n<p>[\/et_pb_text][\/et_pb_column][\/et_pb_row][\/et_pb_section][et_pb_section fb_built=&#8220;1&#8243; _builder_version=&#8220;4.16&#8243; _module_preset=&#8220;default&#8220; background_image=&#8220;https:\/\/www.magirus-lohr.at\/homepage\/wp-content\/uploads\/2020\/11\/body_1-bg.jpg&#8220; global_colors_info=&#8220;{}&#8220;][et_pb_row column_structure=&#8220;1_2,1_2&#8243; _builder_version=&#8220;4.16&#8243; _module_preset=&#8220;default&#8220; global_colors_info=&#8220;{}&#8220;][et_pb_column type=&#8220;1_2&#8243; _builder_version=&#8220;4.16&#8243; _module_preset=&#8220;default&#8220; global_colors_info=&#8220;{}&#8220;][et_pb_text _builder_version=&#8220;4.16&#8243; _module_preset=&#8220;default&#8220; global_colors_info=&#8220;{}&#8220;]<\/p>\n<div id=\"container\">\n<div class=\"wrapper\">\n<div class=\"clearfix\" id=\"main\" role=\"main\">\n<div id=\"content-column\">\n<section>\n<article id=\"c5472\">\n<div class=\"magirus-listing\">\n<div class=\"delivery__detail\">\n<div class=\"delivery__detail__item\">\n<div class=\"delivery__detail__item--description\">\n<div id=\"container\">\n<div class=\"wrapper\">\n<div class=\"clearfix\" id=\"main\" role=\"main\">\n<div id=\"content-column\">\n<section>\n<article id=\"c5472\">\n<div class=\"magirus-listing\">\n<div class=\"delivery__detail\">\n<div class=\"delivery__detail__item\">\n<div class=\"delivery__detail__item--description\">\n<h2>Aufbau-Details<\/h2>\n<div class=\"delivery__detail__item--row\">\n<div class=\"delivery__detail__item--left\">\n<div>\n<div>\n<ul>\n<li>AluFire3 Aufbau<\/li>\n<li>Halterung f\u00fcr Druckbel\u00fcfter, Tauchpumpe , Trennschleifer, Schaufeltrage und Schaumschnellangriff im GR 3<\/li>\n<li>Schnellangriffshaspel Normaldruck<\/li>\n<li>3 Atemschutzger\u00e4te im Mannschaftsraum<\/li>\n<li>Magirus Designblaulichter auf Fahrerhaus<\/li>\n<li>Lichtmast,pneumatisch mit 4 x 12 V LED Scheinwerfer dreh und schwenkbar<\/li>\n<li>Hygieneboard<\/li>\n<li>Stromgenerator<\/li>\n<li>R\u00fcckfahrkamera<\/li>\n<\/ul>\n<\/div>\n<\/div>\n<div><\/div>\n<div><\/div>\n<p>&nbsp;<\/p>\n<\/div>\n<\/div>\n<\/div>\n<\/div>\n<\/div>\n<\/div>\n<\/article>\n<\/section>\n<\/div>\n<\/div>\n<\/div>\n<\/div>\n<\/div>\n<\/div>\n<\/div>\n<\/div>\n<\/article>\n<\/section>\n<\/div>\n<\/div>\n<\/div>\n<\/div>\n<p>[\/et_pb_text][\/et_pb_column][et_pb_column type=&#8220;1_2&#8243; _builder_version=&#8220;4.16&#8243; _module_preset=&#8220;default&#8220; global_colors_info=&#8220;{}&#8220;][et_pb_gallery gallery_ids=&#8220;250579,250581,250582,250580&#8243; fullwidth=&#8220;on&#8220; _builder_version=&#8220;4.16&#8243; _module_preset=&#8220;default&#8220; pagination_text_color=&#8220;#000000&#8243; animation_style=&#8220;zoom&#8220; border_radii=&#8220;on|10px|10px|10px|10px&#8220; box_shadow_style=&#8220;preset2&#8243; global_colors_info=&#8220;{}&#8220;][\/et_pb_gallery][\/et_pb_column][\/et_pb_row][et_pb_row _builder_version=&#8220;4.16&#8243; _module_preset=&#8220;default&#8220; locked=&#8220;off&#8220; global_colors_info=&#8220;{}&#8220;][et_pb_column type=&#8220;4_4&#8243; _builder_version=&#8220;4.16&#8243; _module_preset=&#8220;default&#8220; global_colors_info=&#8220;{}&#8220;][et_pb_button button_url=&#8220;@ET-DC@eyJkeW5hbWljIjp0cnVlLCJjb250ZW50IjoicG9zdF9saW5rX3VybF9wYWdlIiwic2V0dGluZ3MiOnsicG9zdF9pZCI6IjI0OTg0NCJ9fQ==@&#8220; button_text=&#8220;Auslieferungen&#8220; button_alignment=&#8220;left&#8220; _builder_version=&#8220;4.17.3&#8243; _dynamic_attributes=&#8220;button_url&#8220; _module_preset=&#8220;default&#8220; custom_button=&#8220;on&#8220; button_text_color=&#8220;#3a3a3a&#8220; button_bg_color=&#8220;#ffffff&#8220; button_border_width=&#8220;0px&#8220; button_border_radius=&#8220;6px&#8220; button_letter_spacing=&#8220;0px&#8220; button_font=&#8220;GIL SANS mt book||||||||&#8220; button_icon_color=&#8220;#e02b20&#8243; button_icon_placement=&#8220;left&#8220; button_on_hover=&#8220;off&#8220; custom_margin=&#8220;0px||||false|false&#8220; box_shadow_style=&#8220;preset6&#8243; global_colors_info=&#8220;{}&#8220; transform_styles__hover_enabled=&#8220;on|hover&#8220; transform_scale__hover=&#8220;120%|120%&#8220; transform_scale__hover_enabled=&#8220;on|hover&#8220; transform_translate__hover_enabled=&#8220;on|desktop&#8220; transform_rotate__hover_enabled=&#8220;on|desktop&#8220; transform_skew__hover_enabled=&#8220;on|desktop&#8220; transform_origin__hover_enabled=&#8220;on|desktop&#8220; button_text_size__hover_enabled=&#8220;on|hover&#8220;][\/et_pb_button][\/et_pb_column][\/et_pb_row][\/et_pb_section]<\/p>\n","protected":false},"excerpt":{"rendered":"<p>TLFA 1000 f\u00fcr M\u00f6nchdorf Typ TLFA 1000 Kunde Freiwillige Feuerwehr M\u00f6nchdorf Land \u00d6sterreich Fahrgestell IVECO Daily 70C21 Motorleistung 150 kW (204 PS), Euro 5b Radstand 3.750 mm Besatzung 1 + 8 Pumpen-Nennleistung 1.000 l\/min bei 10 bar Wasserbeh\u00e4lter \/ Schaumbeh\u00e4lter 1.000 l- \/ &#8211; Fahrzeugabmessungen 6.500 x 2.220 x 2.900 mm Aufbau-Details AluFire3 Aufbau Halterung [&hellip;]<\/p>\n","protected":false},"author":2,"featured_media":0,"parent":0,"menu_order":0,"comment_status":"closed","ping_status":"closed","template":"","meta":{"_et_pb_use_builder":"on","_et_pb_old_content":"","_et_gb_content_width":"","footnotes":""},"class_list":["post-250573","page","type-page","status-publish","hentry"],"yoast_head":"<!-- This site is optimized with the Yoast SEO plugin v27.1.1 - https:\/\/yoast.com\/product\/yoast-seo-wordpress\/ -->\n<title>TLFA 1000 M\u00f6nchdorf - Magirus - Lohr GmbH<\/title>\n<meta name=\"robots\" content=\"index, follow, max-snippet:-1, max-image-preview:large, max-video-preview:-1\" \/>\n<link rel=\"canonical\" href=\"https:\/\/www.magirus-lohr.at\/homepage\/tlfa-1000-moenchdorf\/\" \/>\n<meta property=\"og:locale\" content=\"de_DE\" \/>\n<meta property=\"og:type\" content=\"article\" \/>\n<meta property=\"og:title\" content=\"TLFA 1000 M\u00f6nchdorf - Magirus - Lohr GmbH\" \/>\n<meta property=\"og:description\" content=\"TLFA 1000 f\u00fcr M\u00f6nchdorf Typ TLFA 1000 Kunde Freiwillige Feuerwehr M\u00f6nchdorf Land \u00d6sterreich Fahrgestell IVECO Daily 70C21 Motorleistung 150 kW (204 PS), Euro 5b Radstand 3.750 mm Besatzung 1 + 8 Pumpen-Nennleistung 1.000 l\/min bei 10 bar Wasserbeh\u00e4lter \/ Schaumbeh\u00e4lter 1.000 l- \/ - Fahrzeugabmessungen 6.500 x 2.220 x 2.900 mm Aufbau-Details AluFire3 Aufbau Halterung [&hellip;]\" \/>\n<meta property=\"og:url\" content=\"https:\/\/www.magirus-lohr.at\/homepage\/tlfa-1000-moenchdorf\/\" \/>\n<meta property=\"og:site_name\" content=\"Magirus - Lohr GmbH\" \/>\n<meta property=\"article:publisher\" content=\"https:\/\/www.facebook.com\/magiruslohr\/\" \/>\n<meta property=\"article:modified_time\" content=\"2022-05-11T12:11:37+00:00\" \/>\n<meta name=\"twitter:card\" content=\"summary_large_image\" \/>\n<meta name=\"twitter:label1\" content=\"Gesch\u00e4tzte Lesezeit\" \/>\n\t<meta name=\"twitter:data1\" content=\"3\u00a0Minuten\" \/>\n<script type=\"application\/ld+json\" class=\"yoast-schema-graph\">{\"@context\":\"https:\/\/schema.org\",\"@graph\":[{\"@type\":\"WebPage\",\"@id\":\"https:\/\/www.magirus-lohr.at\/homepage\/tlfa-1000-moenchdorf\/\",\"url\":\"https:\/\/www.magirus-lohr.at\/homepage\/tlfa-1000-moenchdorf\/\",\"name\":\"TLFA 1000 M\u00f6nchdorf - Magirus - Lohr GmbH\",\"isPartOf\":{\"@id\":\"https:\/\/www.magirus-lohr.at\/homepage\/#website\"},\"datePublished\":\"2022-03-28T09:59:11+00:00\",\"dateModified\":\"2022-05-11T12:11:37+00:00\",\"breadcrumb\":{\"@id\":\"https:\/\/www.magirus-lohr.at\/homepage\/tlfa-1000-moenchdorf\/#breadcrumb\"},\"inLanguage\":\"de\",\"potentialAction\":[{\"@type\":\"ReadAction\",\"target\":[\"https:\/\/www.magirus-lohr.at\/homepage\/tlfa-1000-moenchdorf\/\"]}]},{\"@type\":\"BreadcrumbList\",\"@id\":\"https:\/\/www.magirus-lohr.at\/homepage\/tlfa-1000-moenchdorf\/#breadcrumb\",\"itemListElement\":[{\"@type\":\"ListItem\",\"position\":1,\"name\":\"Startseite\",\"item\":\"https:\/\/www.magirus-lohr.at\/homepage\/\"},{\"@type\":\"ListItem\",\"position\":2,\"name\":\"TLFA 1000 M\u00f6nchdorf\"}]},{\"@type\":\"WebSite\",\"@id\":\"https:\/\/www.magirus-lohr.at\/homepage\/#website\",\"url\":\"https:\/\/www.magirus-lohr.at\/homepage\/\",\"name\":\"Magirus - Lohr GmbH\",\"description\":\"Serving Heroes. Since 1864.\",\"publisher\":{\"@id\":\"https:\/\/www.magirus-lohr.at\/homepage\/#organization\"},\"potentialAction\":[{\"@type\":\"SearchAction\",\"target\":{\"@type\":\"EntryPoint\",\"urlTemplate\":\"https:\/\/www.magirus-lohr.at\/homepage\/?s={search_term_string}\"},\"query-input\":{\"@type\":\"PropertyValueSpecification\",\"valueRequired\":true,\"valueName\":\"search_term_string\"}}],\"inLanguage\":\"de\"},{\"@type\":\"Organization\",\"@id\":\"https:\/\/www.magirus-lohr.at\/homepage\/#organization\",\"name\":\"Magirus Lohr GmbH\",\"url\":\"https:\/\/www.magirus-lohr.at\/homepage\/\",\"logo\":{\"@type\":\"ImageObject\",\"inLanguage\":\"de\",\"@id\":\"https:\/\/www.magirus-lohr.at\/homepage\/#\/schema\/logo\/image\/\",\"url\":\"https:\/\/www.magirus-lohr.at\/homepage\/wp-content\/uploads\/2020\/12\/Magirus_Lohr_RGB1.png\",\"contentUrl\":\"https:\/\/www.magirus-lohr.at\/homepage\/wp-content\/uploads\/2020\/12\/Magirus_Lohr_RGB1.png\",\"width\":1006,\"height\":225,\"caption\":\"Magirus Lohr GmbH\"},\"image\":{\"@id\":\"https:\/\/www.magirus-lohr.at\/homepage\/#\/schema\/logo\/image\/\"},\"sameAs\":[\"https:\/\/www.facebook.com\/magiruslohr\/\"]}]}<\/script>\n<!-- \/ Yoast SEO plugin. -->","yoast_head_json":{"title":"TLFA 1000 M\u00f6nchdorf - Magirus - Lohr GmbH","robots":{"index":"index","follow":"follow","max-snippet":"max-snippet:-1","max-image-preview":"max-image-preview:large","max-video-preview":"max-video-preview:-1"},"canonical":"https:\/\/www.magirus-lohr.at\/homepage\/tlfa-1000-moenchdorf\/","og_locale":"de_DE","og_type":"article","og_title":"TLFA 1000 M\u00f6nchdorf - Magirus - Lohr GmbH","og_description":"TLFA 1000 f\u00fcr M\u00f6nchdorf Typ TLFA 1000 Kunde Freiwillige Feuerwehr M\u00f6nchdorf Land \u00d6sterreich Fahrgestell IVECO Daily 70C21 Motorleistung 150 kW (204 PS), Euro 5b Radstand 3.750 mm Besatzung 1 + 8 Pumpen-Nennleistung 1.000 l\/min bei 10 bar Wasserbeh\u00e4lter \/ Schaumbeh\u00e4lter 1.000 l- \/ - Fahrzeugabmessungen 6.500 x 2.220 x 2.900 mm Aufbau-Details AluFire3 Aufbau Halterung [&hellip;]","og_url":"https:\/\/www.magirus-lohr.at\/homepage\/tlfa-1000-moenchdorf\/","og_site_name":"Magirus - Lohr GmbH","article_publisher":"https:\/\/www.facebook.com\/magiruslohr\/","article_modified_time":"2022-05-11T12:11:37+00:00","twitter_card":"summary_large_image","twitter_misc":{"Gesch\u00e4tzte Lesezeit":"3\u00a0Minuten"},"schema":{"@context":"https:\/\/schema.org","@graph":[{"@type":"WebPage","@id":"https:\/\/www.magirus-lohr.at\/homepage\/tlfa-1000-moenchdorf\/","url":"https:\/\/www.magirus-lohr.at\/homepage\/tlfa-1000-moenchdorf\/","name":"TLFA 1000 M\u00f6nchdorf - Magirus - Lohr GmbH","isPartOf":{"@id":"https:\/\/www.magirus-lohr.at\/homepage\/#website"},"datePublished":"2022-03-28T09:59:11+00:00","dateModified":"2022-05-11T12:11:37+00:00","breadcrumb":{"@id":"https:\/\/www.magirus-lohr.at\/homepage\/tlfa-1000-moenchdorf\/#breadcrumb"},"inLanguage":"de","potentialAction":[{"@type":"ReadAction","target":["https:\/\/www.magirus-lohr.at\/homepage\/tlfa-1000-moenchdorf\/"]}]},{"@type":"BreadcrumbList","@id":"https:\/\/www.magirus-lohr.at\/homepage\/tlfa-1000-moenchdorf\/#breadcrumb","itemListElement":[{"@type":"ListItem","position":1,"name":"Startseite","item":"https:\/\/www.magirus-lohr.at\/homepage\/"},{"@type":"ListItem","position":2,"name":"TLFA 1000 M\u00f6nchdorf"}]},{"@type":"WebSite","@id":"https:\/\/www.magirus-lohr.at\/homepage\/#website","url":"https:\/\/www.magirus-lohr.at\/homepage\/","name":"Magirus - Lohr GmbH","description":"Serving Heroes. Since 1864.","publisher":{"@id":"https:\/\/www.magirus-lohr.at\/homepage\/#organization"},"potentialAction":[{"@type":"SearchAction","target":{"@type":"EntryPoint","urlTemplate":"https:\/\/www.magirus-lohr.at\/homepage\/?s={search_term_string}"},"query-input":{"@type":"PropertyValueSpecification","valueRequired":true,"valueName":"search_term_string"}}],"inLanguage":"de"},{"@type":"Organization","@id":"https:\/\/www.magirus-lohr.at\/homepage\/#organization","name":"Magirus Lohr GmbH","url":"https:\/\/www.magirus-lohr.at\/homepage\/","logo":{"@type":"ImageObject","inLanguage":"de","@id":"https:\/\/www.magirus-lohr.at\/homepage\/#\/schema\/logo\/image\/","url":"https:\/\/www.magirus-lohr.at\/homepage\/wp-content\/uploads\/2020\/12\/Magirus_Lohr_RGB1.png","contentUrl":"https:\/\/www.magirus-lohr.at\/homepage\/wp-content\/uploads\/2020\/12\/Magirus_Lohr_RGB1.png","width":1006,"height":225,"caption":"Magirus Lohr GmbH"},"image":{"@id":"https:\/\/www.magirus-lohr.at\/homepage\/#\/schema\/logo\/image\/"},"sameAs":["https:\/\/www.facebook.com\/magiruslohr\/"]}]}},"_links":{"self":[{"href":"https:\/\/www.magirus-lohr.at\/homepage\/wp-json\/wp\/v2\/pages\/250573","targetHints":{"allow":["GET"]}}],"collection":[{"href":"https:\/\/www.magirus-lohr.at\/homepage\/wp-json\/wp\/v2\/pages"}],"about":[{"href":"https:\/\/www.magirus-lohr.at\/homepage\/wp-json\/wp\/v2\/types\/page"}],"author":[{"embeddable":true,"href":"https:\/\/www.magirus-lohr.at\/homepage\/wp-json\/wp\/v2\/users\/2"}],"replies":[{"embeddable":true,"href":"https:\/\/www.magirus-lohr.at\/homepage\/wp-json\/wp\/v2\/comments?post=250573"}],"version-history":[{"count":9,"href":"https:\/\/www.magirus-lohr.at\/homepage\/wp-json\/wp\/v2\/pages\/250573\/revisions"}],"predecessor-version":[{"id":251037,"href":"https:\/\/www.magirus-lohr.at\/homepage\/wp-json\/wp\/v2\/pages\/250573\/revisions\/251037"}],"wp:attachment":[{"href":"https:\/\/www.magirus-lohr.at\/homepage\/wp-json\/wp\/v2\/media?parent=250573"}],"curies":[{"name":"wp","href":"https:\/\/api.w.org\/{rel}","templated":true}]}}