{"id":250865,"date":"2022-04-25T14:45:07","date_gmt":"2022-04-25T12:45:07","guid":{"rendered":"https:\/\/www.magirus-lohr.at\/homepage\/?page_id=250865"},"modified":"2022-04-25T14:54:25","modified_gmt":"2022-04-25T12:54:25","slug":"koglhof-klfa","status":"publish","type":"page","link":"https:\/\/www.magirus-lohr.at\/homepage\/koglhof-klfa\/","title":{"rendered":"Koglhof KLFA"},"content":{"rendered":"<p>[et_pb_section fb_built=&#8220;1&#8243; fullwidth=&#8220;on&#8220; _builder_version=&#8220;4.16&#8243; _module_preset=&#8220;default&#8220; locked=&#8220;off&#8220; global_colors_info=&#8220;{}&#8220;][et_pb_fullwidth_image src=&#8220;https:\/\/www.magirus-lohr.at\/homepage\/wp-content\/uploads\/2020\/12\/1Auslieferungen-3-1-scaled.jpg&#8220; title_text=&#8220;1Auslieferungen-3-1&#8243; _builder_version=&#8220;4.16&#8243; _module_preset=&#8220;default&#8220; width=&#8220;1440px&#8220; width_tablet=&#8220;100%&#8220; width_phone=&#8220;100%&#8220; width_last_edited=&#8220;on|phone&#8220; max_width=&#8220;100%&#8220; module_alignment=&#8220;center&#8220; custom_margin=&#8220;0px||||false|false&#8220; custom_margin_tablet=&#8220;-8px||||false|false&#8220; custom_margin_phone=&#8220;-7px||||false|false&#8220; custom_margin_last_edited=&#8220;on|tablet&#8220; custom_padding=&#8220;79px||||false|false&#8220; global_colors_info=&#8220;{}&#8220;][\/et_pb_fullwidth_image][\/et_pb_section][et_pb_section fb_built=&#8220;1&#8243; _builder_version=&#8220;4.16&#8243; _module_preset=&#8220;default&#8220; background_image=&#8220;https:\/\/www.magirus-lohr.at\/homepage\/wp-content\/uploads\/2020\/11\/body-bg.jpg&#8220; custom_padding=&#8220;5px||0px|||&#8220; border_width_bottom=&#8220;2px&#8220; global_colors_info=&#8220;{}&#8220;][et_pb_row _builder_version=&#8220;4.16&#8243; _module_preset=&#8220;default&#8220; custom_padding=&#8220;2px||2px|||&#8220; global_colors_info=&#8220;{}&#8220;][et_pb_column type=&#8220;4_4&#8243; _builder_version=&#8220;4.16&#8243; _module_preset=&#8220;default&#8220; global_colors_info=&#8220;{}&#8220;][et_pb_text disabled_on=&#8220;on|on|on&#8220; _builder_version=&#8220;4.16&#8243; _module_preset=&#8220;default&#8220; disabled=&#8220;on&#8220; global_colors_info=&#8220;{}&#8220;]<\/p>\n\t\t\t<!-- Flexy Breadcrumb -->\r\n\t\t\t<div class=\"fbc fbc-page\">\r\n\r\n\t\t\t\t<!-- Breadcrumb wrapper -->\r\n\t\t\t\t<div class=\"fbc-wrap\">\r\n\r\n\t\t\t\t\t<!-- Ordered list-->\r\n\t\t\t\t\t<ol class=\"fbc-items\" itemscope itemtype=\"https:\/\/schema.org\/BreadcrumbList\">\r\n\t\t\t\t\t\t            <li itemprop=\"itemListElement\" itemscope itemtype=\"https:\/\/schema.org\/ListItem\">\r\n                <span itemprop=\"name\">\r\n                    <!-- Home Link -->\r\n                    <a itemprop=\"item\" href=\"https:\/\/www.magirus-lohr.at\/homepage\">\r\n                    \r\n                                                    <i class=\"fa fa-home\" aria-hidden=\"true\"><\/i>Home                    <\/a>\r\n                <\/span>\r\n                <meta itemprop=\"position\" content=\"1\" \/><!-- Meta Position-->\r\n             <\/li><li><span class=\"fbc-separator\">><\/span><\/li><li class=\"active\" itemprop=\"itemListElement\" itemscope itemtype=\"https:\/\/schema.org\/ListItem\"><span itemprop=\"name\" title=\"Koglhof KLFA\">Koglhof KLFA<\/span><meta itemprop=\"position\" content=\"2\" \/><\/li>\t\t\t\t\t<\/ol>\r\n\t\t\t\t\t<div class=\"clearfix\"><\/div>\r\n\t\t\t\t<\/div>\r\n\t\t\t<\/div>\r\n\t\t\t\n<p>[\/et_pb_text][\/et_pb_column][\/et_pb_row][et_pb_row column_structure=&#8220;1_2,1_2&#8243; _builder_version=&#8220;4.16&#8243; _module_preset=&#8220;default&#8220; min_height=&#8220;248px&#8220; custom_padding=&#8220;||0px|||&#8220; border_color_all=&#8220;rgba(0,0,0,0)&#8220; border_width_bottom=&#8220;3px&#8220; global_colors_info=&#8220;{}&#8220;][et_pb_column type=&#8220;1_2&#8243; _builder_version=&#8220;4.16&#8243; _module_preset=&#8220;default&#8220; border_color_all=&#8220;#e02b20&#8243; global_colors_info=&#8220;{}&#8220;][et_pb_gallery gallery_ids=&#8220;250870,250871&#8243; fullwidth=&#8220;on&#8220; _builder_version=&#8220;4.17.3&#8243; _module_preset=&#8220;default&#8220; pagination_text_color=&#8220;#000000&#8243; animation_style=&#8220;zoom&#8220; border_radii=&#8220;on|10px|10px|10px|10px&#8220; box_shadow_style=&#8220;preset2&#8243; global_colors_info=&#8220;{}&#8220;][\/et_pb_gallery][\/et_pb_column][et_pb_column type=&#8220;1_2&#8243; _builder_version=&#8220;4.16&#8243; _module_preset=&#8220;default&#8220; global_colors_info=&#8220;{}&#8220;][et_pb_text _builder_version=&#8220;4.17.3&#8243; _module_preset=&#8220;default&#8220; header_4_font=&#8220;Open Sans||||||||&#8220; border_color_all=&#8220;rgba(0,0,0,0)&#8220; border_color_bottom=&#8220;#000000&#8243; global_colors_info=&#8220;{}&#8220;]<\/p>\n<h1>KLFA f\u00fcr Koglhof<\/h1>\n<table style=\"width: 522px; height: 384px; float: left;\" height=\"297\">\n<caption><\/caption>\n<tbody>\n<tr>\n<td style=\"width: 231.453px;\"><strong>Typ<\/strong><\/td>\n<td style=\"width: 274.547px;\"><span>KLFA<\/span><\/td>\n<\/tr>\n<tr>\n<td style=\"width: 231.453px;\">\n<div class=\"delivery__detail__item--data__label\"><strong>Kunde<\/strong><\/div>\n<\/td>\n<td style=\"width: 274.547px;\"><span>Freiwillige Feuerwehr Koglhof<\/span><\/td>\n<\/tr>\n<tr>\n<td style=\"width: 231.453px;\">\n<div class=\"delivery__detail__item--data__label\"><strong>Land<\/strong><\/div>\n<\/td>\n<td style=\"width: 274.547px;\">\u00d6sterreich<\/td>\n<\/tr>\n<tr>\n<td style=\"width: 231.453px;\">\n<div class=\"delivery__detail__item--data__label\"><strong>Fahrgestell<\/strong><\/div>\n<\/td>\n<td style=\"width: 274.547px;\"><span>Mercedes Sprinter 516CDI, <br \/>4 x 4\u00a0<\/span><\/td>\n<\/tr>\n<tr>\n<td style=\"width: 231.453px;\">\n<div class=\"delivery__detail__item--data__label\"><strong>Motorleistung<\/strong><\/div>\n<\/td>\n<td style=\"width: 274.547px;\">\n<div class=\"delivery__detail__item--data__field\"><span>140 kW (190 PS), Euro 6<\/span><\/div>\n<\/td>\n<\/tr>\n<tr>\n<td style=\"width: 231.453px;\">\n<div class=\"delivery__detail__item--data__label\"><strong>Radstand<\/strong><\/div>\n<\/td>\n<td style=\"width: 274.547px;\">\n<div class=\"delivery__detail__item--data__field\"><span>3.665 mm<\/span><\/div>\n<\/td>\n<\/tr>\n<tr>\n<td style=\"width: 231.453px;\">\n<div class=\"delivery__detail__item--data__label\"><strong>Besatzung<\/strong><\/div>\n<\/td>\n<td style=\"width: 274.547px;\"><span>1 + 8<\/span><\/td>\n<\/tr>\n<tr>\n<td style=\"width: 231.453px;\"><strong>Pumpen-Nennleistung<\/strong><\/td>\n<td style=\"width: 274.547px;\"><span>&#8211; \/ &#8211;<\/span><\/td>\n<\/tr>\n<tr>\n<td style=\"width: 231.453px;\">\n<div class=\"delivery__detail__item--data__label\"><strong>Wasserbeh\u00e4lter \/ Schaumbeh\u00e4lte<\/strong>r<\/div>\n<\/td>\n<td style=\"width: 274.547px;\"><span>&#8211; \/ &#8211;<br \/>&#8211; \/ &#8211;<\/span><\/td>\n<\/tr>\n<tr>\n<td style=\"width: 231.453px;\">\n<div class=\"delivery__detail__item--data__label\"><strong>Fahrzeugabmessungen<\/strong><\/div>\n<\/td>\n<td style=\"width: 274.547px;\"><span>6.200 x 2.250 x 2.950 mm<\/span><\/td>\n<\/tr>\n<\/tbody>\n<\/table>\n<p>&nbsp;<\/p>\n<p>[\/et_pb_text][\/et_pb_column][\/et_pb_row][\/et_pb_section][et_pb_section fb_built=&#8220;1&#8243; _builder_version=&#8220;4.16&#8243; _module_preset=&#8220;default&#8220; background_image=&#8220;https:\/\/www.magirus-lohr.at\/homepage\/wp-content\/uploads\/2020\/11\/body_1-bg.jpg&#8220; global_colors_info=&#8220;{}&#8220;][et_pb_row column_structure=&#8220;1_2,1_2&#8243; _builder_version=&#8220;4.16&#8243; _module_preset=&#8220;default&#8220; global_colors_info=&#8220;{}&#8220;][et_pb_column type=&#8220;1_2&#8243; _builder_version=&#8220;4.16&#8243; _module_preset=&#8220;default&#8220; global_colors_info=&#8220;{}&#8220;][et_pb_text _builder_version=&#8220;4.17.3&#8243; _module_preset=&#8220;default&#8220; global_colors_info=&#8220;{}&#8220;]<\/p>\n<h2>Aufbau-Details<\/h2>\n<div class=\"delivery__detail__item--row\">\n<div class=\"delivery__detail__item--left\">\n<div>\n<div>\n<ul>\n<li>AluFire3 Aufbau<\/li>\n<li>Absenkschiene f\u00fcr Tragkraftspritze<\/li>\n<li>3 Atemschutzger\u00e4te im Mannschaftsraum<\/li>\n<li>Magirus HMI-Bedieneinheit f\u00fcr eine einfache und verst\u00e4ndliche Bedienung des Fahrzeugs<\/li>\n<li>Durchgehende Umfeld- und Ger\u00e4teraumbeleuchtung zur gleichm\u00e4\u00dfigen Ausleuchtung<\/li>\n<li>Motors\u00e4ge<\/li>\n<li>Stromgenerator<\/li>\n<li>R\u00fcckfahrkamera<\/li>\n<\/ul>\n<\/div>\n<\/div>\n<div><\/div>\n<div><\/div>\n<p>&nbsp;<\/p>\n<\/div>\n<\/div>\n<div class=\"delivery__detail__item--row\">\n<div class=\"delivery__detail__item--left\">\n<div>\n<div><\/div>\n<\/div>\n<\/div>\n<\/div>\n<div class=\"delivery__detail__item--row\">\n<div class=\"delivery__detail__item--left\"><\/div>\n<\/div>\n<p>[\/et_pb_text][\/et_pb_column][et_pb_column type=&#8220;1_2&#8243; _builder_version=&#8220;4.16&#8243; _module_preset=&#8220;default&#8220; global_colors_info=&#8220;{}&#8220;][et_pb_gallery gallery_ids=&#8220;250869,250868&#8243; fullwidth=&#8220;on&#8220; _builder_version=&#8220;4.17.3&#8243; _module_preset=&#8220;default&#8220; pagination_text_color=&#8220;#000000&#8243; animation_style=&#8220;zoom&#8220; border_radii=&#8220;on|10px|10px|10px|10px&#8220; box_shadow_style=&#8220;preset2&#8243; global_colors_info=&#8220;{}&#8220;][\/et_pb_gallery][\/et_pb_column][\/et_pb_row][et_pb_row _builder_version=&#8220;4.16&#8243; _module_preset=&#8220;default&#8220; locked=&#8220;off&#8220; global_colors_info=&#8220;{}&#8220;][et_pb_column type=&#8220;4_4&#8243; _builder_version=&#8220;4.16&#8243; _module_preset=&#8220;default&#8220; global_colors_info=&#8220;{}&#8220;][et_pb_button button_url=&#8220;@ET-DC@eyJkeW5hbWljIjp0cnVlLCJjb250ZW50IjoicG9zdF9saW5rX3VybF9wYWdlIiwic2V0dGluZ3MiOnsicG9zdF9pZCI6IjI0OTg0NCJ9fQ==@&#8220; button_text=&#8220;Auslieferungen&#8220; button_alignment=&#8220;left&#8220; _builder_version=&#8220;4.17.3&#8243; _dynamic_attributes=&#8220;button_url&#8220; _module_preset=&#8220;default&#8220; custom_button=&#8220;on&#8220; button_text_color=&#8220;#3a3a3a&#8220; button_bg_color=&#8220;#ffffff&#8220; button_border_width=&#8220;0px&#8220; button_border_radius=&#8220;6px&#8220; button_letter_spacing=&#8220;0px&#8220; button_font=&#8220;GIL SANS mt book||||||||&#8220; button_icon_color=&#8220;#3a3a3a&#8220; button_icon_placement=&#8220;left&#8220; button_on_hover=&#8220;off&#8220; custom_margin=&#8220;0px||||false|false&#8220; box_shadow_style=&#8220;preset6&#8243; global_colors_info=&#8220;{}&#8220; transform_styles__hover_enabled=&#8220;on|hover&#8220; transform_scale__hover=&#8220;120%|120%&#8220; transform_scale__hover_enabled=&#8220;on|hover&#8220; transform_translate__hover_enabled=&#8220;on|desktop&#8220; transform_rotate__hover_enabled=&#8220;on|desktop&#8220; transform_skew__hover_enabled=&#8220;on|desktop&#8220; transform_origin__hover_enabled=&#8220;on|desktop&#8220; button_text_size__hover_enabled=&#8220;on|hover&#8220;][\/et_pb_button][\/et_pb_column][\/et_pb_row][\/et_pb_section]<\/p>\n","protected":false},"excerpt":{"rendered":"<p>\t\t\t<!-- Flexy Breadcrumb -->\r\n\t\t\t<div class=\"fbc fbc-page\">\r\n\r\n\t\t\t\t<!-- Breadcrumb wrapper -->\r\n\t\t\t\t<div class=\"fbc-wrap\">\r\n\r\n\t\t\t\t\t<!-- Ordered list-->\r\n\t\t\t\t\t<ol class=\"fbc-items\" itemscope itemtype=\"https:\/\/schema.org\/BreadcrumbList\">\r\n\t\t\t\t\t\t            <li itemprop=\"itemListElement\" itemscope itemtype=\"https:\/\/schema.org\/ListItem\">\r\n                <span itemprop=\"name\">\r\n                    <!-- Home Link -->\r\n                    <a itemprop=\"item\" href=\"https:\/\/www.magirus-lohr.at\/homepage\">\r\n                    \r\n                                                    <i class=\"fa fa-home\" aria-hidden=\"true\"><\/i>Home                    <\/a>\r\n                <\/span>\r\n                <meta itemprop=\"position\" content=\"1\" \/><!-- Meta Position-->\r\n             <\/li><li><span class=\"fbc-separator\">><\/span><\/li><li class=\"active\" itemprop=\"itemListElement\" itemscope itemtype=\"https:\/\/schema.org\/ListItem\"><span itemprop=\"name\" title=\"Koglhof KLFA\">Koglhof KLFA<\/span><meta itemprop=\"position\" content=\"2\" \/><\/li>\t\t\t\t\t<\/ol>\r\n\t\t\t\t\t<div class=\"clearfix\"><\/div>\r\n\t\t\t\t<\/div>\r\n\t\t\t<\/div>\r\n\t\t\tKLFA f\u00fcr Koglhof Typ KLFA Kunde Freiwillige Feuerwehr Koglhof Land \u00d6sterreich Fahrgestell Mercedes Sprinter 516CDI, 4 x 4\u00a0 Motorleistung 140 kW (190 PS), Euro 6 Radstand 3.665 mm Besatzung 1 + 8 Pumpen-Nennleistung &#8211; \/ &#8211; Wasserbeh\u00e4lter \/ Schaumbeh\u00e4lter &#8211; \/ &#8212; \/ &#8211; Fahrzeugabmessungen 6.200 x 2.250 x 2.950 mm &nbsp;Aufbau-Details AluFire3 Aufbau Absenkschiene [&hellip;]<\/p>\n","protected":false},"author":2,"featured_media":0,"parent":0,"menu_order":0,"comment_status":"closed","ping_status":"closed","template":"","meta":{"_et_pb_use_builder":"on","_et_pb_old_content":"","_et_gb_content_width":"","footnotes":""},"class_list":["post-250865","page","type-page","status-publish","hentry"],"yoast_head":"<!-- This site is optimized with the Yoast SEO plugin v27.1.1 - https:\/\/yoast.com\/product\/yoast-seo-wordpress\/ -->\n<title>Koglhof KLFA - Magirus - Lohr GmbH<\/title>\n<meta name=\"robots\" content=\"index, follow, max-snippet:-1, max-image-preview:large, max-video-preview:-1\" \/>\n<link rel=\"canonical\" href=\"https:\/\/www.magirus-lohr.at\/homepage\/koglhof-klfa\/\" \/>\n<meta property=\"og:locale\" content=\"de_DE\" \/>\n<meta property=\"og:type\" content=\"article\" \/>\n<meta property=\"og:title\" content=\"Koglhof KLFA - Magirus - Lohr GmbH\" \/>\n<meta property=\"og:description\" content=\"KLFA f\u00fcr Koglhof Typ KLFA Kunde Freiwillige Feuerwehr Koglhof Land \u00d6sterreich Fahrgestell Mercedes Sprinter 516CDI, 4 x 4\u00a0 Motorleistung 140 kW (190 PS), Euro 6 Radstand 3.665 mm Besatzung 1 + 8 Pumpen-Nennleistung - \/ - Wasserbeh\u00e4lter \/ Schaumbeh\u00e4lter - \/ -- \/ - Fahrzeugabmessungen 6.200 x 2.250 x 2.950 mm &nbsp;Aufbau-Details AluFire3 Aufbau Absenkschiene [&hellip;]\" \/>\n<meta property=\"og:url\" content=\"https:\/\/www.magirus-lohr.at\/homepage\/koglhof-klfa\/\" \/>\n<meta property=\"og:site_name\" content=\"Magirus - Lohr GmbH\" \/>\n<meta property=\"article:publisher\" content=\"https:\/\/www.facebook.com\/magiruslohr\/\" \/>\n<meta property=\"article:modified_time\" content=\"2022-04-25T12:54:25+00:00\" \/>\n<meta name=\"twitter:card\" content=\"summary_large_image\" \/>\n<meta name=\"twitter:label1\" content=\"Gesch\u00e4tzte Lesezeit\" \/>\n\t<meta name=\"twitter:data1\" content=\"3\u00a0Minuten\" \/>\n<script type=\"application\/ld+json\" class=\"yoast-schema-graph\">{\"@context\":\"https:\/\/schema.org\",\"@graph\":[{\"@type\":\"WebPage\",\"@id\":\"https:\/\/www.magirus-lohr.at\/homepage\/koglhof-klfa\/\",\"url\":\"https:\/\/www.magirus-lohr.at\/homepage\/koglhof-klfa\/\",\"name\":\"Koglhof KLFA - Magirus - Lohr GmbH\",\"isPartOf\":{\"@id\":\"https:\/\/www.magirus-lohr.at\/homepage\/#website\"},\"datePublished\":\"2022-04-25T12:45:07+00:00\",\"dateModified\":\"2022-04-25T12:54:25+00:00\",\"breadcrumb\":{\"@id\":\"https:\/\/www.magirus-lohr.at\/homepage\/koglhof-klfa\/#breadcrumb\"},\"inLanguage\":\"de\",\"potentialAction\":[{\"@type\":\"ReadAction\",\"target\":[\"https:\/\/www.magirus-lohr.at\/homepage\/koglhof-klfa\/\"]}]},{\"@type\":\"BreadcrumbList\",\"@id\":\"https:\/\/www.magirus-lohr.at\/homepage\/koglhof-klfa\/#breadcrumb\",\"itemListElement\":[{\"@type\":\"ListItem\",\"position\":1,\"name\":\"Startseite\",\"item\":\"https:\/\/www.magirus-lohr.at\/homepage\/\"},{\"@type\":\"ListItem\",\"position\":2,\"name\":\"Koglhof KLFA\"}]},{\"@type\":\"WebSite\",\"@id\":\"https:\/\/www.magirus-lohr.at\/homepage\/#website\",\"url\":\"https:\/\/www.magirus-lohr.at\/homepage\/\",\"name\":\"Magirus - Lohr GmbH\",\"description\":\"Serving Heroes. Since 1864.\",\"publisher\":{\"@id\":\"https:\/\/www.magirus-lohr.at\/homepage\/#organization\"},\"potentialAction\":[{\"@type\":\"SearchAction\",\"target\":{\"@type\":\"EntryPoint\",\"urlTemplate\":\"https:\/\/www.magirus-lohr.at\/homepage\/?s={search_term_string}\"},\"query-input\":{\"@type\":\"PropertyValueSpecification\",\"valueRequired\":true,\"valueName\":\"search_term_string\"}}],\"inLanguage\":\"de\"},{\"@type\":\"Organization\",\"@id\":\"https:\/\/www.magirus-lohr.at\/homepage\/#organization\",\"name\":\"Magirus Lohr GmbH\",\"url\":\"https:\/\/www.magirus-lohr.at\/homepage\/\",\"logo\":{\"@type\":\"ImageObject\",\"inLanguage\":\"de\",\"@id\":\"https:\/\/www.magirus-lohr.at\/homepage\/#\/schema\/logo\/image\/\",\"url\":\"https:\/\/www.magirus-lohr.at\/homepage\/wp-content\/uploads\/2020\/12\/Magirus_Lohr_RGB1.png\",\"contentUrl\":\"https:\/\/www.magirus-lohr.at\/homepage\/wp-content\/uploads\/2020\/12\/Magirus_Lohr_RGB1.png\",\"width\":1006,\"height\":225,\"caption\":\"Magirus Lohr GmbH\"},\"image\":{\"@id\":\"https:\/\/www.magirus-lohr.at\/homepage\/#\/schema\/logo\/image\/\"},\"sameAs\":[\"https:\/\/www.facebook.com\/magiruslohr\/\"]}]}<\/script>\n<!-- \/ Yoast SEO plugin. -->","yoast_head_json":{"title":"Koglhof KLFA - Magirus - Lohr GmbH","robots":{"index":"index","follow":"follow","max-snippet":"max-snippet:-1","max-image-preview":"max-image-preview:large","max-video-preview":"max-video-preview:-1"},"canonical":"https:\/\/www.magirus-lohr.at\/homepage\/koglhof-klfa\/","og_locale":"de_DE","og_type":"article","og_title":"Koglhof KLFA - Magirus - Lohr GmbH","og_description":"KLFA f\u00fcr Koglhof Typ KLFA Kunde Freiwillige Feuerwehr Koglhof Land \u00d6sterreich Fahrgestell Mercedes Sprinter 516CDI, 4 x 4\u00a0 Motorleistung 140 kW (190 PS), Euro 6 Radstand 3.665 mm Besatzung 1 + 8 Pumpen-Nennleistung - \/ - Wasserbeh\u00e4lter \/ Schaumbeh\u00e4lter - \/ -- \/ - Fahrzeugabmessungen 6.200 x 2.250 x 2.950 mm &nbsp;Aufbau-Details AluFire3 Aufbau Absenkschiene [&hellip;]","og_url":"https:\/\/www.magirus-lohr.at\/homepage\/koglhof-klfa\/","og_site_name":"Magirus - Lohr GmbH","article_publisher":"https:\/\/www.facebook.com\/magiruslohr\/","article_modified_time":"2022-04-25T12:54:25+00:00","twitter_card":"summary_large_image","twitter_misc":{"Gesch\u00e4tzte Lesezeit":"3\u00a0Minuten"},"schema":{"@context":"https:\/\/schema.org","@graph":[{"@type":"WebPage","@id":"https:\/\/www.magirus-lohr.at\/homepage\/koglhof-klfa\/","url":"https:\/\/www.magirus-lohr.at\/homepage\/koglhof-klfa\/","name":"Koglhof KLFA - Magirus - Lohr GmbH","isPartOf":{"@id":"https:\/\/www.magirus-lohr.at\/homepage\/#website"},"datePublished":"2022-04-25T12:45:07+00:00","dateModified":"2022-04-25T12:54:25+00:00","breadcrumb":{"@id":"https:\/\/www.magirus-lohr.at\/homepage\/koglhof-klfa\/#breadcrumb"},"inLanguage":"de","potentialAction":[{"@type":"ReadAction","target":["https:\/\/www.magirus-lohr.at\/homepage\/koglhof-klfa\/"]}]},{"@type":"BreadcrumbList","@id":"https:\/\/www.magirus-lohr.at\/homepage\/koglhof-klfa\/#breadcrumb","itemListElement":[{"@type":"ListItem","position":1,"name":"Startseite","item":"https:\/\/www.magirus-lohr.at\/homepage\/"},{"@type":"ListItem","position":2,"name":"Koglhof KLFA"}]},{"@type":"WebSite","@id":"https:\/\/www.magirus-lohr.at\/homepage\/#website","url":"https:\/\/www.magirus-lohr.at\/homepage\/","name":"Magirus - Lohr GmbH","description":"Serving Heroes. Since 1864.","publisher":{"@id":"https:\/\/www.magirus-lohr.at\/homepage\/#organization"},"potentialAction":[{"@type":"SearchAction","target":{"@type":"EntryPoint","urlTemplate":"https:\/\/www.magirus-lohr.at\/homepage\/?s={search_term_string}"},"query-input":{"@type":"PropertyValueSpecification","valueRequired":true,"valueName":"search_term_string"}}],"inLanguage":"de"},{"@type":"Organization","@id":"https:\/\/www.magirus-lohr.at\/homepage\/#organization","name":"Magirus Lohr GmbH","url":"https:\/\/www.magirus-lohr.at\/homepage\/","logo":{"@type":"ImageObject","inLanguage":"de","@id":"https:\/\/www.magirus-lohr.at\/homepage\/#\/schema\/logo\/image\/","url":"https:\/\/www.magirus-lohr.at\/homepage\/wp-content\/uploads\/2020\/12\/Magirus_Lohr_RGB1.png","contentUrl":"https:\/\/www.magirus-lohr.at\/homepage\/wp-content\/uploads\/2020\/12\/Magirus_Lohr_RGB1.png","width":1006,"height":225,"caption":"Magirus Lohr GmbH"},"image":{"@id":"https:\/\/www.magirus-lohr.at\/homepage\/#\/schema\/logo\/image\/"},"sameAs":["https:\/\/www.facebook.com\/magiruslohr\/"]}]}},"_links":{"self":[{"href":"https:\/\/www.magirus-lohr.at\/homepage\/wp-json\/wp\/v2\/pages\/250865","targetHints":{"allow":["GET"]}}],"collection":[{"href":"https:\/\/www.magirus-lohr.at\/homepage\/wp-json\/wp\/v2\/pages"}],"about":[{"href":"https:\/\/www.magirus-lohr.at\/homepage\/wp-json\/wp\/v2\/types\/page"}],"author":[{"embeddable":true,"href":"https:\/\/www.magirus-lohr.at\/homepage\/wp-json\/wp\/v2\/users\/2"}],"replies":[{"embeddable":true,"href":"https:\/\/www.magirus-lohr.at\/homepage\/wp-json\/wp\/v2\/comments?post=250865"}],"version-history":[{"count":4,"href":"https:\/\/www.magirus-lohr.at\/homepage\/wp-json\/wp\/v2\/pages\/250865\/revisions"}],"predecessor-version":[{"id":250876,"href":"https:\/\/www.magirus-lohr.at\/homepage\/wp-json\/wp\/v2\/pages\/250865\/revisions\/250876"}],"wp:attachment":[{"href":"https:\/\/www.magirus-lohr.at\/homepage\/wp-json\/wp\/v2\/media?parent=250865"}],"curies":[{"name":"wp","href":"https:\/\/api.w.org\/{rel}","templated":true}]}}