{"id":251157,"date":"2022-05-30T13:59:55","date_gmt":"2022-05-30T11:59:55","guid":{"rendered":"https:\/\/www.magirus-lohr.at\/homepage\/?page_id=251157"},"modified":"2022-05-31T10:14:23","modified_gmt":"2022-05-31T08:14:23","slug":"wolf-r1-ehrwald","status":"publish","type":"page","link":"https:\/\/www.magirus-lohr.at\/homepage\/wolf-r1-ehrwald\/","title":{"rendered":"Wolf R1, Ehrwald"},"content":{"rendered":"<p>[et_pb_section fb_built=&#8220;1&#8243; fullwidth=&#8220;on&#8220; _builder_version=&#8220;4.16&#8243; _module_preset=&#8220;default&#8220; locked=&#8220;off&#8220; global_colors_info=&#8220;{}&#8220;][et_pb_fullwidth_image src=&#8220;https:\/\/www.magirus-lohr.at\/homepage\/wp-content\/uploads\/2020\/12\/1Auslieferungen-3-1-scaled.jpg&#8220; title_text=&#8220;1Auslieferungen-3-1&#8243; _builder_version=&#8220;4.16&#8243; _module_preset=&#8220;default&#8220; width=&#8220;1440px&#8220; width_tablet=&#8220;100%&#8220; width_phone=&#8220;100%&#8220; width_last_edited=&#8220;on|phone&#8220; max_width=&#8220;100%&#8220; module_alignment=&#8220;center&#8220; custom_margin=&#8220;0px||||false|false&#8220; custom_margin_tablet=&#8220;-8px||||false|false&#8220; custom_margin_phone=&#8220;-7px||||false|false&#8220; custom_margin_last_edited=&#8220;on|tablet&#8220; custom_padding=&#8220;79px||||false|false&#8220; global_colors_info=&#8220;{}&#8220;][\/et_pb_fullwidth_image][\/et_pb_section][et_pb_section fb_built=&#8220;1&#8243; _builder_version=&#8220;4.16&#8243; _module_preset=&#8220;default&#8220; background_image=&#8220;https:\/\/www.magirus-lohr.at\/homepage\/wp-content\/uploads\/2020\/11\/body-bg.jpg&#8220; custom_padding=&#8220;5px||0px|||&#8220; border_width_bottom=&#8220;2px&#8220; global_colors_info=&#8220;{}&#8220;][et_pb_row _builder_version=&#8220;4.16&#8243; _module_preset=&#8220;default&#8220; custom_padding=&#8220;2px||2px|||&#8220; global_colors_info=&#8220;{}&#8220;][et_pb_column type=&#8220;4_4&#8243; _builder_version=&#8220;4.16&#8243; _module_preset=&#8220;default&#8220; global_colors_info=&#8220;{}&#8220;][et_pb_text disabled_on=&#8220;on|on|on&#8220; _builder_version=&#8220;4.16&#8243; _module_preset=&#8220;default&#8220; disabled=&#8220;on&#8220; global_colors_info=&#8220;{}&#8220;]<\/p>\n\t\t\t<!-- Flexy Breadcrumb -->\r\n\t\t\t<div class=\"fbc fbc-page\">\r\n\r\n\t\t\t\t<!-- Breadcrumb wrapper -->\r\n\t\t\t\t<div class=\"fbc-wrap\">\r\n\r\n\t\t\t\t\t<!-- Ordered list-->\r\n\t\t\t\t\t<ol class=\"fbc-items\" itemscope itemtype=\"https:\/\/schema.org\/BreadcrumbList\">\r\n\t\t\t\t\t\t            <li itemprop=\"itemListElement\" itemscope itemtype=\"https:\/\/schema.org\/ListItem\">\r\n                <span itemprop=\"name\">\r\n                    <!-- Home Link -->\r\n                    <a itemprop=\"item\" href=\"https:\/\/www.magirus-lohr.at\/homepage\">\r\n                    \r\n                                                    <i class=\"fa fa-home\" aria-hidden=\"true\"><\/i>Home                    <\/a>\r\n                <\/span>\r\n                <meta itemprop=\"position\" content=\"1\" \/><!-- Meta Position-->\r\n             <\/li><li><span class=\"fbc-separator\">><\/span><\/li><li class=\"active\" itemprop=\"itemListElement\" itemscope itemtype=\"https:\/\/schema.org\/ListItem\"><span itemprop=\"name\" title=\"Wolf R1, Ehrwald\">Wolf R1, Ehrwald<\/span><meta itemprop=\"position\" content=\"2\" \/><\/li>\t\t\t\t\t<\/ol>\r\n\t\t\t\t\t<div class=\"clearfix\"><\/div>\r\n\t\t\t\t<\/div>\r\n\t\t\t<\/div>\r\n\t\t\t\n<p>[\/et_pb_text][\/et_pb_column][\/et_pb_row][et_pb_row column_structure=&#8220;1_2,1_2&#8243; _builder_version=&#8220;4.16&#8243; _module_preset=&#8220;default&#8220; min_height=&#8220;248px&#8220; custom_padding=&#8220;||0px|||&#8220; border_color_all=&#8220;rgba(0,0,0,0)&#8220; border_width_bottom=&#8220;3px&#8220; global_colors_info=&#8220;{}&#8220;][et_pb_column type=&#8220;1_2&#8243; _builder_version=&#8220;4.16&#8243; _module_preset=&#8220;default&#8220; border_color_all=&#8220;#e02b20&#8243; global_colors_info=&#8220;{}&#8220;][et_pb_gallery gallery_ids=&#8220;251097,251105&#8243; fullwidth=&#8220;on&#8220; _builder_version=&#8220;4.17.4&#8243; _module_preset=&#8220;default&#8220; pagination_text_color=&#8220;#000000&#8243; animation_style=&#8220;zoom&#8220; border_radii=&#8220;on|10px|10px|10px|10px&#8220; box_shadow_style=&#8220;preset2&#8243; global_colors_info=&#8220;{}&#8220;][\/et_pb_gallery][\/et_pb_column][et_pb_column type=&#8220;1_2&#8243; _builder_version=&#8220;4.16&#8243; _module_preset=&#8220;default&#8220; global_colors_info=&#8220;{}&#8220;][et_pb_text _builder_version=&#8220;4.17.4&#8243; _module_preset=&#8220;default&#8220; header_4_font=&#8220;Open Sans||||||||&#8220; border_color_all=&#8220;rgba(0,0,0,0)&#8220; border_color_bottom=&#8220;#000000&#8243; global_colors_info=&#8220;{}&#8220;]<\/p>\n<h1>Wolf R1 f\u00fcr Ehrwald<\/h1>\n<table style=\"width: 522px; height: 384px; float: left;\" height=\"297\">\n<caption><\/caption>\n<tbody>\n<tr>\n<td style=\"width: 226.3px;\"><strong>Typ<\/strong><\/td>\n<td style=\"width: 279.7px;\"><span>Wolf R1<\/span><\/td>\n<\/tr>\n<tr>\n<td style=\"width: 226.3px;\">\n<div class=\"delivery__detail__item--data__label\"><strong>Kunde<\/strong><\/div>\n<\/td>\n<td style=\"width: 279.7px;\"><span>Freiwillige Feuerwehr Ehrwald<\/span><\/td>\n<\/tr>\n<tr>\n<td style=\"width: 226.3px;\">\n<div class=\"delivery__detail__item--data__label\"><strong>Land<\/strong><\/div>\n<\/td>\n<td style=\"width: 279.7px;\">\u00d6sterreich<\/td>\n<\/tr>\n<tr>\n<td style=\"width: 226.3px;\">\n<div class=\"delivery__detail__item--data__label\"><strong>Fahrgestell<\/strong><\/div>\n<\/td>\n<td style=\"width: 279.7px;\"><span>Iveco Daily 50C18, 4&#215;4<\/span><\/td>\n<\/tr>\n<tr>\n<td style=\"width: 226.3px;\">\n<div class=\"delivery__detail__item--data__label\"><strong>Motorleistung<\/strong><\/div>\n<\/td>\n<td style=\"width: 279.7px;\">\n<div class=\"delivery__detail__item--data__field\"><span>Antrieb 2x 7,5 kW mit 1.050 Nm<\/span><\/div>\n<\/td>\n<\/tr>\n<tr>\n<td style=\"width: 226.3px;\"><strong>Zul\u00e4ssiges Gesamtgewicht<\/strong><\/td>\n<td style=\"width: 279.7px;\"><span>750 kg<\/span><\/td>\n<\/tr>\n<tr>\n<td style=\"width: 226.3px;\">\n<div class=\"delivery__detail__item--data__label\"><strong>Fahrzeugabmessungen<\/strong><\/div>\n<\/td>\n<td style=\"width: 279.7px;\">\n<div class=\"delivery__detail__item--data__field\"><span>1.800 x 1.270 x 1.300 mm<\/span><\/div>\n<\/td>\n<\/tr>\n<\/tbody>\n<\/table>\n<p>&nbsp;<\/p>\n<p>[\/et_pb_text][\/et_pb_column][\/et_pb_row][\/et_pb_section][et_pb_section fb_built=&#8220;1&#8243; _builder_version=&#8220;4.16&#8243; _module_preset=&#8220;default&#8220; background_image=&#8220;https:\/\/www.magirus-lohr.at\/homepage\/wp-content\/uploads\/2020\/11\/body_1-bg.jpg&#8220; global_colors_info=&#8220;{}&#8220;][et_pb_row column_structure=&#8220;1_2,1_2&#8243; _builder_version=&#8220;4.16&#8243; _module_preset=&#8220;default&#8220; global_colors_info=&#8220;{}&#8220;][et_pb_column type=&#8220;1_2&#8243; _builder_version=&#8220;4.16&#8243; _module_preset=&#8220;default&#8220; global_colors_info=&#8220;{}&#8220;][et_pb_text _builder_version=&#8220;4.17.4&#8243; _module_preset=&#8220;default&#8220; global_colors_info=&#8220;{}&#8220;]<\/p>\n<h2><strong>Fahrgestelldaten<\/strong><\/h2>\n<div class=\"delivery__detail__item--row\">\n<div class=\"delivery__detail__item--left\">\n<div>\n<ul>\n<li>Lithium-Ionen Akku, 8,8 kWh mit Temperaturmanagementsystem<\/li>\n<li>Wasser-\/Schaumwerfer: 2.500 l\/min bei 12 bar, Wurfweite: ca. 65 m<\/li>\n<li>Zusatzabgang STORZ-B rechts f\u00fcr L\u00f6scharbeiten im Nahbereich<\/li>\n<li>Edelstahl-Selbstschutz-Rohrrahmen<\/li>\n<li>Seilwinde: ca. 2,3 t Zugkraft, mit ausfahrbaren Krallenst\u00fctze<\/li>\n<li>Kamerasysteme:\n<ul>\n<li>4 UHD Fahrtrichtungskameras statisch, inklusive Druckluftreinigung<\/li>\n<li>1 UHD und Thermalsicht- Kamera dynamisch, inklusive Druckluftreinigung<\/li>\n<\/ul>\n<\/li>\n<li>Beleuchtung\/Lichtpaket\/ Warneinrichtungen:<\/li>\n<ul><\/ul>\n<\/ul>\n<ul>\n<li style=\"list-style-type: none;\">\n<ul>\n<li>12 LED-Scheinwerfer, je 1.900 Lumen, statisch in alle Fahrtrichtungen<\/li>\n<li>2 Scheinwerfer, je 1.900 Lumen, dynamisch am Werfer<\/li>\n<li>Blaulicht Paket mit LED-Blitzer in Fahrtrichtungen und links\/rechts<\/li>\n<\/ul>\n<\/li>\n<li>Anh\u00e4ngerkupplung mit Kugelkopf, abnehmbar<\/li>\n<li>Zugkraft bis zu 4 t<\/li>\n<li>WOLF R1 Schnellwechsel- Logistikbr\u00fccke zur Aufnahme diverser Ausr\u00fcstung<\/li>\n<li>Funkfernsteuerung<\/li>\n<li>Tablet f\u00fcr die Ausgabe der Bild- und Video\u00fcbertragung<\/li>\n<li>Umfangreiche Zusatzausstattung nach Bedarf<\/li>\n<li style=\"list-style-type: none;\">\n<ul><\/ul>\n<\/li>\n<\/ul>\n<\/div>\n<div><\/div>\n<div><\/div>\n<p>&nbsp;<\/p>\n<\/div>\n<\/div>\n<div class=\"delivery__detail__item--row\">\n<div class=\"delivery__detail__item--left\">\n<div>\n<div><\/div>\n<\/div>\n<\/div>\n<\/div>\n<div class=\"delivery__detail__item--row\">\n<div class=\"delivery__detail__item--left\"><\/div>\n<\/div>\n<p>[\/et_pb_text][\/et_pb_column][et_pb_column type=&#8220;1_2&#8243; _builder_version=&#8220;4.16&#8243; _module_preset=&#8220;default&#8220; global_colors_info=&#8220;{}&#8220;][et_pb_gallery gallery_ids=&#8220;251101&#8243; fullwidth=&#8220;on&#8220; _builder_version=&#8220;4.17.4&#8243; _module_preset=&#8220;default&#8220; pagination_text_color=&#8220;#000000&#8243; animation_style=&#8220;zoom&#8220; border_radii=&#8220;on|10px|10px|10px|10px&#8220; box_shadow_style=&#8220;preset2&#8243; global_colors_info=&#8220;{}&#8220;][\/et_pb_gallery][\/et_pb_column][\/et_pb_row][et_pb_row _builder_version=&#8220;4.16&#8243; _module_preset=&#8220;default&#8220; locked=&#8220;off&#8220; global_colors_info=&#8220;{}&#8220;][et_pb_column type=&#8220;4_4&#8243; _builder_version=&#8220;4.16&#8243; _module_preset=&#8220;default&#8220; global_colors_info=&#8220;{}&#8220;][et_pb_button button_url=&#8220;@ET-DC@eyJkeW5hbWljIjp0cnVlLCJjb250ZW50IjoicG9zdF9saW5rX3VybF9wYWdlIiwic2V0dGluZ3MiOnsicG9zdF9pZCI6IjI1MTE3MSJ9fQ==@&#8220; button_text=&#8220;Auslieferungen 2022&#8243; button_alignment=&#8220;left&#8220; _builder_version=&#8220;4.17.4&#8243; _dynamic_attributes=&#8220;button_url&#8220; _module_preset=&#8220;default&#8220; custom_button=&#8220;on&#8220; button_text_color=&#8220;#3a3a3a&#8220; button_bg_color=&#8220;#ffffff&#8220; button_border_width=&#8220;0px&#8220; button_border_radius=&#8220;6px&#8220; button_letter_spacing=&#8220;0px&#8220; button_font=&#8220;GIL SANS mt book||||||||&#8220; button_icon_color=&#8220;#E02B20&#8243; button_icon_placement=&#8220;left&#8220; button_on_hover=&#8220;off&#8220; custom_margin=&#8220;0px||||false|false&#8220; hover_enabled=&#8220;0&#8243; box_shadow_style=&#8220;preset6&#8243; global_colors_info=&#8220;{}&#8220; transform_styles__hover_enabled=&#8220;on|hover&#8220; transform_scale__hover=&#8220;120%|120%&#8220; transform_scale__hover_enabled=&#8220;on|hover&#8220; transform_translate__hover_enabled=&#8220;on|desktop&#8220; transform_rotate__hover_enabled=&#8220;on|desktop&#8220; transform_skew__hover_enabled=&#8220;on|desktop&#8220; transform_origin__hover_enabled=&#8220;on|desktop&#8220; button_text_size__hover_enabled=&#8220;on|hover&#8220; sticky_enabled=&#8220;0&#8243;][\/et_pb_button][\/et_pb_column][\/et_pb_row][\/et_pb_section]<\/p>\n","protected":false},"excerpt":{"rendered":"<p>\t\t\t<!-- Flexy Breadcrumb -->\r\n\t\t\t<div class=\"fbc fbc-page\">\r\n\r\n\t\t\t\t<!-- Breadcrumb wrapper -->\r\n\t\t\t\t<div class=\"fbc-wrap\">\r\n\r\n\t\t\t\t\t<!-- Ordered list-->\r\n\t\t\t\t\t<ol class=\"fbc-items\" itemscope itemtype=\"https:\/\/schema.org\/BreadcrumbList\">\r\n\t\t\t\t\t\t            <li itemprop=\"itemListElement\" itemscope itemtype=\"https:\/\/schema.org\/ListItem\">\r\n                <span itemprop=\"name\">\r\n                    <!-- Home Link -->\r\n                    <a itemprop=\"item\" href=\"https:\/\/www.magirus-lohr.at\/homepage\">\r\n                    \r\n                                                    <i class=\"fa fa-home\" aria-hidden=\"true\"><\/i>Home                    <\/a>\r\n                <\/span>\r\n                <meta itemprop=\"position\" content=\"1\" \/><!-- Meta Position-->\r\n             <\/li><li><span class=\"fbc-separator\">><\/span><\/li><li class=\"active\" itemprop=\"itemListElement\" itemscope itemtype=\"https:\/\/schema.org\/ListItem\"><span itemprop=\"name\" title=\"Wolf R1, Ehrwald\">Wolf R1, Ehrwald<\/span><meta itemprop=\"position\" content=\"2\" \/><\/li>\t\t\t\t\t<\/ol>\r\n\t\t\t\t\t<div class=\"clearfix\"><\/div>\r\n\t\t\t\t<\/div>\r\n\t\t\t<\/div>\r\n\t\t\tWolf R1 f\u00fcr Ehrwald Typ Wolf R1 Kunde Freiwillige Feuerwehr Ehrwald Land \u00d6sterreich Fahrgestell Iveco Daily 50C18, 4&#215;4 Motorleistung Antrieb 2x 7,5 kW mit 1.050 Nm Zul\u00e4ssiges Gesamtgewicht 750 kg Fahrzeugabmessungen 1.800 x 1.270 x 1.300 mm &nbsp;Fahrgestelldaten Lithium-Ionen Akku, 8,8 kWh mit Temperaturmanagementsystem Wasser-\/Schaumwerfer: 2.500 l\/min bei 12 bar, Wurfweite: ca. 65 m Zusatzabgang [&hellip;]<\/p>\n","protected":false},"author":2,"featured_media":0,"parent":0,"menu_order":0,"comment_status":"closed","ping_status":"closed","template":"","meta":{"_et_pb_use_builder":"on","_et_pb_old_content":"","_et_gb_content_width":"","footnotes":""},"class_list":["post-251157","page","type-page","status-publish","hentry"],"yoast_head":"<!-- This site is optimized with the Yoast SEO plugin v27.1.1 - https:\/\/yoast.com\/product\/yoast-seo-wordpress\/ -->\n<title>Wolf R1, Ehrwald - Magirus - Lohr GmbH<\/title>\n<meta name=\"robots\" content=\"index, follow, max-snippet:-1, max-image-preview:large, max-video-preview:-1\" \/>\n<link rel=\"canonical\" href=\"https:\/\/www.magirus-lohr.at\/homepage\/wolf-r1-ehrwald\/\" \/>\n<meta property=\"og:locale\" content=\"de_DE\" \/>\n<meta property=\"og:type\" content=\"article\" \/>\n<meta property=\"og:title\" content=\"Wolf R1, Ehrwald - Magirus - Lohr GmbH\" \/>\n<meta property=\"og:description\" content=\"Wolf R1 f\u00fcr Ehrwald Typ Wolf R1 Kunde Freiwillige Feuerwehr Ehrwald Land \u00d6sterreich Fahrgestell Iveco Daily 50C18, 4x4 Motorleistung Antrieb 2x 7,5 kW mit 1.050 Nm Zul\u00e4ssiges Gesamtgewicht 750 kg Fahrzeugabmessungen 1.800 x 1.270 x 1.300 mm &nbsp;Fahrgestelldaten Lithium-Ionen Akku, 8,8 kWh mit Temperaturmanagementsystem Wasser-\/Schaumwerfer: 2.500 l\/min bei 12 bar, Wurfweite: ca. 65 m Zusatzabgang [&hellip;]\" \/>\n<meta property=\"og:url\" content=\"https:\/\/www.magirus-lohr.at\/homepage\/wolf-r1-ehrwald\/\" \/>\n<meta property=\"og:site_name\" content=\"Magirus - Lohr GmbH\" \/>\n<meta property=\"article:publisher\" content=\"https:\/\/www.facebook.com\/magiruslohr\/\" \/>\n<meta property=\"article:modified_time\" content=\"2022-05-31T08:14:23+00:00\" \/>\n<meta name=\"twitter:card\" content=\"summary_large_image\" \/>\n<meta name=\"twitter:label1\" content=\"Gesch\u00e4tzte Lesezeit\" \/>\n\t<meta name=\"twitter:data1\" content=\"4\u00a0Minuten\" \/>\n<script type=\"application\/ld+json\" class=\"yoast-schema-graph\">{\"@context\":\"https:\/\/schema.org\",\"@graph\":[{\"@type\":\"WebPage\",\"@id\":\"https:\/\/www.magirus-lohr.at\/homepage\/wolf-r1-ehrwald\/\",\"url\":\"https:\/\/www.magirus-lohr.at\/homepage\/wolf-r1-ehrwald\/\",\"name\":\"Wolf R1, Ehrwald - Magirus - Lohr GmbH\",\"isPartOf\":{\"@id\":\"https:\/\/www.magirus-lohr.at\/homepage\/#website\"},\"datePublished\":\"2022-05-30T11:59:55+00:00\",\"dateModified\":\"2022-05-31T08:14:23+00:00\",\"breadcrumb\":{\"@id\":\"https:\/\/www.magirus-lohr.at\/homepage\/wolf-r1-ehrwald\/#breadcrumb\"},\"inLanguage\":\"de\",\"potentialAction\":[{\"@type\":\"ReadAction\",\"target\":[\"https:\/\/www.magirus-lohr.at\/homepage\/wolf-r1-ehrwald\/\"]}]},{\"@type\":\"BreadcrumbList\",\"@id\":\"https:\/\/www.magirus-lohr.at\/homepage\/wolf-r1-ehrwald\/#breadcrumb\",\"itemListElement\":[{\"@type\":\"ListItem\",\"position\":1,\"name\":\"Startseite\",\"item\":\"https:\/\/www.magirus-lohr.at\/homepage\/\"},{\"@type\":\"ListItem\",\"position\":2,\"name\":\"Wolf R1, Ehrwald\"}]},{\"@type\":\"WebSite\",\"@id\":\"https:\/\/www.magirus-lohr.at\/homepage\/#website\",\"url\":\"https:\/\/www.magirus-lohr.at\/homepage\/\",\"name\":\"Magirus - Lohr GmbH\",\"description\":\"Serving Heroes. Since 1864.\",\"publisher\":{\"@id\":\"https:\/\/www.magirus-lohr.at\/homepage\/#organization\"},\"potentialAction\":[{\"@type\":\"SearchAction\",\"target\":{\"@type\":\"EntryPoint\",\"urlTemplate\":\"https:\/\/www.magirus-lohr.at\/homepage\/?s={search_term_string}\"},\"query-input\":{\"@type\":\"PropertyValueSpecification\",\"valueRequired\":true,\"valueName\":\"search_term_string\"}}],\"inLanguage\":\"de\"},{\"@type\":\"Organization\",\"@id\":\"https:\/\/www.magirus-lohr.at\/homepage\/#organization\",\"name\":\"Magirus Lohr GmbH\",\"url\":\"https:\/\/www.magirus-lohr.at\/homepage\/\",\"logo\":{\"@type\":\"ImageObject\",\"inLanguage\":\"de\",\"@id\":\"https:\/\/www.magirus-lohr.at\/homepage\/#\/schema\/logo\/image\/\",\"url\":\"https:\/\/www.magirus-lohr.at\/homepage\/wp-content\/uploads\/2020\/12\/Magirus_Lohr_RGB1.png\",\"contentUrl\":\"https:\/\/www.magirus-lohr.at\/homepage\/wp-content\/uploads\/2020\/12\/Magirus_Lohr_RGB1.png\",\"width\":1006,\"height\":225,\"caption\":\"Magirus Lohr GmbH\"},\"image\":{\"@id\":\"https:\/\/www.magirus-lohr.at\/homepage\/#\/schema\/logo\/image\/\"},\"sameAs\":[\"https:\/\/www.facebook.com\/magiruslohr\/\"]}]}<\/script>\n<!-- \/ Yoast SEO plugin. -->","yoast_head_json":{"title":"Wolf R1, Ehrwald - Magirus - Lohr GmbH","robots":{"index":"index","follow":"follow","max-snippet":"max-snippet:-1","max-image-preview":"max-image-preview:large","max-video-preview":"max-video-preview:-1"},"canonical":"https:\/\/www.magirus-lohr.at\/homepage\/wolf-r1-ehrwald\/","og_locale":"de_DE","og_type":"article","og_title":"Wolf R1, Ehrwald - Magirus - Lohr GmbH","og_description":"Wolf R1 f\u00fcr Ehrwald Typ Wolf R1 Kunde Freiwillige Feuerwehr Ehrwald Land \u00d6sterreich Fahrgestell Iveco Daily 50C18, 4x4 Motorleistung Antrieb 2x 7,5 kW mit 1.050 Nm Zul\u00e4ssiges Gesamtgewicht 750 kg Fahrzeugabmessungen 1.800 x 1.270 x 1.300 mm &nbsp;Fahrgestelldaten Lithium-Ionen Akku, 8,8 kWh mit Temperaturmanagementsystem Wasser-\/Schaumwerfer: 2.500 l\/min bei 12 bar, Wurfweite: ca. 65 m Zusatzabgang [&hellip;]","og_url":"https:\/\/www.magirus-lohr.at\/homepage\/wolf-r1-ehrwald\/","og_site_name":"Magirus - Lohr GmbH","article_publisher":"https:\/\/www.facebook.com\/magiruslohr\/","article_modified_time":"2022-05-31T08:14:23+00:00","twitter_card":"summary_large_image","twitter_misc":{"Gesch\u00e4tzte Lesezeit":"4\u00a0Minuten"},"schema":{"@context":"https:\/\/schema.org","@graph":[{"@type":"WebPage","@id":"https:\/\/www.magirus-lohr.at\/homepage\/wolf-r1-ehrwald\/","url":"https:\/\/www.magirus-lohr.at\/homepage\/wolf-r1-ehrwald\/","name":"Wolf R1, Ehrwald - Magirus - Lohr GmbH","isPartOf":{"@id":"https:\/\/www.magirus-lohr.at\/homepage\/#website"},"datePublished":"2022-05-30T11:59:55+00:00","dateModified":"2022-05-31T08:14:23+00:00","breadcrumb":{"@id":"https:\/\/www.magirus-lohr.at\/homepage\/wolf-r1-ehrwald\/#breadcrumb"},"inLanguage":"de","potentialAction":[{"@type":"ReadAction","target":["https:\/\/www.magirus-lohr.at\/homepage\/wolf-r1-ehrwald\/"]}]},{"@type":"BreadcrumbList","@id":"https:\/\/www.magirus-lohr.at\/homepage\/wolf-r1-ehrwald\/#breadcrumb","itemListElement":[{"@type":"ListItem","position":1,"name":"Startseite","item":"https:\/\/www.magirus-lohr.at\/homepage\/"},{"@type":"ListItem","position":2,"name":"Wolf R1, Ehrwald"}]},{"@type":"WebSite","@id":"https:\/\/www.magirus-lohr.at\/homepage\/#website","url":"https:\/\/www.magirus-lohr.at\/homepage\/","name":"Magirus - Lohr GmbH","description":"Serving Heroes. Since 1864.","publisher":{"@id":"https:\/\/www.magirus-lohr.at\/homepage\/#organization"},"potentialAction":[{"@type":"SearchAction","target":{"@type":"EntryPoint","urlTemplate":"https:\/\/www.magirus-lohr.at\/homepage\/?s={search_term_string}"},"query-input":{"@type":"PropertyValueSpecification","valueRequired":true,"valueName":"search_term_string"}}],"inLanguage":"de"},{"@type":"Organization","@id":"https:\/\/www.magirus-lohr.at\/homepage\/#organization","name":"Magirus Lohr GmbH","url":"https:\/\/www.magirus-lohr.at\/homepage\/","logo":{"@type":"ImageObject","inLanguage":"de","@id":"https:\/\/www.magirus-lohr.at\/homepage\/#\/schema\/logo\/image\/","url":"https:\/\/www.magirus-lohr.at\/homepage\/wp-content\/uploads\/2020\/12\/Magirus_Lohr_RGB1.png","contentUrl":"https:\/\/www.magirus-lohr.at\/homepage\/wp-content\/uploads\/2020\/12\/Magirus_Lohr_RGB1.png","width":1006,"height":225,"caption":"Magirus Lohr GmbH"},"image":{"@id":"https:\/\/www.magirus-lohr.at\/homepage\/#\/schema\/logo\/image\/"},"sameAs":["https:\/\/www.facebook.com\/magiruslohr\/"]}]}},"_links":{"self":[{"href":"https:\/\/www.magirus-lohr.at\/homepage\/wp-json\/wp\/v2\/pages\/251157","targetHints":{"allow":["GET"]}}],"collection":[{"href":"https:\/\/www.magirus-lohr.at\/homepage\/wp-json\/wp\/v2\/pages"}],"about":[{"href":"https:\/\/www.magirus-lohr.at\/homepage\/wp-json\/wp\/v2\/types\/page"}],"author":[{"embeddable":true,"href":"https:\/\/www.magirus-lohr.at\/homepage\/wp-json\/wp\/v2\/users\/2"}],"replies":[{"embeddable":true,"href":"https:\/\/www.magirus-lohr.at\/homepage\/wp-json\/wp\/v2\/comments?post=251157"}],"version-history":[{"count":5,"href":"https:\/\/www.magirus-lohr.at\/homepage\/wp-json\/wp\/v2\/pages\/251157\/revisions"}],"predecessor-version":[{"id":251192,"href":"https:\/\/www.magirus-lohr.at\/homepage\/wp-json\/wp\/v2\/pages\/251157\/revisions\/251192"}],"wp:attachment":[{"href":"https:\/\/www.magirus-lohr.at\/homepage\/wp-json\/wp\/v2\/media?parent=251157"}],"curies":[{"name":"wp","href":"https:\/\/api.w.org\/{rel}","templated":true}]}}