{"id":252696,"date":"2022-09-01T23:44:55","date_gmt":"2022-09-01T21:44:55","guid":{"rendered":"https:\/\/www.magirus-lohr.at\/homepage\/?page_id=252696"},"modified":"2022-09-01T23:45:03","modified_gmt":"2022-09-01T21:45:03","slug":"pressemitteilung-100-jahre-lohr","status":"publish","type":"page","link":"https:\/\/www.magirus-lohr.at\/homepage\/pressemitteilung-100-jahre-lohr\/","title":{"rendered":"Pressemitteilung 100 Jahre Lohr"},"content":{"rendered":"<p>[et_pb_section fb_built=&#8220;1&#8243; fullwidth=&#8220;on&#8220; _builder_version=&#8220;4.16&#8243; _module_preset=&#8220;default&#8220; global_colors_info=&#8220;{}&#8220;][\/et_pb_section][et_pb_section fb_built=&#8220;1&#8243; _builder_version=&#8220;4.16&#8243; _module_preset=&#8220;default&#8220; global_colors_info=&#8220;{}&#8220;][et_pb_row _builder_version=&#8220;4.16&#8243; _module_preset=&#8220;default&#8220; global_colors_info=&#8220;{}&#8220;][et_pb_column type=&#8220;4_4&#8243; _builder_version=&#8220;4.16&#8243; _module_preset=&#8220;default&#8220; global_colors_info=&#8220;{}&#8220;][et_pb_text _builder_version=&#8220;4.17.3&#8243; _module_preset=&#8220;default&#8220; global_colors_info=&#8220;{}&#8220;][\/et_pb_text][et_pb_text _builder_version=&#8220;4.18.0&#8243; _module_preset=&#8220;default&#8220; global_colors_info=&#8220;{}&#8220;]<\/p>\n<h2 class=\"page_header\" itemprop=\"headline\" style=\"text-align: center;\"><strong><span style=\"color: #ff0000;\">100 Jahre Lohr | 25 Jahre Magirus \u2013 Jubil\u00e4umsfeier am Firmenstandort in Premst\u00e4tten<\/span><\/strong><\/h2>\n<p>[\/et_pb_text][\/et_pb_column][\/et_pb_row][et_pb_row column_structure=&#8220;1_3,1_3,1_3&#8243; _builder_version=&#8220;4.16&#8243; _module_preset=&#8220;default&#8220; global_colors_info=&#8220;{}&#8220;][et_pb_column type=&#8220;1_3&#8243; _builder_version=&#8220;4.16&#8243; _module_preset=&#8220;default&#8220; global_colors_info=&#8220;{}&#8220;][et_pb_text _builder_version=&#8220;4.18.0&#8243; _module_preset=&#8220;default&#8220; global_colors_info=&#8220;{}&#8220;]<\/p>\n<p><strong>Im Rahmen der Feierlichkeiten um das 100-j\u00e4hrige Bestehen von Magirus Lohr, pr\u00e4sentiert die Magirus Group neue, richtungsweisende Technologien f\u00fcr den Feuerwehreinsatz, bietet zukunftsweisende Produktinnovationen und startet seine Roadshow \u201eExperience the Future\u201c in Premst\u00e4tten! Hier produziert der steirische Hersteller Magirus Lohr Feuerwehrfahrzeuge von h\u00f6chster Qualit\u00e4t und hat dabei die Kundenbed\u00fcrfnisse stets im Fokus.<\/strong><\/p>\n<p>Premst\u00e4tten, 1. September 2022<\/p>\n<p>Zum nicht allt\u00e4glichen 100-j\u00e4hrigen Jubil\u00e4um hat der steirische Hersteller, seit 1997 Teil der Magirus &#8211; Gruppe, am ersten Septemberwochenende zum neuen Standort in Zettling, Gemeinde Premst\u00e4tten bei Graz, eingeladen. Anl\u00e4sslich dieser Jubil\u00e4umsfeier erlebt man eine au\u00dfergew\u00f6hnliche Leistungsschau richtungsweisender Produktinnovationen.<br \/>\u201eDas neue Werk erlaubt uns in den kommenden Jahren noch besser f\u00fcr unsere Kunden da zu sein. Der Standort bietet beste Voraussetzungen f\u00fcr Innovation, Produktion und Kundendienst. Wir sind froh, eine moderne, neue Heimat f\u00fcr unsere Aktivit\u00e4ten und die 160 Mitarbeiter\/innen in \u00d6sterreich zu haben. Neben dem \u00f6sterreichischen Markt ist Magirus Lohr f\u00fcr die Betreuung der M\u00e4rkte Schweiz, S\u00fcdtirol sowie der adriatischen L\u00e4nder optimal aufgestellt.\u201c erl\u00e4utert Thomas Hilse, CEO der Magirus Group.<br \/>\u201eSeit nunmehr 100 Jahren leistet Magirus Lohr hervorragende Arbeit, wenn es um zukunftsorientierte Technologien im Feuerwehreinsatz geht. Durch steten Innovationsgeist und hohe Produktqualit\u00e4t hat sich das Unternehmen weltweit einen Namen gemacht. Im Ernstfall z\u00e4hlt jede Sekunde. Umso wichtiger ist es den sich laufend ver\u00e4ndernden Anforderungen mit der neuesten Infrastruktur begegnen zu k\u00f6nnen.\u201c, so Landeshauptmann Christopher Drexler.<\/p>\n<p>Eindrucksvolle Entwicklung<br \/>\u201eDie positive Entwicklung der letzten Jahre, die sehr gute Marktakzeptanz sowie der neue Unternehmensstandort sind die besten Voraussetzungen, die Erfolgsgeschichte des Unternehmens weiter zu schreiben. Die Rahmenvertr\u00e4ge f\u00fcr s\u00e4mtliche Feuerwehrfahrzeuge sowie aller Hubrettungsfahrzeuge mit der Bundesbeschaffungsbeh\u00f6rde (BBG) bilden ein stabiles Fundament daf\u00fcr\u201c erkl\u00e4rt Christian Reisl, Gesch\u00e4ftsf\u00fchrer von Magirus Lohr.<br \/>In 4 Jahren vom ersten Gespr\u00e4ch \u00fcber eine m\u00f6gliche Standortverlegung bis zum Neubau, einer ERP-Neueinf\u00fchrung und dabei einer stabilen Auftragslage zeigen von einem perfekten Zusammenspiel aller, wie dem Zusammenhalt und der Einsatzbereitschaft aller Mitarbeiter\/innen, dem Konzern sowie dem Vertrauen der Kunden.<\/p>\n<p>[\/et_pb_text][\/et_pb_column][et_pb_column type=&#8220;1_3&#8243; _builder_version=&#8220;4.16&#8243; _module_preset=&#8220;default&#8220; global_colors_info=&#8220;{}&#8220;][et_pb_text _builder_version=&#8220;4.18.0&#8243; _module_preset=&#8220;default&#8220; global_colors_info=&#8220;{}&#8220;]<\/p>\n<p>Next Generation Fire Fighting &#8211; Innovationen f\u00fcr unsere Kunden<br \/>Kundenn\u00e4he ist neben richtungsweisenden Produktentwicklungen ein zentraler Teil der Unternehmensphilosophie von Magirus. Der neue Standort bietet hierf\u00fcr beste Voraussetzungen. In Premst\u00e4tten werden innovative, qualitativ f\u00fchrende Produktl\u00f6sungen f\u00fcr den Einsatz von Feuerwehren entwickelt und hergestellt, die nur eine Zielsetzung haben: die Eins\u00e4tze der Wehren effektiver, sicherer und somit noch erfolgreicher zu machen.<br \/>Die neue Drehleitergeneration SMARTCONTROL mit der innovativen Simulator L\u00f6sung f\u00fcr Training und Schulung wird erstmal f\u00fcr den Kunden erlebbar sein. TACTICNET in Verbindung mit der erstmalig offiziell vorgestellten LF-LOGISTIK VCU (Vehicle Control Unit) inklusive dem taktischen Einsatzroboter Wolf R1 und den Einsatzdrohnen von Magirus spannen ein von station\u00e4ren Funk- oder Mobilfunknetze unabh\u00e4ngiges Kommunikationsnetzwerk, das auch bei Ausfall der \u00f6ffentlichen Infrastruktur die Einsatzf\u00fchrung sicherstellt. Ein Highlight, neben der Pr\u00e4sentation von innovativen Waldbrandfahrzeugen und L\u00f6sungen f\u00fcr die Waldbrandbek\u00e4mpfung sowie den Katastrophenschutz, stellt die beeindruckende Vorstellung des ersten Einsatzhelms von Magirus \u2013 den PROTECTUS &#8211; dar.<br \/>Mit mehr als 100 Exponaten, aufschlussreichen Einblicken in die Fertigungstechnologie sowie die Aufbereitung von Feuerwehrfahrzeugen, bietet diese Veranstaltung eine regelrechte Leistungsschau der Magirus Group. Die sehr gute Erreichbarkeit des attraktiven Firmenstandortes sowie ein modernes und flexibles Arbeitsumfeld, machen das Unternehmen zu einem interessanten Arbeitgeber \u2013 das alles seit 100 Jahren!<\/p>\n<p>[\/et_pb_text][et_pb_text _builder_version=&#8220;4.18.0&#8243; _module_preset=&#8220;default&#8220; global_colors_info=&#8220;{}&#8220;]<\/p>\n<p class=\"page_header\" itemprop=\"headline\"><strong><span style=\"color: #ff0000;\"><a href=\"https:\/\/www.magirus-lohr.at\/homepage\/wp-content\/uploads\/2022\/09\/2022-09-01-Magirus-PR_Magirus-Lohr-100_25_Jubilaeum.pdf\" style=\"color: #ff0000;\">Pressemitteilung (Deutsch)<\/a><\/span><\/strong><\/p>\n<h6 class=\"page_header\" itemprop=\"headline\"><\/h6>\n<p>[\/et_pb_text][et_pb_text _builder_version=&#8220;4.18.0&#8243; _module_preset=&#8220;default&#8220; width=&#8220;75.7%&#8220; global_colors_info=&#8220;{}&#8220;]<\/p>\n<p class=\"page_header\" itemprop=\"headline\"><span style=\"color: #ff0000;\"><a href=\"https:\/\/www.magirus-lohr.at\/homepage\/wp-content\/uploads\/2022\/09\/Firmen-Konzernleitung-vlnr-GF-Magirus-Lohr-Richard-Reder-Iveco-Group-Chief-Manufacturing-Officer-Angel-Lagunilla-CEO-Magirus-Thomas-Hilse-GF-Magirus-Lohr-Chris-1-scaled.jpg\" style=\"color: #ff0000;\"><strong>Bild 1<\/strong> \/ Firmen- &amp; Konzernleitung <\/a><\/span><\/p>\n<p>[\/et_pb_text][et_pb_text _builder_version=&#8220;4.18.0&#8243; _module_preset=&#8220;default&#8220; global_colors_info=&#8220;{}&#8220;]<\/p>\n<p class=\"page_header\" itemprop=\"headline\"><span style=\"color: #ff0000;\"><a href=\"https:\/\/www.magirus-lohr.at\/homepage\/wp-content\/uploads\/2022\/09\/Eventlocation-1-scaled.jpg\" style=\"color: #ff0000;\"><strong>Bild 2<\/strong> \/ Eventlocation<\/a><\/span><\/p>\n<h6 class=\"page_header\" itemprop=\"headline\"><\/h6>\n<p>[\/et_pb_text][et_pb_text _builder_version=&#8220;4.18.0&#8243; _module_preset=&#8220;default&#8220; global_colors_info=&#8220;{}&#8220;]<\/p>\n<p class=\"page_header\" itemprop=\"headline\"><span style=\"color: #ff0000;\"><a href=\"https:\/\/www.magirus-lohr.at\/homepage\/wp-content\/uploads\/2022\/09\/Fahrzeugpraesentation-im-Aussenbereich-1-scaled.jpg\" style=\"color: #ff0000;\"><strong>Bild 3<\/strong> \/ Fahrzeugpr\u00e4sentation im Au\u00dfenbereich<\/a><\/span><\/p>\n<h6 class=\"page_header\" itemprop=\"headline\"><\/h6>\n<p>[\/et_pb_text][et_pb_text _builder_version=&#8220;4.18.0&#8243; _module_preset=&#8220;default&#8220; global_colors_info=&#8220;{}&#8220;]<\/p>\n<p class=\"page_header\" itemprop=\"headline\"><span style=\"color: #ff0000;\"><a href=\"https:\/\/www.magirus-lohr.at\/homepage\/wp-content\/uploads\/2022\/09\/Welcome-der-Gaeste-1-scaled.jpg\" style=\"color: #ff0000;\"><strong>Bild 4<\/strong> \/ Welcome der G\u00e4ste<\/a><\/span><\/p>\n<h6 class=\"page_header\" itemprop=\"headline\"><\/h6>\n<p>[\/et_pb_text][et_pb_text _builder_version=&#8220;4.18.0&#8243; _module_preset=&#8220;default&#8220; global_colors_info=&#8220;{}&#8220;]<\/p>\n<p class=\"page_header\" itemprop=\"headline\"><span style=\"color: #ff0000;\"><a href=\"https:\/\/www.magirus-lohr.at\/homepage\/wp-content\/uploads\/2022\/09\/Grussworte-Landeshauptmann-Christopher-Drexler-1-scaled.jpg\" style=\"color: #ff0000;\"><strong>Bild 5 \/ <\/strong>Gru\u00dfworte Landeshauptmann Christopher Drexler\u00a0<\/a><\/span><\/p>\n<h6 class=\"page_header\" itemprop=\"headline\"><\/h6>\n<p>[\/et_pb_text][et_pb_text _builder_version=&#8220;4.18.0&#8243; _module_preset=&#8220;default&#8220; global_colors_info=&#8220;{}&#8220;]<\/p>\n<p class=\"page_header\" itemprop=\"headline\"><span style=\"color: #ff0000;\"><a href=\"https:\/\/www.magirus-lohr.at\/homepage\/wp-content\/uploads\/2022\/09\/Firmen-Konzernleitung-mit-Landeshauptmann-vlnr-GF-Magirus-Lohr-Richard-Reder-Iveco-Group-Chief-Manufacturing-Officer-Angel-Lagunilla-CEO-Magirus-Thomas-Hilse-1-1-scaled.jpg\" style=\"color: #ff0000;\"><strong>Bild 6 \/<\/strong>Firmen &#8211; &amp; Konzernleitung mit Landeshauptmann<\/a><\/span><\/p>\n<h6 class=\"page_header\" itemprop=\"headline\"><\/h6>\n<p>[\/et_pb_text][et_pb_text _builder_version=&#8220;4.18.0&#8243; _module_preset=&#8220;default&#8220; global_colors_info=&#8220;{}&#8220;]<\/p>\n<p class=\"page_header\" itemprop=\"headline\"><span style=\"color: #ff0000;\"><a href=\"https:\/\/www.magirus-lohr.at\/homepage\/wp-content\/uploads\/2022\/09\/Grussworte-Buergermeister-Matthias-Pokorn-1-scaled.jpg\" style=\"color: #ff0000;\"><strong>Bild 7 \/ <\/strong>Gru\u00dfworte B\u00fcrgermeister Matthias Pokorn<\/a><\/span><\/p>\n<h6 class=\"page_header\" itemprop=\"headline\"><\/h6>\n<p>[\/et_pb_text][et_pb_text _builder_version=&#8220;4.18.0&#8243; _module_preset=&#8220;default&#8220; global_colors_info=&#8220;{}&#8220;]<\/p>\n<p class=\"page_header\" itemprop=\"headline\"><span style=\"color: #ff0000;\"><a href=\"https:\/\/www.magirus-lohr.at\/homepage\/wp-content\/uploads\/2022\/09\/Vorfuehrung-Helm-PROTECTUS-1-scaled.jpg\" style=\"color: #ff0000;\"><strong>Bild 8 \/ <\/strong>Vorf\u00fchrung Helm PROTECTUS<\/a><\/span><\/p>\n<h6 class=\"page_header\" itemprop=\"headline\"><\/h6>\n<p>[\/et_pb_text][et_pb_text _builder_version=&#8220;4.18.0&#8243; _module_preset=&#8220;default&#8220; global_colors_info=&#8220;{}&#8220;]<\/p>\n<p class=\"page_header\" itemprop=\"headline\"><span style=\"color: #ff0000;\"><a href=\"https:\/\/www.magirus-lohr.at\/homepage\/wp-content\/uploads\/2022\/09\/Praesentation-Helm-PROTECTUS-1-scaled.jpg\" style=\"color: #ff0000;\"><strong>Bild 9 \/ <\/strong>Pr\u00e4sentation Helm PROTECTUS<\/a><\/span><\/p>\n<h6 class=\"page_header\" itemprop=\"headline\"><\/h6>\n<p>[\/et_pb_text][et_pb_text _builder_version=&#8220;4.18.0&#8243; _module_preset=&#8220;default&#8220; global_colors_info=&#8220;{}&#8220;]<\/p>\n<p class=\"page_header\" itemprop=\"headline\"><span style=\"color: #ff0000;\"><a href=\"https:\/\/www.magirus-lohr.at\/homepage\/wp-content\/uploads\/2022\/09\/Uebergabe-Urkunde-WKO-vlnr-WKO-Landesinnungsmeister-Stv.-Josef-Nigelhell-Regionalstellenobmann-Heribert-Hohl-GF-Magirus-Lohr-Richard-Reder-GF-Magirus-Lohr-Christia-1-scaled.jpg\" style=\"color: #ff0000;\"><strong>Bild 10 \/ <\/strong>\u00dcbergabe Urkunde WKO\u00a0<\/a><\/span><\/p>\n<h6 class=\"page_header\" itemprop=\"headline\"><\/h6>\n<p>[\/et_pb_text][et_pb_text _builder_version=&#8220;4.18.0&#8243; _module_preset=&#8220;default&#8220; global_colors_info=&#8220;{}&#8220;]<\/p>\n<p class=\"page_header\" itemprop=\"headline\"><span style=\"color: #ff0000;\"><a href=\"https:\/\/www.magirus-lohr.at\/homepage\/wp-content\/uploads\/2022\/09\/GF-Magirus-Lohr-mit-Moderator-Georg-Waltl-1-scaled.jpg\" style=\"color: #ff0000;\"><strong>Bild 11 \/ <\/strong>GF Magirus Lohr mit Moderator Georg Waltl<\/a><\/span><\/p>\n<p>[\/et_pb_text][\/et_pb_column][et_pb_column type=&#8220;1_3&#8243; _builder_version=&#8220;4.16&#8243; _module_preset=&#8220;default&#8220; global_colors_info=&#8220;{}&#8220;][et_pb_gallery gallery_ids=&#8220;252669&#8243; _builder_version=&#8220;4.18.0&#8243; _module_preset=&#8220;default&#8220; custom_padding=&#8220;|2px||||&#8220; global_colors_info=&#8220;{}&#8220;][\/et_pb_gallery][et_pb_gallery gallery_ids=&#8220;252670&#8243; _builder_version=&#8220;4.18.0&#8243; _module_preset=&#8220;default&#8220; global_colors_info=&#8220;{}&#8220;][\/et_pb_gallery][et_pb_gallery gallery_ids=&#8220;252671&#8243; _builder_version=&#8220;4.18.0&#8243; _module_preset=&#8220;default&#8220; global_colors_info=&#8220;{}&#8220;][\/et_pb_gallery][et_pb_gallery gallery_ids=&#8220;252672&#8243; _builder_version=&#8220;4.18.0&#8243; _module_preset=&#8220;default&#8220; global_colors_info=&#8220;{}&#8220;][\/et_pb_gallery][et_pb_gallery gallery_ids=&#8220;252673&#8243; _builder_version=&#8220;4.18.0&#8243; _module_preset=&#8220;default&#8220; global_colors_info=&#8220;{}&#8220;][\/et_pb_gallery][et_pb_gallery gallery_ids=&#8220;252674&#8243; _builder_version=&#8220;4.18.0&#8243; _module_preset=&#8220;default&#8220; global_colors_info=&#8220;{}&#8220;][\/et_pb_gallery][et_pb_gallery gallery_ids=&#8220;252675&#8243; _builder_version=&#8220;4.18.0&#8243; _module_preset=&#8220;default&#8220; global_colors_info=&#8220;{}&#8220;][\/et_pb_gallery][et_pb_gallery gallery_ids=&#8220;252676&#8243; _builder_version=&#8220;4.18.0&#8243; _module_preset=&#8220;default&#8220; global_colors_info=&#8220;{}&#8220;][\/et_pb_gallery][et_pb_gallery gallery_ids=&#8220;252677&#8243; _builder_version=&#8220;4.18.0&#8243; _module_preset=&#8220;default&#8220; global_colors_info=&#8220;{}&#8220;][\/et_pb_gallery][et_pb_gallery gallery_ids=&#8220;252678&#8243; _builder_version=&#8220;4.18.0&#8243; _module_preset=&#8220;default&#8220; global_colors_info=&#8220;{}&#8220;][\/et_pb_gallery][et_pb_gallery gallery_ids=&#8220;252679&#8243; _builder_version=&#8220;4.18.0&#8243; _module_preset=&#8220;default&#8220; global_colors_info=&#8220;{}&#8220;][\/et_pb_gallery][\/et_pb_column][\/et_pb_row][et_pb_row disabled_on=&#8220;off|off|on&#8220; module_class=&#8220;mobile-parallax&#8220; _builder_version=&#8220;4.8.1&#8243; _module_preset=&#8220;default&#8220; custom_margin_tablet=&#8220;&#8220; custom_margin_phone=&#8220;0px||||false|false&#8220; custom_margin_last_edited=&#8220;on|phone&#8220; custom_padding=&#8220;1px||||false|false&#8220; global_module=&#8220;238384&#8243; saved_tabs=&#8220;all&#8220; locked=&#8220;off&#8220; collapsed=&#8220;off&#8220; global_colors_info=&#8220;{}&#8220;][et_pb_column type=&#8220;4_4&#8243; _builder_version=&#8220;4.16&#8243; _module_preset=&#8220;default&#8220; global_colors_info=&#8220;{}&#8220;][\/et_pb_column][\/et_pb_row][\/et_pb_section]<\/p>\n","protected":false},"excerpt":{"rendered":"<p>100 Jahre Lohr | 25 Jahre Magirus \u2013 Jubil\u00e4umsfeier am Firmenstandort in Premst\u00e4ttenIm Rahmen der Feierlichkeiten um das 100-j\u00e4hrige Bestehen von Magirus Lohr, pr\u00e4sentiert die Magirus Group neue, richtungsweisende Technologien f\u00fcr den Feuerwehreinsatz, bietet zukunftsweisende Produktinnovationen und startet seine Roadshow \u201eExperience the Future\u201c in Premst\u00e4tten! Hier produziert der steirische Hersteller Magirus Lohr Feuerwehrfahrzeuge von h\u00f6chster [&hellip;]<\/p>\n","protected":false},"author":2,"featured_media":0,"parent":0,"menu_order":0,"comment_status":"closed","ping_status":"closed","template":"","meta":{"_et_pb_use_builder":"on","_et_pb_old_content":"","_et_gb_content_width":"","footnotes":""},"class_list":["post-252696","page","type-page","status-publish","hentry"],"yoast_head":"<!-- This site is optimized with the Yoast SEO plugin v27.1.1 - https:\/\/yoast.com\/product\/yoast-seo-wordpress\/ -->\n<title>Pressemitteilung 100 Jahre Lohr - Magirus - Lohr GmbH<\/title>\n<meta name=\"robots\" content=\"index, follow, max-snippet:-1, max-image-preview:large, max-video-preview:-1\" \/>\n<link rel=\"canonical\" href=\"https:\/\/www.magirus-lohr.at\/homepage\/pressemitteilung-100-jahre-lohr\/\" \/>\n<meta property=\"og:locale\" content=\"de_DE\" \/>\n<meta property=\"og:type\" content=\"article\" \/>\n<meta property=\"og:title\" content=\"Pressemitteilung 100 Jahre Lohr - Magirus - Lohr GmbH\" \/>\n<meta property=\"og:description\" content=\"100 Jahre Lohr | 25 Jahre Magirus \u2013 Jubil\u00e4umsfeier am Firmenstandort in Premst\u00e4ttenIm Rahmen der Feierlichkeiten um das 100-j\u00e4hrige Bestehen von Magirus Lohr, pr\u00e4sentiert die Magirus Group neue, richtungsweisende Technologien f\u00fcr den Feuerwehreinsatz, bietet zukunftsweisende Produktinnovationen und startet seine Roadshow \u201eExperience the Future\u201c in Premst\u00e4tten! Hier produziert der steirische Hersteller Magirus Lohr Feuerwehrfahrzeuge von h\u00f6chster [&hellip;]\" \/>\n<meta property=\"og:url\" content=\"https:\/\/www.magirus-lohr.at\/homepage\/pressemitteilung-100-jahre-lohr\/\" \/>\n<meta property=\"og:site_name\" content=\"Magirus - Lohr GmbH\" \/>\n<meta property=\"article:publisher\" content=\"https:\/\/www.facebook.com\/magiruslohr\/\" \/>\n<meta property=\"article:modified_time\" content=\"2022-09-01T21:45:03+00:00\" \/>\n<meta name=\"twitter:card\" content=\"summary_large_image\" \/>\n<script type=\"application\/ld+json\" class=\"yoast-schema-graph\">{\"@context\":\"https:\/\/schema.org\",\"@graph\":[{\"@type\":\"WebPage\",\"@id\":\"https:\/\/www.magirus-lohr.at\/homepage\/pressemitteilung-100-jahre-lohr\/\",\"url\":\"https:\/\/www.magirus-lohr.at\/homepage\/pressemitteilung-100-jahre-lohr\/\",\"name\":\"Pressemitteilung 100 Jahre Lohr - Magirus - Lohr GmbH\",\"isPartOf\":{\"@id\":\"https:\/\/www.magirus-lohr.at\/homepage\/#website\"},\"datePublished\":\"2022-09-01T21:44:55+00:00\",\"dateModified\":\"2022-09-01T21:45:03+00:00\",\"breadcrumb\":{\"@id\":\"https:\/\/www.magirus-lohr.at\/homepage\/pressemitteilung-100-jahre-lohr\/#breadcrumb\"},\"inLanguage\":\"de\",\"potentialAction\":[{\"@type\":\"ReadAction\",\"target\":[\"https:\/\/www.magirus-lohr.at\/homepage\/pressemitteilung-100-jahre-lohr\/\"]}]},{\"@type\":\"BreadcrumbList\",\"@id\":\"https:\/\/www.magirus-lohr.at\/homepage\/pressemitteilung-100-jahre-lohr\/#breadcrumb\",\"itemListElement\":[{\"@type\":\"ListItem\",\"position\":1,\"name\":\"Startseite\",\"item\":\"https:\/\/www.magirus-lohr.at\/homepage\/\"},{\"@type\":\"ListItem\",\"position\":2,\"name\":\"Pressemitteilung 100 Jahre Lohr\"}]},{\"@type\":\"WebSite\",\"@id\":\"https:\/\/www.magirus-lohr.at\/homepage\/#website\",\"url\":\"https:\/\/www.magirus-lohr.at\/homepage\/\",\"name\":\"Magirus - Lohr GmbH\",\"description\":\"Serving Heroes. Since 1864.\",\"publisher\":{\"@id\":\"https:\/\/www.magirus-lohr.at\/homepage\/#organization\"},\"potentialAction\":[{\"@type\":\"SearchAction\",\"target\":{\"@type\":\"EntryPoint\",\"urlTemplate\":\"https:\/\/www.magirus-lohr.at\/homepage\/?s={search_term_string}\"},\"query-input\":{\"@type\":\"PropertyValueSpecification\",\"valueRequired\":true,\"valueName\":\"search_term_string\"}}],\"inLanguage\":\"de\"},{\"@type\":\"Organization\",\"@id\":\"https:\/\/www.magirus-lohr.at\/homepage\/#organization\",\"name\":\"Magirus Lohr GmbH\",\"url\":\"https:\/\/www.magirus-lohr.at\/homepage\/\",\"logo\":{\"@type\":\"ImageObject\",\"inLanguage\":\"de\",\"@id\":\"https:\/\/www.magirus-lohr.at\/homepage\/#\/schema\/logo\/image\/\",\"url\":\"https:\/\/www.magirus-lohr.at\/homepage\/wp-content\/uploads\/2020\/12\/Magirus_Lohr_RGB1.png\",\"contentUrl\":\"https:\/\/www.magirus-lohr.at\/homepage\/wp-content\/uploads\/2020\/12\/Magirus_Lohr_RGB1.png\",\"width\":1006,\"height\":225,\"caption\":\"Magirus Lohr GmbH\"},\"image\":{\"@id\":\"https:\/\/www.magirus-lohr.at\/homepage\/#\/schema\/logo\/image\/\"},\"sameAs\":[\"https:\/\/www.facebook.com\/magiruslohr\/\"]}]}<\/script>\n<!-- \/ Yoast SEO plugin. -->","yoast_head_json":{"title":"Pressemitteilung 100 Jahre Lohr - Magirus - Lohr GmbH","robots":{"index":"index","follow":"follow","max-snippet":"max-snippet:-1","max-image-preview":"max-image-preview:large","max-video-preview":"max-video-preview:-1"},"canonical":"https:\/\/www.magirus-lohr.at\/homepage\/pressemitteilung-100-jahre-lohr\/","og_locale":"de_DE","og_type":"article","og_title":"Pressemitteilung 100 Jahre Lohr - Magirus - Lohr GmbH","og_description":"100 Jahre Lohr | 25 Jahre Magirus \u2013 Jubil\u00e4umsfeier am Firmenstandort in Premst\u00e4ttenIm Rahmen der Feierlichkeiten um das 100-j\u00e4hrige Bestehen von Magirus Lohr, pr\u00e4sentiert die Magirus Group neue, richtungsweisende Technologien f\u00fcr den Feuerwehreinsatz, bietet zukunftsweisende Produktinnovationen und startet seine Roadshow \u201eExperience the Future\u201c in Premst\u00e4tten! Hier produziert der steirische Hersteller Magirus Lohr Feuerwehrfahrzeuge von h\u00f6chster [&hellip;]","og_url":"https:\/\/www.magirus-lohr.at\/homepage\/pressemitteilung-100-jahre-lohr\/","og_site_name":"Magirus - Lohr GmbH","article_publisher":"https:\/\/www.facebook.com\/magiruslohr\/","article_modified_time":"2022-09-01T21:45:03+00:00","twitter_card":"summary_large_image","schema":{"@context":"https:\/\/schema.org","@graph":[{"@type":"WebPage","@id":"https:\/\/www.magirus-lohr.at\/homepage\/pressemitteilung-100-jahre-lohr\/","url":"https:\/\/www.magirus-lohr.at\/homepage\/pressemitteilung-100-jahre-lohr\/","name":"Pressemitteilung 100 Jahre Lohr - Magirus - Lohr GmbH","isPartOf":{"@id":"https:\/\/www.magirus-lohr.at\/homepage\/#website"},"datePublished":"2022-09-01T21:44:55+00:00","dateModified":"2022-09-01T21:45:03+00:00","breadcrumb":{"@id":"https:\/\/www.magirus-lohr.at\/homepage\/pressemitteilung-100-jahre-lohr\/#breadcrumb"},"inLanguage":"de","potentialAction":[{"@type":"ReadAction","target":["https:\/\/www.magirus-lohr.at\/homepage\/pressemitteilung-100-jahre-lohr\/"]}]},{"@type":"BreadcrumbList","@id":"https:\/\/www.magirus-lohr.at\/homepage\/pressemitteilung-100-jahre-lohr\/#breadcrumb","itemListElement":[{"@type":"ListItem","position":1,"name":"Startseite","item":"https:\/\/www.magirus-lohr.at\/homepage\/"},{"@type":"ListItem","position":2,"name":"Pressemitteilung 100 Jahre Lohr"}]},{"@type":"WebSite","@id":"https:\/\/www.magirus-lohr.at\/homepage\/#website","url":"https:\/\/www.magirus-lohr.at\/homepage\/","name":"Magirus - Lohr GmbH","description":"Serving Heroes. Since 1864.","publisher":{"@id":"https:\/\/www.magirus-lohr.at\/homepage\/#organization"},"potentialAction":[{"@type":"SearchAction","target":{"@type":"EntryPoint","urlTemplate":"https:\/\/www.magirus-lohr.at\/homepage\/?s={search_term_string}"},"query-input":{"@type":"PropertyValueSpecification","valueRequired":true,"valueName":"search_term_string"}}],"inLanguage":"de"},{"@type":"Organization","@id":"https:\/\/www.magirus-lohr.at\/homepage\/#organization","name":"Magirus Lohr GmbH","url":"https:\/\/www.magirus-lohr.at\/homepage\/","logo":{"@type":"ImageObject","inLanguage":"de","@id":"https:\/\/www.magirus-lohr.at\/homepage\/#\/schema\/logo\/image\/","url":"https:\/\/www.magirus-lohr.at\/homepage\/wp-content\/uploads\/2020\/12\/Magirus_Lohr_RGB1.png","contentUrl":"https:\/\/www.magirus-lohr.at\/homepage\/wp-content\/uploads\/2020\/12\/Magirus_Lohr_RGB1.png","width":1006,"height":225,"caption":"Magirus Lohr GmbH"},"image":{"@id":"https:\/\/www.magirus-lohr.at\/homepage\/#\/schema\/logo\/image\/"},"sameAs":["https:\/\/www.facebook.com\/magiruslohr\/"]}]}},"_links":{"self":[{"href":"https:\/\/www.magirus-lohr.at\/homepage\/wp-json\/wp\/v2\/pages\/252696","targetHints":{"allow":["GET"]}}],"collection":[{"href":"https:\/\/www.magirus-lohr.at\/homepage\/wp-json\/wp\/v2\/pages"}],"about":[{"href":"https:\/\/www.magirus-lohr.at\/homepage\/wp-json\/wp\/v2\/types\/page"}],"author":[{"embeddable":true,"href":"https:\/\/www.magirus-lohr.at\/homepage\/wp-json\/wp\/v2\/users\/2"}],"replies":[{"embeddable":true,"href":"https:\/\/www.magirus-lohr.at\/homepage\/wp-json\/wp\/v2\/comments?post=252696"}],"version-history":[{"count":3,"href":"https:\/\/www.magirus-lohr.at\/homepage\/wp-json\/wp\/v2\/pages\/252696\/revisions"}],"predecessor-version":[{"id":252699,"href":"https:\/\/www.magirus-lohr.at\/homepage\/wp-json\/wp\/v2\/pages\/252696\/revisions\/252699"}],"wp:attachment":[{"href":"https:\/\/www.magirus-lohr.at\/homepage\/wp-json\/wp\/v2\/media?parent=252696"}],"curies":[{"name":"wp","href":"https:\/\/api.w.org\/{rel}","templated":true}]}}