{"id":258035,"date":"2025-02-27T10:21:27","date_gmt":"2025-02-27T09:21:27","guid":{"rendered":"https:\/\/www.magirus-lohr.at\/homepage\/?page_id=258035"},"modified":"2025-02-27T10:39:02","modified_gmt":"2025-02-27T09:39:02","slug":"pressemitteilung-magirus-at-the-interschutz-2026","status":"publish","type":"page","link":"https:\/\/www.magirus-lohr.at\/homepage\/pressemitteilung-magirus-at-the-interschutz-2026\/","title":{"rendered":"Pressemitteilung Magirus at the Interschutz 2026"},"content":{"rendered":"<p>[et_pb_section fb_built=&#8220;1&#8243; fullwidth=&#8220;on&#8220; _builder_version=&#8220;4.16&#8243; _module_preset=&#8220;default&#8220; global_colors_info=&#8220;{}&#8220;][\/et_pb_section][et_pb_section fb_built=&#8220;1&#8243; _builder_version=&#8220;4.16&#8243; _module_preset=&#8220;default&#8220; global_colors_info=&#8220;{}&#8220;][et_pb_row _builder_version=&#8220;4.27.4&#8243; _module_preset=&#8220;default&#8220; hover_enabled=&#8220;0&#8243; ab_subject=&#8220;on&#8220; ab_subject_id=&#8220;1&#8243; global_colors_info=&#8220;{}&#8220; sticky_enabled=&#8220;0&#8243;][et_pb_column type=&#8220;4_4&#8243; _builder_version=&#8220;4.16&#8243; _module_preset=&#8220;default&#8220; global_colors_info=&#8220;{}&#8220;][et_pb_text _builder_version=&#8220;4.27.4&#8243; _module_preset=&#8220;default&#8220; custom_padding=&#8220;|0px||0px||&#8220; ab_goal=&#8220;on&#8220; global_colors_info=&#8220;{}&#8220;]<\/p>\n<h1 style=\"text-align: center;\"><span style=\"color: #ff0000;\"><strong>\u201eRight there, right new\u201c &#8211; neue Produkte f\u00fcr die Zukunft der Feuerwehr <\/strong><\/span><\/h1>\n<p>[\/et_pb_text][\/et_pb_column][\/et_pb_row][et_pb_row column_structure=&#8220;1_3,1_3,1_3&#8243; _builder_version=&#8220;4.16&#8243; _module_preset=&#8220;default&#8220; ab_subject=&#8220;on&#8220; ab_subject_id=&#8220;2&#8243; global_colors_info=&#8220;{}&#8220;][et_pb_column type=&#8220;1_3&#8243; _builder_version=&#8220;4.16&#8243; _module_preset=&#8220;default&#8220; global_colors_info=&#8220;{}&#8220;][\/et_pb_column][et_pb_column type=&#8220;1_3&#8243; _builder_version=&#8220;4.16&#8243; _module_preset=&#8220;default&#8220; global_colors_info=&#8220;{}&#8220;][et_pb_text _builder_version=&#8220;4.27.4&#8243; _module_preset=&#8220;default&#8220; custom_padding=&#8220;|||0px||&#8220; ab_goal=&#8220;on&#8220; global_colors_info=&#8220;{}&#8220;]<\/p>\n<h1 style=\"text-align: center;\"><span style=\"color: #ff0000;\"><strong>\u201eRight there, right new\u201c &#8211; neue Produkte f\u00fcr die Zukunft der Feuerwehr <\/strong><\/span><\/h1>\n<p>[\/et_pb_text][\/et_pb_column][et_pb_column type=&#8220;1_3&#8243; _builder_version=&#8220;4.16&#8243; _module_preset=&#8220;default&#8220; locked=&#8220;off&#8220; global_colors_info=&#8220;{}&#8220;][\/et_pb_column][\/et_pb_row][et_pb_row column_structure=&#8220;1_2,1_2&#8243; _builder_version=&#8220;4.27.4&#8243; _module_preset=&#8220;default&#8220; hover_enabled=&#8220;0&#8243; global_colors_info=&#8220;{}&#8220; sticky_enabled=&#8220;0&#8243;][et_pb_column type=&#8220;1_2&#8243; _builder_version=&#8220;4.16&#8243; _module_preset=&#8220;default&#8220; global_colors_info=&#8220;{}&#8220;][et_pb_text _builder_version=&#8220;4.27.4&#8243; _module_preset=&#8220;default&#8220; hover_enabled=&#8220;0&#8243; global_colors_info=&#8220;{}&#8220; sticky_enabled=&#8220;0&#8243; custom_padding=&#8220;|0px||||&#8220; custom_margin=&#8220;|-55px||||&#8220;]<\/p>\n<ul>\n<li style=\"text-align: justify;\"><strong>Magirus, Weltmarktf\u00fchrer bei Drehleitern, best\u00e4tigt Teilnahme an der Interschutz 2026 in Hannover<\/strong><\/li>\n<li style=\"text-align: justify;\"><strong>Repr\u00e4sentativer Auftritt auf der internationalen Leitmesse f\u00fcr Feuerwehr- und Rettungswesen in Vorbereitung<\/strong><\/li>\n<li style=\"text-align: justify;\"><strong>Produktoffensive der Magirus 160J.-Feier zum ersten Mal vor internationalem Publikum<\/strong><\/li>\n<li style=\"text-align: justify;\"><strong>\u201eRight there, right new\u201c: mit neuen, innovativen Produkten auf der Interschutz 2026.<\/strong><\/li>\n<\/ul>\n<p>[\/et_pb_text][et_pb_text _builder_version=&#8220;4.27.4&#8243; _module_preset=&#8220;default&#8220; hover_enabled=&#8220;0&#8243; global_colors_info=&#8220;{}&#8220; sticky_enabled=&#8220;0&#8243;]<\/p>\n<p style=\"text-align: justify;\">Magirus, der weltweit f\u00fchrende Anbieter von Drehleitern, freut sich, bekannt zu geben, dass das Unternehmen mit einem repr\u00e4sentativen Stand auf der Interschutz 2026 vertreten sein wird. Die Interschutz, die weltweit wichtigste Messe f\u00fcr Feuerwehr, Rettung und Bev\u00f6lkerungsschutz, stellt im n\u00e4chsten Jahr erneut ein ideales Forum dar, um die neuesten Entwicklungen und Innovationen in diesem Bereich zu pr\u00e4sentieren.<\/p>\n<p style=\"text-align: justify;\">Mit \u00fcber 160 Jahren Erfahrung in der Entwicklung und Herstellung von Feuerwehrtechnik blickt Magirus auf eine traditionsreiche Geschichte zur\u00fcck. Das Unternehmen ist sowohl f\u00fcr seine Innovationskraft als auch f\u00fcr seine unerm\u00fcdliche Weiterentwicklung bekannt. Im Rahmen der vielbeachteten Jubil\u00e4umsfeier 2024 hat Magirus das bisher beste Produktportfolio vorgestellt, das nun auf der Interschutz 2026 einem internationalen Publikum zug\u00e4nglich gemacht wird.<\/p>\n<p>[\/et_pb_text][\/et_pb_column][et_pb_column type=&#8220;1_2&#8243; _builder_version=&#8220;4.16&#8243; _module_preset=&#8220;default&#8220; global_colors_info=&#8220;{}&#8220;][et_pb_text _builder_version=&#8220;4.27.4&#8243; _module_preset=&#8220;default&#8220; hover_enabled=&#8220;0&#8243; global_colors_info=&#8220;{}&#8220; custom_margin=&#8220;|||1px||&#8220; sticky_enabled=&#8220;0&#8243;]<\/p>\n<p style=\"text-align: justify;\">\u201eDie Interschutz ist die bedeutendste internationale Leitmesse, um unsere neuesten L\u00f6sungen einem weltweiten Publikum zu pr\u00e4sentieren. Wir freuen uns, unsere Entwicklungen im Bereich der Drehleitern, L\u00f6schfahrzeugen und weiteren, innovativen Technologien vor den Augen von Fachwelt und globalen Feuerwehren zu zeigen\u201c, so Thomas Hilse, CEO von Magirus. \u201eIm vergangenen Jahr haben wir mit unserem 160-j\u00e4hrigen Firmenjubil\u00e4um einen wichtigen Meilenstein gesetzt \u2013 und auf der Interschutz 2026 werden wir damit fortfahren unsere Tradition und Erfahrung mit zukunftsweisenden Entwicklungen und Innovationen zu verbinden. Gerade nach den schwierigen Corona-Jahren hat die Interschutz unsere volle Unterst\u00fctzung und wir freuen uns als globales Unternehmen ganz besonders, wieder dabei zu sein.\u201c<\/p>\n<p style=\"text-align: justify;\">Unter dem Motto \u201eSafeguarding tomorrow\u201c fokussiert die Interschutz 2026 auf die Zukunftsthemen Klimawandel, Bev\u00f6lkerungsschutz , Nachhaltigkeit und die Integration K\u00fcnstlicher Intelligenz (KI) . Zur ersten Interschutz nach der Pandemie kamen im Juni 2022 mehr als 1300 Aussteller und rund 80.000 Besucher aus mehr als 60 L\u00e4ndern.<\/p>\n<p>[\/et_pb_text][et_pb_text _builder_version=&#8220;4.27.4&#8243; _module_preset=&#8220;default&#8220; hover_enabled=&#8220;0&#8243; global_colors_info=&#8220;{}&#8220; sticky_enabled=&#8220;0&#8243;]<\/p>\n<p class=\"page_header\"><strong><span style=\"color: #ff0000;\"><a href=\"https:\/\/www.magirus-lohr.at\/homepage\/wp-content\/uploads\/2025\/02\/Magirus-PR_Interschutz-2026_2025-2-25_DE.pdf\" style=\"color: #ff0000;\">Pressemitteilung (Deutsch)<\/a><\/span><\/strong><\/p>\n<h6 class=\"page_header\"><\/h6>\n<p>[\/et_pb_text][et_pb_text _builder_version=&#8220;4.27.4&#8243; _module_preset=&#8220;default&#8220; hover_enabled=&#8220;0&#8243; global_colors_info=&#8220;{}&#8220; sticky_enabled=&#8220;0&#8243;]<\/p>\n<p class=\"page_header\"><strong><span style=\"color: #ff0000;\"><a href=\"https:\/\/www.magirus-lohr.at\/homepage\/wp-content\/uploads\/2025\/02\/Magirus-PR_Interschutz-2026_2025-2-25_EN.pdf\" style=\"color: #ff0000;\">Pressemitteilung (Englisch)<\/a><\/span><\/strong><\/p>\n<h6 class=\"page_header\"><\/h6>\n<p>[\/et_pb_text][\/et_pb_column][\/et_pb_row][et_pb_row _builder_version=&#8220;4.27.4&#8243; _module_preset=&#8220;default&#8220;][et_pb_column _builder_version=&#8220;4.27.4&#8243; _module_preset=&#8220;default&#8220; type=&#8220;4_4&#8243;][et_pb_image src=&#8220;https:\/\/www.magirus-lohr.at\/homepage\/wp-content\/uploads\/2025\/02\/Magirus-PR_Interschutz-2026_2025-02-25_pic.jpg&#8220; _builder_version=&#8220;4.27.4&#8243; _module_preset=&#8220;default&#8220; title_text=&#8220;Magirus PR_Interschutz 2026_2025-02-25_pic&#8220; hover_enabled=&#8220;0&#8243; sticky_enabled=&#8220;0&#8243;][\/et_pb_image][\/et_pb_column][\/et_pb_row][et_pb_row disabled_on=&#8220;off|off|on&#8220; module_class=&#8220;mobile-parallax&#8220; _builder_version=&#8220;4.8.1&#8243; _module_preset=&#8220;default&#8220; custom_margin_tablet=&#8220;&#8220; custom_margin_phone=&#8220;0px||||false|false&#8220; custom_margin_last_edited=&#8220;on|phone&#8220; custom_padding=&#8220;1px||||false|false&#8220; global_module=&#8220;238384&#8243; saved_tabs=&#8220;all&#8220; locked=&#8220;off&#8220; collapsed=&#8220;off&#8220; global_colors_info=&#8220;{}&#8220;][et_pb_column type=&#8220;4_4&#8243; _builder_version=&#8220;4.16&#8243; _module_preset=&#8220;default&#8220; global_colors_info=&#8220;{}&#8220;][\/et_pb_column][\/et_pb_row][\/et_pb_section]<\/p>\n","protected":false},"excerpt":{"rendered":"<p>\u201eRight there, right new\u201c &#8211; neue Produkte f\u00fcr die Zukunft der Feuerwehr \u201eRight there, right new\u201c &#8211; neue Produkte f\u00fcr die Zukunft der Feuerwehr Magirus, Weltmarktf\u00fchrer bei Drehleitern, best\u00e4tigt Teilnahme an der Interschutz 2026 in Hannover Repr\u00e4sentativer Auftritt auf der internationalen Leitmesse f\u00fcr Feuerwehr- und Rettungswesen in Vorbereitung Produktoffensive der Magirus 160J.-Feier zum ersten Mal [&hellip;]<\/p>\n","protected":false},"author":2,"featured_media":0,"parent":0,"menu_order":0,"comment_status":"closed","ping_status":"closed","template":"","meta":{"_et_pb_use_builder":"on","_et_pb_old_content":"","_et_gb_content_width":"","footnotes":""},"class_list":["post-258035","page","type-page","status-publish","hentry"],"yoast_head":"<!-- This site is optimized with the Yoast SEO plugin v27.1.1 - https:\/\/yoast.com\/product\/yoast-seo-wordpress\/ -->\n<title>Pressemitteilung Magirus at the Interschutz 2026 - Magirus - Lohr GmbH<\/title>\n<meta name=\"robots\" content=\"index, follow, max-snippet:-1, max-image-preview:large, max-video-preview:-1\" \/>\n<link rel=\"canonical\" href=\"https:\/\/www.magirus-lohr.at\/homepage\/pressemitteilung-magirus-at-the-interschutz-2026\/\" \/>\n<meta property=\"og:locale\" content=\"de_DE\" \/>\n<meta property=\"og:type\" content=\"article\" \/>\n<meta property=\"og:title\" content=\"Pressemitteilung Magirus at the Interschutz 2026 - Magirus - Lohr GmbH\" \/>\n<meta property=\"og:description\" content=\"\u201eRight there, right new\u201c - neue Produkte f\u00fcr die Zukunft der Feuerwehr \u201eRight there, right new\u201c - neue Produkte f\u00fcr die Zukunft der Feuerwehr Magirus, Weltmarktf\u00fchrer bei Drehleitern, best\u00e4tigt Teilnahme an der Interschutz 2026 in Hannover Repr\u00e4sentativer Auftritt auf der internationalen Leitmesse f\u00fcr Feuerwehr- und Rettungswesen in Vorbereitung Produktoffensive der Magirus 160J.-Feier zum ersten Mal [&hellip;]\" \/>\n<meta property=\"og:url\" content=\"https:\/\/www.magirus-lohr.at\/homepage\/pressemitteilung-magirus-at-the-interschutz-2026\/\" \/>\n<meta property=\"og:site_name\" content=\"Magirus - Lohr GmbH\" \/>\n<meta property=\"article:publisher\" content=\"https:\/\/www.facebook.com\/magiruslohr\/\" \/>\n<meta property=\"article:modified_time\" content=\"2025-02-27T09:39:02+00:00\" \/>\n<meta name=\"twitter:card\" content=\"summary_large_image\" \/>\n<meta name=\"twitter:label1\" content=\"Gesch\u00e4tzte Lesezeit\" \/>\n\t<meta name=\"twitter:data1\" content=\"7\u00a0Minuten\" \/>\n<script type=\"application\/ld+json\" class=\"yoast-schema-graph\">{\"@context\":\"https:\/\/schema.org\",\"@graph\":[{\"@type\":\"WebPage\",\"@id\":\"https:\/\/www.magirus-lohr.at\/homepage\/pressemitteilung-magirus-at-the-interschutz-2026\/\",\"url\":\"https:\/\/www.magirus-lohr.at\/homepage\/pressemitteilung-magirus-at-the-interschutz-2026\/\",\"name\":\"Pressemitteilung Magirus at the Interschutz 2026 - Magirus - Lohr GmbH\",\"isPartOf\":{\"@id\":\"https:\/\/www.magirus-lohr.at\/homepage\/#website\"},\"datePublished\":\"2025-02-27T09:21:27+00:00\",\"dateModified\":\"2025-02-27T09:39:02+00:00\",\"breadcrumb\":{\"@id\":\"https:\/\/www.magirus-lohr.at\/homepage\/pressemitteilung-magirus-at-the-interschutz-2026\/#breadcrumb\"},\"inLanguage\":\"de\",\"potentialAction\":[{\"@type\":\"ReadAction\",\"target\":[\"https:\/\/www.magirus-lohr.at\/homepage\/pressemitteilung-magirus-at-the-interschutz-2026\/\"]}]},{\"@type\":\"BreadcrumbList\",\"@id\":\"https:\/\/www.magirus-lohr.at\/homepage\/pressemitteilung-magirus-at-the-interschutz-2026\/#breadcrumb\",\"itemListElement\":[{\"@type\":\"ListItem\",\"position\":1,\"name\":\"Startseite\",\"item\":\"https:\/\/www.magirus-lohr.at\/homepage\/\"},{\"@type\":\"ListItem\",\"position\":2,\"name\":\"Pressemitteilung Magirus at the Interschutz 2026\"}]},{\"@type\":\"WebSite\",\"@id\":\"https:\/\/www.magirus-lohr.at\/homepage\/#website\",\"url\":\"https:\/\/www.magirus-lohr.at\/homepage\/\",\"name\":\"Magirus - Lohr GmbH\",\"description\":\"Serving Heroes. Since 1864.\",\"publisher\":{\"@id\":\"https:\/\/www.magirus-lohr.at\/homepage\/#organization\"},\"potentialAction\":[{\"@type\":\"SearchAction\",\"target\":{\"@type\":\"EntryPoint\",\"urlTemplate\":\"https:\/\/www.magirus-lohr.at\/homepage\/?s={search_term_string}\"},\"query-input\":{\"@type\":\"PropertyValueSpecification\",\"valueRequired\":true,\"valueName\":\"search_term_string\"}}],\"inLanguage\":\"de\"},{\"@type\":\"Organization\",\"@id\":\"https:\/\/www.magirus-lohr.at\/homepage\/#organization\",\"name\":\"Magirus Lohr GmbH\",\"url\":\"https:\/\/www.magirus-lohr.at\/homepage\/\",\"logo\":{\"@type\":\"ImageObject\",\"inLanguage\":\"de\",\"@id\":\"https:\/\/www.magirus-lohr.at\/homepage\/#\/schema\/logo\/image\/\",\"url\":\"https:\/\/www.magirus-lohr.at\/homepage\/wp-content\/uploads\/2020\/12\/Magirus_Lohr_RGB1.png\",\"contentUrl\":\"https:\/\/www.magirus-lohr.at\/homepage\/wp-content\/uploads\/2020\/12\/Magirus_Lohr_RGB1.png\",\"width\":1006,\"height\":225,\"caption\":\"Magirus Lohr GmbH\"},\"image\":{\"@id\":\"https:\/\/www.magirus-lohr.at\/homepage\/#\/schema\/logo\/image\/\"},\"sameAs\":[\"https:\/\/www.facebook.com\/magiruslohr\/\"]}]}<\/script>\n<!-- \/ Yoast SEO plugin. -->","yoast_head_json":{"title":"Pressemitteilung Magirus at the Interschutz 2026 - Magirus - Lohr GmbH","robots":{"index":"index","follow":"follow","max-snippet":"max-snippet:-1","max-image-preview":"max-image-preview:large","max-video-preview":"max-video-preview:-1"},"canonical":"https:\/\/www.magirus-lohr.at\/homepage\/pressemitteilung-magirus-at-the-interschutz-2026\/","og_locale":"de_DE","og_type":"article","og_title":"Pressemitteilung Magirus at the Interschutz 2026 - Magirus - Lohr GmbH","og_description":"\u201eRight there, right new\u201c - neue Produkte f\u00fcr die Zukunft der Feuerwehr \u201eRight there, right new\u201c - neue Produkte f\u00fcr die Zukunft der Feuerwehr Magirus, Weltmarktf\u00fchrer bei Drehleitern, best\u00e4tigt Teilnahme an der Interschutz 2026 in Hannover Repr\u00e4sentativer Auftritt auf der internationalen Leitmesse f\u00fcr Feuerwehr- und Rettungswesen in Vorbereitung Produktoffensive der Magirus 160J.-Feier zum ersten Mal [&hellip;]","og_url":"https:\/\/www.magirus-lohr.at\/homepage\/pressemitteilung-magirus-at-the-interschutz-2026\/","og_site_name":"Magirus - Lohr GmbH","article_publisher":"https:\/\/www.facebook.com\/magiruslohr\/","article_modified_time":"2025-02-27T09:39:02+00:00","twitter_card":"summary_large_image","twitter_misc":{"Gesch\u00e4tzte Lesezeit":"7\u00a0Minuten"},"schema":{"@context":"https:\/\/schema.org","@graph":[{"@type":"WebPage","@id":"https:\/\/www.magirus-lohr.at\/homepage\/pressemitteilung-magirus-at-the-interschutz-2026\/","url":"https:\/\/www.magirus-lohr.at\/homepage\/pressemitteilung-magirus-at-the-interschutz-2026\/","name":"Pressemitteilung Magirus at the Interschutz 2026 - Magirus - Lohr GmbH","isPartOf":{"@id":"https:\/\/www.magirus-lohr.at\/homepage\/#website"},"datePublished":"2025-02-27T09:21:27+00:00","dateModified":"2025-02-27T09:39:02+00:00","breadcrumb":{"@id":"https:\/\/www.magirus-lohr.at\/homepage\/pressemitteilung-magirus-at-the-interschutz-2026\/#breadcrumb"},"inLanguage":"de","potentialAction":[{"@type":"ReadAction","target":["https:\/\/www.magirus-lohr.at\/homepage\/pressemitteilung-magirus-at-the-interschutz-2026\/"]}]},{"@type":"BreadcrumbList","@id":"https:\/\/www.magirus-lohr.at\/homepage\/pressemitteilung-magirus-at-the-interschutz-2026\/#breadcrumb","itemListElement":[{"@type":"ListItem","position":1,"name":"Startseite","item":"https:\/\/www.magirus-lohr.at\/homepage\/"},{"@type":"ListItem","position":2,"name":"Pressemitteilung Magirus at the Interschutz 2026"}]},{"@type":"WebSite","@id":"https:\/\/www.magirus-lohr.at\/homepage\/#website","url":"https:\/\/www.magirus-lohr.at\/homepage\/","name":"Magirus - Lohr GmbH","description":"Serving Heroes. Since 1864.","publisher":{"@id":"https:\/\/www.magirus-lohr.at\/homepage\/#organization"},"potentialAction":[{"@type":"SearchAction","target":{"@type":"EntryPoint","urlTemplate":"https:\/\/www.magirus-lohr.at\/homepage\/?s={search_term_string}"},"query-input":{"@type":"PropertyValueSpecification","valueRequired":true,"valueName":"search_term_string"}}],"inLanguage":"de"},{"@type":"Organization","@id":"https:\/\/www.magirus-lohr.at\/homepage\/#organization","name":"Magirus Lohr GmbH","url":"https:\/\/www.magirus-lohr.at\/homepage\/","logo":{"@type":"ImageObject","inLanguage":"de","@id":"https:\/\/www.magirus-lohr.at\/homepage\/#\/schema\/logo\/image\/","url":"https:\/\/www.magirus-lohr.at\/homepage\/wp-content\/uploads\/2020\/12\/Magirus_Lohr_RGB1.png","contentUrl":"https:\/\/www.magirus-lohr.at\/homepage\/wp-content\/uploads\/2020\/12\/Magirus_Lohr_RGB1.png","width":1006,"height":225,"caption":"Magirus Lohr GmbH"},"image":{"@id":"https:\/\/www.magirus-lohr.at\/homepage\/#\/schema\/logo\/image\/"},"sameAs":["https:\/\/www.facebook.com\/magiruslohr\/"]}]}},"_links":{"self":[{"href":"https:\/\/www.magirus-lohr.at\/homepage\/wp-json\/wp\/v2\/pages\/258035","targetHints":{"allow":["GET"]}}],"collection":[{"href":"https:\/\/www.magirus-lohr.at\/homepage\/wp-json\/wp\/v2\/pages"}],"about":[{"href":"https:\/\/www.magirus-lohr.at\/homepage\/wp-json\/wp\/v2\/types\/page"}],"author":[{"embeddable":true,"href":"https:\/\/www.magirus-lohr.at\/homepage\/wp-json\/wp\/v2\/users\/2"}],"replies":[{"embeddable":true,"href":"https:\/\/www.magirus-lohr.at\/homepage\/wp-json\/wp\/v2\/comments?post=258035"}],"version-history":[{"count":5,"href":"https:\/\/www.magirus-lohr.at\/homepage\/wp-json\/wp\/v2\/pages\/258035\/revisions"}],"predecessor-version":[{"id":258046,"href":"https:\/\/www.magirus-lohr.at\/homepage\/wp-json\/wp\/v2\/pages\/258035\/revisions\/258046"}],"wp:attachment":[{"href":"https:\/\/www.magirus-lohr.at\/homepage\/wp-json\/wp\/v2\/media?parent=258035"}],"curies":[{"name":"wp","href":"https:\/\/api.w.org\/{rel}","templated":true}]}}