{"id":258500,"date":"2025-05-21T07:35:59","date_gmt":"2025-05-21T05:35:59","guid":{"rendered":"https:\/\/www.magirus-lohr.at\/homepage\/?page_id=258500"},"modified":"2025-05-21T07:49:03","modified_gmt":"2025-05-21T05:49:03","slug":"pressemitteilung-magirus-setzt-auf-wachstum","status":"publish","type":"page","link":"https:\/\/www.magirus-lohr.at\/homepage\/pressemitteilung-magirus-setzt-auf-wachstum\/","title":{"rendered":"Pressemitteilung Magirus setzt auf Wachstum"},"content":{"rendered":"<p>[et_pb_section fb_built=&#8220;1&#8243; fullwidth=&#8220;on&#8220; _builder_version=&#8220;4.16&#8243; _module_preset=&#8220;default&#8220; global_colors_info=&#8220;{}&#8220;][\/et_pb_section][et_pb_section fb_built=&#8220;1&#8243; _builder_version=&#8220;4.16&#8243; _module_preset=&#8220;default&#8220; global_colors_info=&#8220;{}&#8220;][et_pb_row _builder_version=&#8220;4.27.4&#8243; _module_preset=&#8220;default&#8220; global_colors_info=&#8220;{}&#8220;][et_pb_column type=&#8220;4_4&#8243; _builder_version=&#8220;4.16&#8243; _module_preset=&#8220;default&#8220; global_colors_info=&#8220;{}&#8220;][et_pb_text _builder_version=&#8220;4.27.4&#8243; _module_preset=&#8220;default&#8220; custom_padding=&#8220;|0px||0px||&#8220; global_colors_info=&#8220;{}&#8220;]<\/p>\n<h1 style=\"text-align: center;\"><strong>MAGIRUS SETZT AUF WACHSTUM<\/strong><br \/><strong><span style=\"color: #ff0000;\">Magirus pr\u00e4sentiert umfassenden Transformationsplan f\u00fcr strategische Neuausrichtung und internationales Wachstum<\/span><\/strong><\/h1>\n<p>[\/et_pb_text][\/et_pb_column][\/et_pb_row][et_pb_row column_structure=&#8220;1_2,1_2&#8243; _builder_version=&#8220;4.27.4&#8243; _module_preset=&#8220;default&#8220; global_colors_info=&#8220;{}&#8220;][et_pb_column type=&#8220;1_2&#8243; _builder_version=&#8220;4.16&#8243; _module_preset=&#8220;default&#8220; global_colors_info=&#8220;{}&#8220;][et_pb_text _builder_version=&#8220;4.27.4&#8243; _module_preset=&#8220;default&#8220; custom_margin=&#8220;|41px||||&#8220; custom_padding=&#8220;|0px||||&#8220; global_colors_info=&#8220;{}&#8220;]<\/p>\n<ul>\n<li>Magirus startet umfassendes Transformationsprogramm nach \u00dcbernahme durch Mutares \u2013 Fokus auf Effizienz, Internationalisierung und Innovation<\/li>\n<li>Ziel: Verdoppelung des Umsatzes auf \u00fcber 750 Mio. Euro bis 2030 durch signifikanten Ausbau von Produktionskapazit\u00e4ten und Innovationsoffensive<\/li>\n<li>10-Punkte-Plan umfasst neue Landesgesellschaften, Ausbau der Produktionskapazit\u00e4ten und Einf\u00fchrung der Sparte Magirus Defense<\/li>\n<li>F\u00fchrungswechsel zum 1. Juli 2025: Fatmir Veselaj wird Magirus Group CEO, Thomas Hilse wechselt in den Aufsichtsrat<\/li>\n<\/ul>\n<p>[\/et_pb_text][et_pb_text _builder_version=&#8220;4.27.4&#8243; _module_preset=&#8220;default&#8220; global_colors_info=&#8220;{}&#8220;]<\/p>\n<p style=\"text-align: justify;\">Magirus, einer der weltweit f\u00fchrenden Hersteller von Feuerwehrtechnik, stellt heute seinen Mitarbeitenden in Ulm und an den Standorten seiner Tochtergesellschaften einen umfassenden Transformationsplan vor, der gezielt auf die ver\u00e4nderten Marktbedingungen und das globale Wachstumspotenzial ausgerichtet ist. Die Initiative folgt auf die \u00dcbernahme durch die Mutares SE &amp; Co. KGaA im Januar 2025 und unterstreicht den Anspruch von Magirus, Innovation, Qualit\u00e4t und Kundenn\u00e4he als tragende S\u00e4ulen der Unternehmens-DNA konsequent weiterzuentwickeln.<br \/>Mit dem Transformationsprogramm reagiert Magirus auf ver\u00e4ndertes Kundenverhalten und fokussiert sich auf Effizienzsteigerung, Internationalisierung sowie die St\u00e4rkung des Produkt- und Serviceportfolios. Dabei profitiert das Unternehmen vom Industrie- und Turnaround-Know-how der Expertinnen und Experten von Mutares.<br \/>\u201eMit Mutares haben wir einen erfahrenen Partner an unserer Seite, der unsere Transformation aktiv begleitet und gezielt in unser Wachstum investiert. Gemeinsam gestalten wir die Zukunft von Magirus \u2013 mit klarer Vision und hohem Tempo\u201c, sagt Thomas Hilse, CEO der Magirus GmbH.<\/p>\n<p>[\/et_pb_text][et_pb_text _builder_version=&#8220;4.27.4&#8243; _module_preset=&#8220;default&#8220; custom_margin=&#8220;|||1px||&#8220; global_colors_info=&#8220;{}&#8220;]<\/p>\n<p style=\"text-align: justify;\">Magirus verfolgt ambitionierte Ziele: Bis 2030 soll der Jahresumsatz auf \u00fcber 750 Millionen Euro steigen und die Profitabilit\u00e4t nachhaltig stabilisiert werden. Im kurzfristigen Fokus stehen signifikante Produktivit\u00e4tssteigerungen und die damit einhergehende Erh\u00f6hung der Liefertreue. Die Emissionen aus der eigenen Produktion sollen im selben Zeitraum auf netto null gesenkt werden. Hierzu setzt das Unternehmen auf energieeffiziente Technologien, den konsequenten Einsatz erneuerbarer Energien und nachhaltige Produktionsstandards entlang der gesamten Wertsch\u00f6pfungskette. Der gesamte Plan zur Transformation umfasst im Kern 10 Punkte.<\/p>\n<p style=\"text-align: justify;\">[\/et_pb_text][et_pb_image src=&#8220;https:\/\/www.magirus-lohr.at\/homepage\/wp-content\/uploads\/2025\/05\/Magirus-PM_Transformation_2025-05-20_pic-01-1-scaled.jpg&#8220; title_text=&#8220;Magirus PM_Transformation_2025-05-20_pic 01&#8243; _builder_version=&#8220;4.27.4&#8243; _module_preset=&#8220;default&#8220; global_colors_info=&#8220;{}&#8220;][\/et_pb_image][\/et_pb_column][et_pb_column type=&#8220;1_2&#8243; _builder_version=&#8220;4.16&#8243; _module_preset=&#8220;default&#8220; global_colors_info=&#8220;{}&#8220;][et_pb_text _builder_version=&#8220;4.27.4&#8243; _module_preset=&#8220;default&#8220; custom_margin=&#8220;|||1px||&#8220; global_colors_info=&#8220;{}&#8220;]<\/p>\n<p style=\"text-align: justify;\"><strong>10-Punkte-Plan als Kern der Transformation:<\/strong><br \/>1. Internationale Expansion durch den Aufbau eigener Landesgesellschaften in der Schweiz, Spanien, Polen und den Vereinigten Arabischen Emiraten \u2013 weitere M\u00e4rkte sind in Vorbereitung.<br \/>2. Errichtung eines Netzwerks kosteneffizienter Produktionsstandorte in Rum\u00e4nien und Kroatien.<br \/>3. Innovationsoffensive im Bereich Drehleitern und L\u00f6schfahrzeuge, um die technologische F\u00fchrungsposition auszubauen.<br \/>4. Umfangreiche Weiterentwicklung des \u201eDragon\u201c, des Magirus-Spezialfahrzeugs f\u00fcr Flugh\u00e4fen und Gro\u00dfbrandbek\u00e4mpfung.<br \/>5. Skalierung der Produktionskapazit\u00e4ten auf 350 Drehleitern und \u00fcber 1.000 L\u00f6schfahrzeuge j\u00e4hrlich.<br \/>6. Investition in ein erweitertes Equipment-Portfolio, gest\u00fctzt durch ein spezialisiertes Produktteam.<br \/>7. Ausbau des Servicenetzes im DACH-Raum durch organisches und anorganisches Wachstum.<br \/>8. Etablierung der neuen Sparte Magirus Defense f\u00fcr zivile und milit\u00e4rische Spezialfahr-zeuge.<br \/>9. Optimierung der Unternehmensstruktur durch gezielte Reduktion sonstiger betrieblicher Aufwendungen.<br \/>10. Einf\u00fchrung einer Plattform-Organisation mit Fokus auf Projektabwicklung, Produktmanagement und operative Exzellenz.<\/p>\n<p style=\"text-align: justify;\">[\/et_pb_text][et_pb_text _builder_version=&#8220;4.27.4&#8243; _module_preset=&#8220;default&#8220; custom_margin=&#8220;|||1px||&#8220; global_colors_info=&#8220;{}&#8220;]<\/p>\n<p style=\"text-align: justify;\"><strong>Strategischer Ausblick<\/strong><br \/>Mit den eingeleiteten Ma\u00dfnahmen will Magirus seine Wettbewerbsf\u00e4higkeit substanziell st\u00e4rken und das Unternehmen zukunftssicher im globalen Markt positionieren. Die geplante Trennung vom bisherigen Mutterkonzern IVECO schreitet ebenfalls planm\u00e4\u00dfig voran.<br \/>Im Rahmen des Transformationsprozesses kommt es zum 1. Juli 2025 zu einem F\u00fchrungswechsel: Thomas Hilse wechselt in den Aufsichtsrat, Fatmir Veselaj, bisher Chief Restructuring Officer, \u00fcbernimmt als neuer CEO die operative Verantwortung f\u00fcr das Ulmer Traditionsunternehmen.<\/p>\n<p style=\"text-align: justify;\">\n<p style=\"text-align: justify;\">\u201eWir tragen eine hohe gesellschaftliche Verantwortung: Unsere Produkte m\u00fcssen in kritischen Momenten zuverl\u00e4ssig funktionieren. Gleichzeitig stehen wir in der Pflicht, unseren Kunden jederzeit zur Seite zu stehen. Mit den eingeleiteten Schritten sorgen wir daf\u00fcr, dass Magirus auch langfristig als leistungsf\u00e4higes mittelst\u00e4ndisches Unternehmen aufgestellt ist\u201c, sagt Fatmir Veselaj, designierter CEO der Magirus GmbH.<br \/>Mutares bekr\u00e4ftigt das klare Bekenntnis zur Marke Magirus und unterst\u00fctzt den ambitionierten Wachstumspfad. Der Auftragsbestand befindet sich auf historischem H\u00f6chstniveau und untermauert die Wachstumsambitionen.<\/p>\n<p style=\"text-align: justify;\">[\/et_pb_text][et_pb_text _builder_version=&#8220;4.27.4&#8243; _dynamic_attributes=&#8220;link_option_url&#8220; _module_preset=&#8220;default&#8220; link_option_url=&#8220;@ET-DC@eyJkeW5hbWljIjp0cnVlLCJjb250ZW50IjoicG9zdF9saW5rX3VybF9hdHRhY2htZW50Iiwic2V0dGluZ3MiOnsicG9zdF9pZCI6IjI1ODQ5NCJ9fQ==@&#8220; global_colors_info=&#8220;{}&#8220;]<\/p>\n<p class=\"page_header\"><strong><span style=\"color: #ff0000;\"><a href=\"https:\/\/www.magirus-lohr.at\/homepage\/wp-content\/uploads\/2025\/05\/Magirus-PM_Transformation_2025-05-20_DE.pdf\" style=\"color: #ff0000;\">Pressemitteilung (Deutsch)<\/a><\/span><\/strong><\/p>\n<h6 class=\"page_header\"><\/h6>\n<p>[\/et_pb_text][et_pb_text _builder_version=&#8220;4.27.4&#8243; _dynamic_attributes=&#8220;link_option_url&#8220; _module_preset=&#8220;default&#8220; link_option_url=&#8220;@ET-DC@eyJkeW5hbWljIjp0cnVlLCJjb250ZW50IjoicG9zdF9saW5rX3VybF9hdHRhY2htZW50Iiwic2V0dGluZ3MiOnsicG9zdF9pZCI6IjI1ODQ5NiJ9fQ==@&#8220; global_colors_info=&#8220;{}&#8220;]<\/p>\n<p class=\"page_header\"><strong><span style=\"color: #ff0000;\"><a href=\"https:\/\/www.magirus-lohr.at\/homepage\/wp-content\/uploads\/2025\/05\/Magirus-PM_Transformation_2025-05-20_FR.pdf\" style=\"color: #ff0000;\">Pressemitteilung (Franz\u00f6sisch)<\/a><\/span><\/strong><\/p>\n<h6 class=\"page_header\"><\/h6>\n<p>[\/et_pb_text][et_pb_text _builder_version=&#8220;4.27.4&#8243; _dynamic_attributes=&#8220;link_option_url&#8220; _module_preset=&#8220;default&#8220; link_option_url=&#8220;@ET-DC@eyJkeW5hbWljIjp0cnVlLCJjb250ZW50IjoicG9zdF9saW5rX3VybF9hdHRhY2htZW50Iiwic2V0dGluZ3MiOnsicG9zdF9pZCI6IjI1ODQ5NyJ9fQ==@&#8220; global_colors_info=&#8220;{}&#8220;]<\/p>\n<p class=\"page_header\"><strong><span style=\"color: #ff0000;\"><a href=\"https:\/\/www.magirus-lohr.at\/homepage\/wp-content\/uploads\/2025\/05\/Magirus-PM_Transformation_2025-05-20_IT.pdf\" style=\"color: #ff0000;\">Pressemitteilung (Italienisch)<\/a><\/span><\/strong><\/p>\n<h6 class=\"page_header\"><\/h6>\n<p>[\/et_pb_text][et_pb_image src=&#8220;https:\/\/www.magirus-lohr.at\/homepage\/wp-content\/uploads\/2025\/05\/Magirus-PM_Transformation_2025-05-20_pic-02-1-scaled.jpg&#8220; title_text=&#8220;Magirus PM_Transformation_2025-05-20_pic 02&#8243; _builder_version=&#8220;4.27.4&#8243; _module_preset=&#8220;default&#8220; global_colors_info=&#8220;{}&#8220;][\/et_pb_image][\/et_pb_column][\/et_pb_row][et_pb_row column_structure=&#8220;1_3,1_3,1_3&#8243; _builder_version=&#8220;4.27.4&#8243; _module_preset=&#8220;default&#8220; custom_margin=&#8220;|auto||340px||&#8220; global_colors_info=&#8220;{}&#8220;][et_pb_column type=&#8220;1_3&#8243; _builder_version=&#8220;4.27.4&#8243; _module_preset=&#8220;default&#8220; global_colors_info=&#8220;{}&#8220;][\/et_pb_column][et_pb_column type=&#8220;1_3&#8243; _builder_version=&#8220;4.27.4&#8243; _module_preset=&#8220;default&#8220; global_colors_info=&#8220;{}&#8220;][\/et_pb_column][et_pb_column type=&#8220;1_3&#8243; _builder_version=&#8220;4.27.4&#8243; _module_preset=&#8220;default&#8220; global_colors_info=&#8220;{}&#8220;][et_pb_image src=&#8220;https:\/\/www.magirus-lohr.at\/homepage\/wp-content\/uploads\/2025\/05\/Magirus-PM_Transformation_2025-05-20_pic-01-1-scaled.jpg&#8220; title_text=&#8220;Magirus PM_Transformation_2025-05-20_pic 01&#8243; _builder_version=&#8220;4.27.4&#8243; _module_preset=&#8220;default&#8220; custom_padding=&#8220;|297px||297px||&#8220; global_colors_info=&#8220;{}&#8220;][\/et_pb_image][\/et_pb_column][\/et_pb_row][et_pb_row disabled_on=&#8220;off|off|on&#8220; module_class=&#8220;mobile-parallax&#8220; _builder_version=&#8220;4.8.1&#8243; _module_preset=&#8220;default&#8220; custom_margin_tablet=&#8220;&#8220; custom_margin_phone=&#8220;0px||||false|false&#8220; custom_margin_last_edited=&#8220;on|phone&#8220; custom_padding=&#8220;1px||||false|false&#8220; global_module=&#8220;238384&#8243; saved_tabs=&#8220;all&#8220; locked=&#8220;off&#8220; collapsed=&#8220;off&#8220; global_colors_info=&#8220;{}&#8220;][et_pb_column type=&#8220;4_4&#8243; _builder_version=&#8220;4.16&#8243; _module_preset=&#8220;default&#8220; global_colors_info=&#8220;{}&#8220;][\/et_pb_column][\/et_pb_row][\/et_pb_section]<\/p>\n","protected":false},"excerpt":{"rendered":"<p>MAGIRUS SETZT AUF WACHSTUMMagirus pr\u00e4sentiert umfassenden Transformationsplan f\u00fcr strategische Neuausrichtung und internationales Wachstum Magirus startet umfassendes Transformationsprogramm nach \u00dcbernahme durch Mutares \u2013 Fokus auf Effizienz, Internationalisierung und Innovation Ziel: Verdoppelung des Umsatzes auf \u00fcber 750 Mio. Euro bis 2030 durch signifikanten Ausbau von Produktionskapazit\u00e4ten und Innovationsoffensive 10-Punkte-Plan umfasst neue Landesgesellschaften, Ausbau der Produktionskapazit\u00e4ten und Einf\u00fchrung [&hellip;]<\/p>\n","protected":false},"author":2,"featured_media":0,"parent":0,"menu_order":0,"comment_status":"closed","ping_status":"closed","template":"","meta":{"_et_pb_use_builder":"on","_et_pb_old_content":"","_et_gb_content_width":"","footnotes":""},"class_list":["post-258500","page","type-page","status-publish","hentry"],"yoast_head":"<!-- This site is optimized with the Yoast SEO plugin v27.1.1 - https:\/\/yoast.com\/product\/yoast-seo-wordpress\/ -->\n<title>Pressemitteilung Magirus setzt auf Wachstum - Magirus - Lohr GmbH<\/title>\n<meta name=\"robots\" content=\"index, follow, max-snippet:-1, max-image-preview:large, max-video-preview:-1\" \/>\n<link rel=\"canonical\" href=\"https:\/\/www.magirus-lohr.at\/homepage\/pressemitteilung-magirus-setzt-auf-wachstum\/\" \/>\n<meta property=\"og:locale\" content=\"de_DE\" \/>\n<meta property=\"og:type\" content=\"article\" \/>\n<meta property=\"og:title\" content=\"Pressemitteilung Magirus setzt auf Wachstum - Magirus - Lohr GmbH\" \/>\n<meta property=\"og:description\" content=\"MAGIRUS SETZT AUF WACHSTUMMagirus pr\u00e4sentiert umfassenden Transformationsplan f\u00fcr strategische Neuausrichtung und internationales Wachstum Magirus startet umfassendes Transformationsprogramm nach \u00dcbernahme durch Mutares \u2013 Fokus auf Effizienz, Internationalisierung und Innovation Ziel: Verdoppelung des Umsatzes auf \u00fcber 750 Mio. Euro bis 2030 durch signifikanten Ausbau von Produktionskapazit\u00e4ten und Innovationsoffensive 10-Punkte-Plan umfasst neue Landesgesellschaften, Ausbau der Produktionskapazit\u00e4ten und Einf\u00fchrung [&hellip;]\" \/>\n<meta property=\"og:url\" content=\"https:\/\/www.magirus-lohr.at\/homepage\/pressemitteilung-magirus-setzt-auf-wachstum\/\" \/>\n<meta property=\"og:site_name\" content=\"Magirus - Lohr GmbH\" \/>\n<meta property=\"article:publisher\" content=\"https:\/\/www.facebook.com\/magiruslohr\/\" \/>\n<meta property=\"article:modified_time\" content=\"2025-05-21T05:49:03+00:00\" \/>\n<meta name=\"twitter:card\" content=\"summary_large_image\" \/>\n<meta name=\"twitter:label1\" content=\"Gesch\u00e4tzte Lesezeit\" \/>\n\t<meta name=\"twitter:data1\" content=\"2\u00a0Minuten\" \/>\n<script type=\"application\/ld+json\" class=\"yoast-schema-graph\">{\"@context\":\"https:\/\/schema.org\",\"@graph\":[{\"@type\":\"WebPage\",\"@id\":\"https:\/\/www.magirus-lohr.at\/homepage\/pressemitteilung-magirus-setzt-auf-wachstum\/\",\"url\":\"https:\/\/www.magirus-lohr.at\/homepage\/pressemitteilung-magirus-setzt-auf-wachstum\/\",\"name\":\"Pressemitteilung Magirus setzt auf Wachstum - Magirus - Lohr GmbH\",\"isPartOf\":{\"@id\":\"https:\/\/www.magirus-lohr.at\/homepage\/#website\"},\"datePublished\":\"2025-05-21T05:35:59+00:00\",\"dateModified\":\"2025-05-21T05:49:03+00:00\",\"breadcrumb\":{\"@id\":\"https:\/\/www.magirus-lohr.at\/homepage\/pressemitteilung-magirus-setzt-auf-wachstum\/#breadcrumb\"},\"inLanguage\":\"de\",\"potentialAction\":[{\"@type\":\"ReadAction\",\"target\":[\"https:\/\/www.magirus-lohr.at\/homepage\/pressemitteilung-magirus-setzt-auf-wachstum\/\"]}]},{\"@type\":\"BreadcrumbList\",\"@id\":\"https:\/\/www.magirus-lohr.at\/homepage\/pressemitteilung-magirus-setzt-auf-wachstum\/#breadcrumb\",\"itemListElement\":[{\"@type\":\"ListItem\",\"position\":1,\"name\":\"Startseite\",\"item\":\"https:\/\/www.magirus-lohr.at\/homepage\/\"},{\"@type\":\"ListItem\",\"position\":2,\"name\":\"Pressemitteilung Magirus setzt auf Wachstum\"}]},{\"@type\":\"WebSite\",\"@id\":\"https:\/\/www.magirus-lohr.at\/homepage\/#website\",\"url\":\"https:\/\/www.magirus-lohr.at\/homepage\/\",\"name\":\"Magirus - Lohr GmbH\",\"description\":\"Serving Heroes. Since 1864.\",\"publisher\":{\"@id\":\"https:\/\/www.magirus-lohr.at\/homepage\/#organization\"},\"potentialAction\":[{\"@type\":\"SearchAction\",\"target\":{\"@type\":\"EntryPoint\",\"urlTemplate\":\"https:\/\/www.magirus-lohr.at\/homepage\/?s={search_term_string}\"},\"query-input\":{\"@type\":\"PropertyValueSpecification\",\"valueRequired\":true,\"valueName\":\"search_term_string\"}}],\"inLanguage\":\"de\"},{\"@type\":\"Organization\",\"@id\":\"https:\/\/www.magirus-lohr.at\/homepage\/#organization\",\"name\":\"Magirus Lohr GmbH\",\"url\":\"https:\/\/www.magirus-lohr.at\/homepage\/\",\"logo\":{\"@type\":\"ImageObject\",\"inLanguage\":\"de\",\"@id\":\"https:\/\/www.magirus-lohr.at\/homepage\/#\/schema\/logo\/image\/\",\"url\":\"https:\/\/www.magirus-lohr.at\/homepage\/wp-content\/uploads\/2020\/12\/Magirus_Lohr_RGB1.png\",\"contentUrl\":\"https:\/\/www.magirus-lohr.at\/homepage\/wp-content\/uploads\/2020\/12\/Magirus_Lohr_RGB1.png\",\"width\":1006,\"height\":225,\"caption\":\"Magirus Lohr GmbH\"},\"image\":{\"@id\":\"https:\/\/www.magirus-lohr.at\/homepage\/#\/schema\/logo\/image\/\"},\"sameAs\":[\"https:\/\/www.facebook.com\/magiruslohr\/\"]}]}<\/script>\n<!-- \/ Yoast SEO plugin. -->","yoast_head_json":{"title":"Pressemitteilung Magirus setzt auf Wachstum - Magirus - Lohr GmbH","robots":{"index":"index","follow":"follow","max-snippet":"max-snippet:-1","max-image-preview":"max-image-preview:large","max-video-preview":"max-video-preview:-1"},"canonical":"https:\/\/www.magirus-lohr.at\/homepage\/pressemitteilung-magirus-setzt-auf-wachstum\/","og_locale":"de_DE","og_type":"article","og_title":"Pressemitteilung Magirus setzt auf Wachstum - Magirus - Lohr GmbH","og_description":"MAGIRUS SETZT AUF WACHSTUMMagirus pr\u00e4sentiert umfassenden Transformationsplan f\u00fcr strategische Neuausrichtung und internationales Wachstum Magirus startet umfassendes Transformationsprogramm nach \u00dcbernahme durch Mutares \u2013 Fokus auf Effizienz, Internationalisierung und Innovation Ziel: Verdoppelung des Umsatzes auf \u00fcber 750 Mio. Euro bis 2030 durch signifikanten Ausbau von Produktionskapazit\u00e4ten und Innovationsoffensive 10-Punkte-Plan umfasst neue Landesgesellschaften, Ausbau der Produktionskapazit\u00e4ten und Einf\u00fchrung [&hellip;]","og_url":"https:\/\/www.magirus-lohr.at\/homepage\/pressemitteilung-magirus-setzt-auf-wachstum\/","og_site_name":"Magirus - Lohr GmbH","article_publisher":"https:\/\/www.facebook.com\/magiruslohr\/","article_modified_time":"2025-05-21T05:49:03+00:00","twitter_card":"summary_large_image","twitter_misc":{"Gesch\u00e4tzte Lesezeit":"2\u00a0Minuten"},"schema":{"@context":"https:\/\/schema.org","@graph":[{"@type":"WebPage","@id":"https:\/\/www.magirus-lohr.at\/homepage\/pressemitteilung-magirus-setzt-auf-wachstum\/","url":"https:\/\/www.magirus-lohr.at\/homepage\/pressemitteilung-magirus-setzt-auf-wachstum\/","name":"Pressemitteilung Magirus setzt auf Wachstum - Magirus - Lohr GmbH","isPartOf":{"@id":"https:\/\/www.magirus-lohr.at\/homepage\/#website"},"datePublished":"2025-05-21T05:35:59+00:00","dateModified":"2025-05-21T05:49:03+00:00","breadcrumb":{"@id":"https:\/\/www.magirus-lohr.at\/homepage\/pressemitteilung-magirus-setzt-auf-wachstum\/#breadcrumb"},"inLanguage":"de","potentialAction":[{"@type":"ReadAction","target":["https:\/\/www.magirus-lohr.at\/homepage\/pressemitteilung-magirus-setzt-auf-wachstum\/"]}]},{"@type":"BreadcrumbList","@id":"https:\/\/www.magirus-lohr.at\/homepage\/pressemitteilung-magirus-setzt-auf-wachstum\/#breadcrumb","itemListElement":[{"@type":"ListItem","position":1,"name":"Startseite","item":"https:\/\/www.magirus-lohr.at\/homepage\/"},{"@type":"ListItem","position":2,"name":"Pressemitteilung Magirus setzt auf Wachstum"}]},{"@type":"WebSite","@id":"https:\/\/www.magirus-lohr.at\/homepage\/#website","url":"https:\/\/www.magirus-lohr.at\/homepage\/","name":"Magirus - Lohr GmbH","description":"Serving Heroes. Since 1864.","publisher":{"@id":"https:\/\/www.magirus-lohr.at\/homepage\/#organization"},"potentialAction":[{"@type":"SearchAction","target":{"@type":"EntryPoint","urlTemplate":"https:\/\/www.magirus-lohr.at\/homepage\/?s={search_term_string}"},"query-input":{"@type":"PropertyValueSpecification","valueRequired":true,"valueName":"search_term_string"}}],"inLanguage":"de"},{"@type":"Organization","@id":"https:\/\/www.magirus-lohr.at\/homepage\/#organization","name":"Magirus Lohr GmbH","url":"https:\/\/www.magirus-lohr.at\/homepage\/","logo":{"@type":"ImageObject","inLanguage":"de","@id":"https:\/\/www.magirus-lohr.at\/homepage\/#\/schema\/logo\/image\/","url":"https:\/\/www.magirus-lohr.at\/homepage\/wp-content\/uploads\/2020\/12\/Magirus_Lohr_RGB1.png","contentUrl":"https:\/\/www.magirus-lohr.at\/homepage\/wp-content\/uploads\/2020\/12\/Magirus_Lohr_RGB1.png","width":1006,"height":225,"caption":"Magirus Lohr GmbH"},"image":{"@id":"https:\/\/www.magirus-lohr.at\/homepage\/#\/schema\/logo\/image\/"},"sameAs":["https:\/\/www.facebook.com\/magiruslohr\/"]}]}},"_links":{"self":[{"href":"https:\/\/www.magirus-lohr.at\/homepage\/wp-json\/wp\/v2\/pages\/258500","targetHints":{"allow":["GET"]}}],"collection":[{"href":"https:\/\/www.magirus-lohr.at\/homepage\/wp-json\/wp\/v2\/pages"}],"about":[{"href":"https:\/\/www.magirus-lohr.at\/homepage\/wp-json\/wp\/v2\/types\/page"}],"author":[{"embeddable":true,"href":"https:\/\/www.magirus-lohr.at\/homepage\/wp-json\/wp\/v2\/users\/2"}],"replies":[{"embeddable":true,"href":"https:\/\/www.magirus-lohr.at\/homepage\/wp-json\/wp\/v2\/comments?post=258500"}],"version-history":[{"count":5,"href":"https:\/\/www.magirus-lohr.at\/homepage\/wp-json\/wp\/v2\/pages\/258500\/revisions"}],"predecessor-version":[{"id":258509,"href":"https:\/\/www.magirus-lohr.at\/homepage\/wp-json\/wp\/v2\/pages\/258500\/revisions\/258509"}],"wp:attachment":[{"href":"https:\/\/www.magirus-lohr.at\/homepage\/wp-json\/wp\/v2\/media?parent=258500"}],"curies":[{"name":"wp","href":"https:\/\/api.w.org\/{rel}","templated":true}]}}