{"id":259214,"date":"2026-02-16T10:27:28","date_gmt":"2026-02-16T09:27:28","guid":{"rendered":"https:\/\/www.magirus-lohr.at\/homepage\/?page_id=259214"},"modified":"2026-02-16T10:40:18","modified_gmt":"2026-02-16T09:40:18","slug":"lfa-oberhofen","status":"publish","type":"page","link":"https:\/\/www.magirus-lohr.at\/homepage\/lfa-oberhofen\/","title":{"rendered":"LFA Oberhofen"},"content":{"rendered":"<p>[et_pb_section fb_built=&#8220;1&#8243; fullwidth=&#8220;on&#8220; _builder_version=&#8220;4.16&#8243; _module_preset=&#8220;default&#8220; locked=&#8220;off&#8220; global_colors_info=&#8220;{}&#8220;][et_pb_fullwidth_image src=&#8220;https:\/\/www.magirus-lohr.at\/homepage\/wp-content\/uploads\/2020\/12\/1Auslieferungen-3-1-scaled.jpg&#8220; title_text=&#8220;1Auslieferungen-3-1&#8243; _builder_version=&#8220;4.27.4&#8243; _module_preset=&#8220;default&#8220; width=&#8220;1440px&#8220; width_tablet=&#8220;100%&#8220; width_phone=&#8220;100%&#8220; width_last_edited=&#8220;on|phone&#8220; max_width=&#8220;100%&#8220; module_alignment=&#8220;center&#8220; custom_margin=&#8220;0px||||false|false&#8220; custom_margin_tablet=&#8220;-8px||||false|false&#8220; custom_margin_phone=&#8220;-7px||||false|false&#8220; custom_margin_last_edited=&#8220;on|tablet&#8220; custom_padding=&#8220;79px||||false|false&#8220; global_colors_info=&#8220;{}&#8220;][\/et_pb_fullwidth_image][\/et_pb_section][et_pb_section fb_built=&#8220;1&#8243; _builder_version=&#8220;4.16&#8243; _module_preset=&#8220;default&#8220; background_image=&#8220;https:\/\/www.magirus-lohr.at\/homepage\/wp-content\/uploads\/2020\/11\/body-bg.jpg&#8220; custom_padding=&#8220;5px||0px|||&#8220; border_width_bottom=&#8220;2px&#8220; global_colors_info=&#8220;{}&#8220;][et_pb_row _builder_version=&#8220;4.16&#8243; _module_preset=&#8220;default&#8220; custom_padding=&#8220;2px||2px|||&#8220; global_colors_info=&#8220;{}&#8220;][et_pb_column type=&#8220;4_4&#8243; _builder_version=&#8220;4.16&#8243; _module_preset=&#8220;default&#8220; global_colors_info=&#8220;{}&#8220;][et_pb_text disabled_on=&#8220;on|on|on&#8220; _builder_version=&#8220;4.16&#8243; _module_preset=&#8220;default&#8220; disabled=&#8220;on&#8220; global_colors_info=&#8220;{}&#8220;]<\/p>\n\t\t\t<!-- Flexy Breadcrumb -->\r\n\t\t\t<div class=\"fbc fbc-page\">\r\n\r\n\t\t\t\t<!-- Breadcrumb wrapper -->\r\n\t\t\t\t<div class=\"fbc-wrap\">\r\n\r\n\t\t\t\t\t<!-- Ordered list-->\r\n\t\t\t\t\t<ol class=\"fbc-items\" itemscope itemtype=\"https:\/\/schema.org\/BreadcrumbList\">\r\n\t\t\t\t\t\t            <li itemprop=\"itemListElement\" itemscope itemtype=\"https:\/\/schema.org\/ListItem\">\r\n                <span itemprop=\"name\">\r\n                    <!-- Home Link -->\r\n                    <a itemprop=\"item\" href=\"https:\/\/www.magirus-lohr.at\/homepage\">\r\n                    \r\n                                                    <i class=\"fa fa-home\" aria-hidden=\"true\"><\/i>Home                    <\/a>\r\n                <\/span>\r\n                <meta itemprop=\"position\" content=\"1\" \/><!-- Meta Position-->\r\n             <\/li><li><span class=\"fbc-separator\">><\/span><\/li><li class=\"active\" itemprop=\"itemListElement\" itemscope itemtype=\"https:\/\/schema.org\/ListItem\"><span itemprop=\"name\" title=\"LFA Oberhofen\">LFA Oberhofen<\/span><meta itemprop=\"position\" content=\"2\" \/><\/li>\t\t\t\t\t<\/ol>\r\n\t\t\t\t\t<div class=\"clearfix\"><\/div>\r\n\t\t\t\t<\/div>\r\n\t\t\t<\/div>\r\n\t\t\t\n<p>[\/et_pb_text][\/et_pb_column][\/et_pb_row][et_pb_row column_structure=&#8220;1_2,1_2&#8243; _builder_version=&#8220;4.16&#8243; _module_preset=&#8220;default&#8220; min_height=&#8220;248px&#8220; custom_padding=&#8220;||0px|||&#8220; border_color_all=&#8220;rgba(0,0,0,0)&#8220; border_width_bottom=&#8220;3px&#8220; global_colors_info=&#8220;{}&#8220;][et_pb_column type=&#8220;1_2&#8243; _builder_version=&#8220;4.16&#8243; _module_preset=&#8220;default&#8220; border_color_all=&#8220;#e02b20&#8243; global_colors_info=&#8220;{}&#8220;][et_pb_gallery gallery_ids=&#8220;259218&#8243; fullwidth=&#8220;on&#8220; _builder_version=&#8220;4.27.5&#8243; _module_preset=&#8220;default&#8220; pagination_text_color=&#8220;#000000&#8243; animation_style=&#8220;zoom&#8220; hover_enabled=&#8220;0&#8243; border_radii=&#8220;on|10px|10px|10px|10px&#8220; box_shadow_style=&#8220;preset2&#8243; global_colors_info=&#8220;{}&#8220; sticky_enabled=&#8220;0&#8243;][\/et_pb_gallery][\/et_pb_column][et_pb_column type=&#8220;1_2&#8243; _builder_version=&#8220;4.16&#8243; _module_preset=&#8220;default&#8220; global_colors_info=&#8220;{}&#8220;][et_pb_text _builder_version=&#8220;4.27.5&#8243; _module_preset=&#8220;default&#8220; header_4_font=&#8220;Open Sans||||||||&#8220; hover_enabled=&#8220;0&#8243; border_color_all=&#8220;rgba(0,0,0,0)&#8220; border_color_bottom=&#8220;#000000&#8243; global_colors_info=&#8220;{}&#8220; sticky_enabled=&#8220;0&#8243;]<\/p>\n<h1>LF f\u00fcr Oberhofen<\/h1>\n<table style=\"width: 522px; height: 316px; float: left;\">\n<caption><\/caption>\n<tbody>\n<tr style=\"height: 29px;\">\n<td style=\"width: 251.484px; height: 29px;\"><strong>Typ<\/strong><\/td>\n<td style=\"width: 254.516px; height: 29px;\"><span>LF<\/span><\/td>\n<\/tr>\n<tr style=\"height: 29px;\">\n<td style=\"width: 251.484px; height: 29px;\">\n<div class=\"delivery__detail__item--data__label\"><strong>Kunde<\/strong><\/div>\n<\/td>\n<td style=\"width: 254.516px; height: 29px;\"><span><span>Freiwillige Feuerwehr Oberhofen<\/span><\/span><\/td>\n<\/tr>\n<tr style=\"height: 29px;\">\n<td style=\"width: 251.484px; height: 29px;\">\n<div class=\"delivery__detail__item--data__label\"><strong>Land<\/strong><\/div>\n<\/td>\n<td style=\"width: 254.516px; height: 29px;\">\u00d6strreich \/ Tirol<\/td>\n<\/tr>\n<tr style=\"height: 29px;\">\n<td style=\"width: 251.484px; height: 27px;\">\n<div class=\"delivery__detail__item--data__label\"><strong>Fahrgestell<\/strong><\/div>\n<\/td>\n<td style=\"width: 254.516px; height: 27px;\">IVECO Daily, 4 x 2<\/td>\n<\/tr>\n<tr style=\"height: 29px;\">\n<td style=\"width: 251.484px; height: 29px;\">\n<div class=\"delivery__detail__item--data__label\"><strong>Motorleistung<\/strong><\/div>\n<\/td>\n<td style=\"width: 254.516px; height: 29px;\">\n<div class=\"delivery__detail__item--data__field\"><span>152 kW (207 PS), Euro 6<\/span><\/div>\n<\/td>\n<\/tr>\n<tr style=\"height: 29px;\">\n<td style=\"width: 251.484px; height: 29px;\">\n<div class=\"delivery__detail__item--data__label\"><strong>Radstand<\/strong><\/div>\n<\/td>\n<td style=\"width: 254.516px; height: 29px;\">\n<div class=\"delivery__detail__item--data__field\"><span>3.750 mm<\/span><\/div>\n<\/td>\n<\/tr>\n<tr style=\"height: 29px;\">\n<td style=\"width: 251.484px; height: 29px;\">\n<div class=\"delivery__detail__item--data__label\"><strong>Besatzung<\/strong><\/div>\n<\/td>\n<td style=\"width: 254.516px; height: 29px;\"><span>1 + 8<\/span><\/td>\n<\/tr>\n<tr style=\"height: 29px;\">\n<td style=\"width: 251.484px; height: 29px;\"><strong>Pumpen-Nennleistung<\/strong><\/td>\n<td style=\"width: 254.516px; height: 29px;\"><span>&#8211; \/ &#8211;<\/span><\/td>\n<\/tr>\n<tr style=\"height: 57px;\">\n<td style=\"width: 251.484px; height: 57px;\">\n<div class=\"delivery__detail__item--data__label\"><strong>Wasserbeh\u00e4lter \/ Schaumbeh\u00e4lte<\/strong>r<\/div>\n<\/td>\n<td style=\"width: 254.516px; height: 57px;\"><span>&#8211; \/ &#8211;<br \/>&#8211; \/ &#8211;<\/span><\/td>\n<\/tr>\n<tr style=\"height: 29px;\">\n<td style=\"width: 251.484px; height: 29px;\">\n<div class=\"delivery__detail__item--data__label\"><strong>Fahrzeugabmessungen<\/strong><\/div>\n<\/td>\n<td style=\"width: 254.516px; height: 29px;\"><span>6.600 x 2.250 x 2.800 mm<\/span><\/td>\n<\/tr>\n<\/tbody>\n<\/table>\n<p>&nbsp;<\/p>\n<p>[\/et_pb_text][\/et_pb_column][\/et_pb_row][\/et_pb_section][et_pb_section fb_built=&#8220;1&#8243; admin_label=&#8220;Sektion&#8220; _builder_version=&#8220;4.16&#8243; _module_preset=&#8220;default&#8220; background_image=&#8220;https:\/\/www.magirus-lohr.at\/homepage\/wp-content\/uploads\/2020\/11\/body_1-bg.jpg&#8220; global_colors_info=&#8220;{}&#8220;][et_pb_row column_structure=&#8220;1_2,1_2&#8243; _builder_version=&#8220;4.16&#8243; _module_preset=&#8220;default&#8220; global_colors_info=&#8220;{}&#8220;][et_pb_column type=&#8220;1_2&#8243; _builder_version=&#8220;4.16&#8243; _module_preset=&#8220;default&#8220; global_colors_info=&#8220;{}&#8220;][et_pb_text _builder_version=&#8220;4.27.5&#8243; _module_preset=&#8220;default&#8220; hover_enabled=&#8220;0&#8243; global_colors_info=&#8220;{}&#8220; sticky_enabled=&#8220;0&#8243;]<\/p>\n<h2>Aufbau-Details<\/h2>\n<div class=\"delivery__detail__item--row\">\n<div class=\"delivery__detail__item--left\">\n<div>\n<ul>\n<li>AluFire3 Aufbau<\/li>\n<li>TS- Absenkschine im Heck<\/li>\n<li>Feuerl\u00f6scherschwenker<\/li>\n<li>Drehwand f\u00fcr L\u00f6schausr\u00fcstung<\/li>\n<li>Druckluftentnahme GR1<\/li>\n<li>Schanzwerkzeuglade<\/li>\n<li>Verkehrsleiteinrichtung<\/li>\n<li>Nasssauger<\/li>\n<li>Tauchpumpe<\/li>\n<li>3 Atemschutzger\u00e4te in der Mannschaftskabine<\/li>\n<li>Abstandsradarsystem<\/li>\n<li>Magirus HMI-Bedieneinheit f\u00fcr eine einfache und verst\u00e4ndliche Bedienung des Fahrzeugs<\/li>\n<li>LED Umfeldbeleuchtung am Aufbau und \u00fcber den Mannschaftsraumt\u00fcren<\/li>\n<li>Magirus RKL auf dem Fahrerhausdach, blaue LEDs mit Designverkleidung<\/li>\n<li>Pneumatischer Lichtmast mit 4 x 24 V LED-Scheinwerfer<\/li>\n<li>R\u00fcckfahrkamera<\/li>\n<li>Korbtrage, Steckleiter 4-teilig<\/li>\n<li>Motors\u00e4ge<\/li>\n<li>Stromgenerator<\/li>\n<li>Einrei\u00dfhaken<\/li>\n<li>Beleuchtungsger\u00e4te<\/li>\n<li>Tragkraftspritze<\/li>\n<\/ul>\n<\/div>\n<p>&nbsp;<\/p>\n<\/div>\n<\/div>\n<div class=\"delivery__detail__item--row\">\n<div class=\"delivery__detail__item--left\">\n<div>\n<div><\/div>\n<\/div>\n<\/div>\n<\/div>\n<div class=\"delivery__detail__item--row\">\n<div class=\"delivery__detail__item--left\"><\/div>\n<\/div>\n<p>[\/et_pb_text][\/et_pb_column][et_pb_column type=&#8220;1_2&#8243; _builder_version=&#8220;4.16&#8243; _module_preset=&#8220;default&#8220; global_colors_info=&#8220;{}&#8220;][et_pb_gallery gallery_ids=&#8220;259217&#8243; fullwidth=&#8220;on&#8220; admin_label=&#8220;Galerie&#8220; _builder_version=&#8220;4.27.5&#8243; _module_preset=&#8220;default&#8220; pagination_text_color=&#8220;#000000&#8243; animation_style=&#8220;zoom&#8220; hover_enabled=&#8220;0&#8243; border_radii=&#8220;on|10px|10px|10px|10px&#8220; box_shadow_style=&#8220;preset2&#8243; global_colors_info=&#8220;{}&#8220; sticky_enabled=&#8220;0&#8243;][\/et_pb_gallery][\/et_pb_column][\/et_pb_row][et_pb_row _builder_version=&#8220;4.16&#8243; _module_preset=&#8220;default&#8220; locked=&#8220;off&#8220; global_colors_info=&#8220;{}&#8220;][et_pb_column type=&#8220;4_4&#8243; _builder_version=&#8220;4.16&#8243; _module_preset=&#8220;default&#8220; global_colors_info=&#8220;{}&#8220;][et_pb_button button_url=&#8220;@ET-DC@eyJkeW5hbWljIjp0cnVlLCJjb250ZW50IjoicG9zdF9saW5rX3VybF9wYWdlIiwic2V0dGluZ3MiOnsicG9zdF9pZCI6IjI1ODAyMSJ9fQ==@&#8220; button_text=&#8220;Auslieferungen 2025&#8243; button_alignment=&#8220;left&#8220; _builder_version=&#8220;4.27.4&#8243; _dynamic_attributes=&#8220;button_url&#8220; _module_preset=&#8220;default&#8220; custom_button=&#8220;on&#8220; button_text_color=&#8220;#0a0a0a&#8220; button_bg_color=&#8220;#ffffff&#8220; button_border_width=&#8220;0px&#8220; button_border_radius=&#8220;6px&#8220; button_letter_spacing=&#8220;0px&#8220; button_font=&#8220;GIL SANS mt book||||||||&#8220; button_icon_color=&#8220;#E02B20&#8243; button_icon_placement=&#8220;left&#8220; button_on_hover=&#8220;off&#8220; custom_margin=&#8220;0px||||false|false&#8220; box_shadow_style=&#8220;preset6&#8243; global_colors_info=&#8220;{}&#8220; transform_styles__hover_enabled=&#8220;on|hover&#8220; transform_scale__hover=&#8220;120%|120%&#8220; transform_scale__hover_enabled=&#8220;on|hover&#8220; transform_translate__hover_enabled=&#8220;on|desktop&#8220; transform_rotate__hover_enabled=&#8220;on|desktop&#8220; transform_skew__hover_enabled=&#8220;on|desktop&#8220; transform_origin__hover_enabled=&#8220;on|desktop&#8220; button_text_size__hover_enabled=&#8220;on|hover&#8220;][\/et_pb_button][\/et_pb_column][\/et_pb_row][\/et_pb_section]<\/p>\n","protected":false},"excerpt":{"rendered":"<p>\t\t\t<!-- Flexy Breadcrumb -->\r\n\t\t\t<div class=\"fbc fbc-page\">\r\n\r\n\t\t\t\t<!-- Breadcrumb wrapper -->\r\n\t\t\t\t<div class=\"fbc-wrap\">\r\n\r\n\t\t\t\t\t<!-- Ordered list-->\r\n\t\t\t\t\t<ol class=\"fbc-items\" itemscope itemtype=\"https:\/\/schema.org\/BreadcrumbList\">\r\n\t\t\t\t\t\t            <li itemprop=\"itemListElement\" itemscope itemtype=\"https:\/\/schema.org\/ListItem\">\r\n                <span itemprop=\"name\">\r\n                    <!-- Home Link -->\r\n                    <a itemprop=\"item\" href=\"https:\/\/www.magirus-lohr.at\/homepage\">\r\n                    \r\n                                                    <i class=\"fa fa-home\" aria-hidden=\"true\"><\/i>Home                    <\/a>\r\n                <\/span>\r\n                <meta itemprop=\"position\" content=\"1\" \/><!-- Meta Position-->\r\n             <\/li><li><span class=\"fbc-separator\">><\/span><\/li><li class=\"active\" itemprop=\"itemListElement\" itemscope itemtype=\"https:\/\/schema.org\/ListItem\"><span itemprop=\"name\" title=\"LFA Oberhofen\">LFA Oberhofen<\/span><meta itemprop=\"position\" content=\"2\" \/><\/li>\t\t\t\t\t<\/ol>\r\n\t\t\t\t\t<div class=\"clearfix\"><\/div>\r\n\t\t\t\t<\/div>\r\n\t\t\t<\/div>\r\n\t\t\tLF f\u00fcr Oberhofen Typ LF Kunde Freiwillige Feuerwehr Oberhofen Land \u00d6strreich \/ Tirol Fahrgestell IVECO Daily, 4 x 2 Motorleistung 152 kW (207 PS), Euro 6 Radstand 3.750 mm Besatzung 1 + 8 Pumpen-Nennleistung &#8211; \/ &#8211; Wasserbeh\u00e4lter \/ Schaumbeh\u00e4lter &#8211; \/ &#8212; \/ &#8211; Fahrzeugabmessungen 6.600 x 2.250 x 2.800 mm &nbsp;Aufbau-Details AluFire3 Aufbau [&hellip;]<\/p>\n","protected":false},"author":2,"featured_media":0,"parent":0,"menu_order":0,"comment_status":"closed","ping_status":"closed","template":"","meta":{"_et_pb_use_builder":"on","_et_pb_old_content":"","_et_gb_content_width":"","footnotes":""},"class_list":["post-259214","page","type-page","status-publish","hentry"],"yoast_head":"<!-- This site is optimized with the Yoast SEO plugin v27.1.1 - https:\/\/yoast.com\/product\/yoast-seo-wordpress\/ -->\n<title>LFA Oberhofen - Magirus - Lohr GmbH<\/title>\n<meta name=\"robots\" content=\"index, follow, max-snippet:-1, max-image-preview:large, max-video-preview:-1\" \/>\n<link rel=\"canonical\" href=\"https:\/\/www.magirus-lohr.at\/homepage\/lfa-oberhofen\/\" \/>\n<meta property=\"og:locale\" content=\"de_DE\" \/>\n<meta property=\"og:type\" content=\"article\" \/>\n<meta property=\"og:title\" content=\"LFA Oberhofen - Magirus - Lohr GmbH\" \/>\n<meta property=\"og:description\" content=\"LF f\u00fcr Oberhofen Typ LF Kunde Freiwillige Feuerwehr Oberhofen Land \u00d6strreich \/ Tirol Fahrgestell IVECO Daily, 4 x 2 Motorleistung 152 kW (207 PS), Euro 6 Radstand 3.750 mm Besatzung 1 + 8 Pumpen-Nennleistung - \/ - Wasserbeh\u00e4lter \/ Schaumbeh\u00e4lter - \/ -- \/ - Fahrzeugabmessungen 6.600 x 2.250 x 2.800 mm &nbsp;Aufbau-Details AluFire3 Aufbau [&hellip;]\" \/>\n<meta property=\"og:url\" content=\"https:\/\/www.magirus-lohr.at\/homepage\/lfa-oberhofen\/\" \/>\n<meta property=\"og:site_name\" content=\"Magirus - Lohr GmbH\" \/>\n<meta property=\"article:publisher\" content=\"https:\/\/www.facebook.com\/magiruslohr\/\" \/>\n<meta property=\"article:modified_time\" content=\"2026-02-16T09:40:18+00:00\" \/>\n<meta name=\"twitter:card\" content=\"summary_large_image\" \/>\n<meta name=\"twitter:label1\" content=\"Gesch\u00e4tzte Lesezeit\" \/>\n\t<meta name=\"twitter:data1\" content=\"4\u00a0Minuten\" \/>\n<script type=\"application\/ld+json\" class=\"yoast-schema-graph\">{\"@context\":\"https:\/\/schema.org\",\"@graph\":[{\"@type\":\"WebPage\",\"@id\":\"https:\/\/www.magirus-lohr.at\/homepage\/lfa-oberhofen\/\",\"url\":\"https:\/\/www.magirus-lohr.at\/homepage\/lfa-oberhofen\/\",\"name\":\"LFA Oberhofen - Magirus - Lohr GmbH\",\"isPartOf\":{\"@id\":\"https:\/\/www.magirus-lohr.at\/homepage\/#website\"},\"datePublished\":\"2026-02-16T09:27:28+00:00\",\"dateModified\":\"2026-02-16T09:40:18+00:00\",\"breadcrumb\":{\"@id\":\"https:\/\/www.magirus-lohr.at\/homepage\/lfa-oberhofen\/#breadcrumb\"},\"inLanguage\":\"de\",\"potentialAction\":[{\"@type\":\"ReadAction\",\"target\":[\"https:\/\/www.magirus-lohr.at\/homepage\/lfa-oberhofen\/\"]}]},{\"@type\":\"BreadcrumbList\",\"@id\":\"https:\/\/www.magirus-lohr.at\/homepage\/lfa-oberhofen\/#breadcrumb\",\"itemListElement\":[{\"@type\":\"ListItem\",\"position\":1,\"name\":\"Startseite\",\"item\":\"https:\/\/www.magirus-lohr.at\/homepage\/\"},{\"@type\":\"ListItem\",\"position\":2,\"name\":\"LFA Oberhofen\"}]},{\"@type\":\"WebSite\",\"@id\":\"https:\/\/www.magirus-lohr.at\/homepage\/#website\",\"url\":\"https:\/\/www.magirus-lohr.at\/homepage\/\",\"name\":\"Magirus - Lohr GmbH\",\"description\":\"Serving Heroes. Since 1864.\",\"publisher\":{\"@id\":\"https:\/\/www.magirus-lohr.at\/homepage\/#organization\"},\"potentialAction\":[{\"@type\":\"SearchAction\",\"target\":{\"@type\":\"EntryPoint\",\"urlTemplate\":\"https:\/\/www.magirus-lohr.at\/homepage\/?s={search_term_string}\"},\"query-input\":{\"@type\":\"PropertyValueSpecification\",\"valueRequired\":true,\"valueName\":\"search_term_string\"}}],\"inLanguage\":\"de\"},{\"@type\":\"Organization\",\"@id\":\"https:\/\/www.magirus-lohr.at\/homepage\/#organization\",\"name\":\"Magirus Lohr GmbH\",\"url\":\"https:\/\/www.magirus-lohr.at\/homepage\/\",\"logo\":{\"@type\":\"ImageObject\",\"inLanguage\":\"de\",\"@id\":\"https:\/\/www.magirus-lohr.at\/homepage\/#\/schema\/logo\/image\/\",\"url\":\"https:\/\/www.magirus-lohr.at\/homepage\/wp-content\/uploads\/2020\/12\/Magirus_Lohr_RGB1.png\",\"contentUrl\":\"https:\/\/www.magirus-lohr.at\/homepage\/wp-content\/uploads\/2020\/12\/Magirus_Lohr_RGB1.png\",\"width\":1006,\"height\":225,\"caption\":\"Magirus Lohr GmbH\"},\"image\":{\"@id\":\"https:\/\/www.magirus-lohr.at\/homepage\/#\/schema\/logo\/image\/\"},\"sameAs\":[\"https:\/\/www.facebook.com\/magiruslohr\/\"]}]}<\/script>\n<!-- \/ Yoast SEO plugin. -->","yoast_head_json":{"title":"LFA Oberhofen - Magirus - Lohr GmbH","robots":{"index":"index","follow":"follow","max-snippet":"max-snippet:-1","max-image-preview":"max-image-preview:large","max-video-preview":"max-video-preview:-1"},"canonical":"https:\/\/www.magirus-lohr.at\/homepage\/lfa-oberhofen\/","og_locale":"de_DE","og_type":"article","og_title":"LFA Oberhofen - Magirus - Lohr GmbH","og_description":"LF f\u00fcr Oberhofen Typ LF Kunde Freiwillige Feuerwehr Oberhofen Land \u00d6strreich \/ Tirol Fahrgestell IVECO Daily, 4 x 2 Motorleistung 152 kW (207 PS), Euro 6 Radstand 3.750 mm Besatzung 1 + 8 Pumpen-Nennleistung - \/ - Wasserbeh\u00e4lter \/ Schaumbeh\u00e4lter - \/ -- \/ - Fahrzeugabmessungen 6.600 x 2.250 x 2.800 mm &nbsp;Aufbau-Details AluFire3 Aufbau [&hellip;]","og_url":"https:\/\/www.magirus-lohr.at\/homepage\/lfa-oberhofen\/","og_site_name":"Magirus - Lohr GmbH","article_publisher":"https:\/\/www.facebook.com\/magiruslohr\/","article_modified_time":"2026-02-16T09:40:18+00:00","twitter_card":"summary_large_image","twitter_misc":{"Gesch\u00e4tzte Lesezeit":"4\u00a0Minuten"},"schema":{"@context":"https:\/\/schema.org","@graph":[{"@type":"WebPage","@id":"https:\/\/www.magirus-lohr.at\/homepage\/lfa-oberhofen\/","url":"https:\/\/www.magirus-lohr.at\/homepage\/lfa-oberhofen\/","name":"LFA Oberhofen - Magirus - Lohr GmbH","isPartOf":{"@id":"https:\/\/www.magirus-lohr.at\/homepage\/#website"},"datePublished":"2026-02-16T09:27:28+00:00","dateModified":"2026-02-16T09:40:18+00:00","breadcrumb":{"@id":"https:\/\/www.magirus-lohr.at\/homepage\/lfa-oberhofen\/#breadcrumb"},"inLanguage":"de","potentialAction":[{"@type":"ReadAction","target":["https:\/\/www.magirus-lohr.at\/homepage\/lfa-oberhofen\/"]}]},{"@type":"BreadcrumbList","@id":"https:\/\/www.magirus-lohr.at\/homepage\/lfa-oberhofen\/#breadcrumb","itemListElement":[{"@type":"ListItem","position":1,"name":"Startseite","item":"https:\/\/www.magirus-lohr.at\/homepage\/"},{"@type":"ListItem","position":2,"name":"LFA Oberhofen"}]},{"@type":"WebSite","@id":"https:\/\/www.magirus-lohr.at\/homepage\/#website","url":"https:\/\/www.magirus-lohr.at\/homepage\/","name":"Magirus - Lohr GmbH","description":"Serving Heroes. Since 1864.","publisher":{"@id":"https:\/\/www.magirus-lohr.at\/homepage\/#organization"},"potentialAction":[{"@type":"SearchAction","target":{"@type":"EntryPoint","urlTemplate":"https:\/\/www.magirus-lohr.at\/homepage\/?s={search_term_string}"},"query-input":{"@type":"PropertyValueSpecification","valueRequired":true,"valueName":"search_term_string"}}],"inLanguage":"de"},{"@type":"Organization","@id":"https:\/\/www.magirus-lohr.at\/homepage\/#organization","name":"Magirus Lohr GmbH","url":"https:\/\/www.magirus-lohr.at\/homepage\/","logo":{"@type":"ImageObject","inLanguage":"de","@id":"https:\/\/www.magirus-lohr.at\/homepage\/#\/schema\/logo\/image\/","url":"https:\/\/www.magirus-lohr.at\/homepage\/wp-content\/uploads\/2020\/12\/Magirus_Lohr_RGB1.png","contentUrl":"https:\/\/www.magirus-lohr.at\/homepage\/wp-content\/uploads\/2020\/12\/Magirus_Lohr_RGB1.png","width":1006,"height":225,"caption":"Magirus Lohr GmbH"},"image":{"@id":"https:\/\/www.magirus-lohr.at\/homepage\/#\/schema\/logo\/image\/"},"sameAs":["https:\/\/www.facebook.com\/magiruslohr\/"]}]}},"_links":{"self":[{"href":"https:\/\/www.magirus-lohr.at\/homepage\/wp-json\/wp\/v2\/pages\/259214","targetHints":{"allow":["GET"]}}],"collection":[{"href":"https:\/\/www.magirus-lohr.at\/homepage\/wp-json\/wp\/v2\/pages"}],"about":[{"href":"https:\/\/www.magirus-lohr.at\/homepage\/wp-json\/wp\/v2\/types\/page"}],"author":[{"embeddable":true,"href":"https:\/\/www.magirus-lohr.at\/homepage\/wp-json\/wp\/v2\/users\/2"}],"replies":[{"embeddable":true,"href":"https:\/\/www.magirus-lohr.at\/homepage\/wp-json\/wp\/v2\/comments?post=259214"}],"version-history":[{"count":4,"href":"https:\/\/www.magirus-lohr.at\/homepage\/wp-json\/wp\/v2\/pages\/259214\/revisions"}],"predecessor-version":[{"id":259222,"href":"https:\/\/www.magirus-lohr.at\/homepage\/wp-json\/wp\/v2\/pages\/259214\/revisions\/259222"}],"wp:attachment":[{"href":"https:\/\/www.magirus-lohr.at\/homepage\/wp-json\/wp\/v2\/media?parent=259214"}],"curies":[{"name":"wp","href":"https:\/\/api.w.org\/{rel}","templated":true}]}}