{"id":4875,"date":"2020-10-15T20:53:13","date_gmt":"2020-10-15T18:53:13","guid":{"rendered":"https:\/\/www.magirus-lohr.at\/homepage\/?page_id=4875"},"modified":"2025-08-28T11:55:48","modified_gmt":"2025-08-28T09:55:48","slug":"used-vehicle","status":"publish","type":"page","link":"https:\/\/www.magirus-lohr.at\/homepage\/used-vehicle\/","title":{"rendered":"Used Vehicle"},"content":{"rendered":"<p>[et_pb_section fb_built=&#8220;1&#8243; fullwidth=&#8220;on&#8220; _builder_version=&#8220;4.16&#8243; _module_preset=&#8220;default&#8220; global_colors_info=&#8220;{}&#8220;][et_pb_fullwidth_image src=&#8220;https:\/\/www.magirus-lohr.at\/homepage\/wp-content\/uploads\/2020\/12\/1Gebrauchtfahrzeuge-1-scaled.jpg&#8220; title_text=&#8220;1Gebrauchtfahrzeuge-1&#8243; _builder_version=&#8220;4.16&#8243; _module_preset=&#8220;default&#8220; width=&#8220;100%&#8220; width_tablet=&#8220;100%&#8220; width_phone=&#8220;&#8220; width_last_edited=&#8220;on|desktop&#8220; max_width=&#8220;1440px&#8220; module_alignment=&#8220;center&#8220; custom_margin=&#8220;0px||||false|false&#8220; custom_margin_tablet=&#8220;-9px||||false|false&#8220; custom_margin_phone=&#8220;-8px||||false|false&#8220; custom_margin_last_edited=&#8220;on|tablet&#8220; custom_padding=&#8220;79px||||false|false&#8220; global_colors_info=&#8220;{}&#8220;][\/et_pb_fullwidth_image][\/et_pb_section][et_pb_section fb_built=&#8220;1&#8243; admin_label=&#8220;Service Details Section&#8220; _builder_version=&#8220;4.16&#8243; width=&#8220;100%&#8220; max_width=&#8220;1440px&#8220; module_alignment=&#8220;center&#8220; min_height=&#8220;889px&#8220; custom_margin=&#8220;15px||||false|false&#8220; custom_padding=&#8220;9px|0px|8px|0px||&#8220; module_alignment_tablet=&#8220;&#8220; module_alignment_phone=&#8220;&#8220; module_alignment_last_edited=&#8220;on|tablet&#8220; global_colors_info=&#8220;{}&#8220;][et_pb_row admin_label=&#8220;Service Details Header Row&#8220; _builder_version=&#8220;4.16&#8243; global_colors_info=&#8220;{}&#8220;][et_pb_column type=&#8220;4_4&#8243; _builder_version=&#8220;4.16&#8243; custom_padding=&#8220;|||&#8220; global_colors_info=&#8220;{}&#8220; custom_padding__hover=&#8220;|||&#8220;][et_pb_text content_tablet=&#8220;<\/p>\n<h4 style=%22text-align: left;%22><strong>AUCH BEI GEBRAUCHTFAHRZEUGEN <\/strong><\/h4>\n<h4 style=%22text-align: left;%22><strong>H\u00d6RT DIE QUALIT\u00c4T NICHT AUF!<\/strong><\/h4>\n<p>&#8220; content_phone=&#8220;<\/p>\n<h4 style=%22text-align: left;%22><strong>AUCH BEI GEBRAUCHTFAHRZEUGEN <\/strong><strong>H\u00d6RT DIE QUALIT\u00c4T NICHT AUF!<\/strong><\/h4>\n<p>&#8220; content_last_edited=&#8220;on|tablet&#8220; admin_label=&#8220;Service Title&#8220; _builder_version=&#8220;4.16&#8243; text_font=&#8220;Arial||||||||&#8220; text_font_size=&#8220;9px&#8220; text_line_height=&#8220;1.8em&#8220; header_font=&#8220;Arial||||||||&#8220; header_text_color=&#8220;#3a3a3a&#8220; header_line_height=&#8220;1.7em&#8220; header_2_font=&#8220;GIL SANS mt book||||||||&#8220; header_2_text_color=&#8220;#3a3a3a&#8220; header_2_font_size=&#8220;29px&#8220; header_5_font=&#8220;Gil Sans mt||||||||&#8220; max_width=&#8220;1131px&#8220; custom_margin=&#8220;|||-140px|false|false&#8220; custom_padding=&#8220;|||141px|false|false&#8220; custom_padding_tablet=&#8220;&#8220; custom_padding_phone=&#8220;|||11px|false|false&#8220; custom_padding_last_edited=&#8220;on|desktop&#8220; header_text_align_tablet=&#8220;&#8220; header_text_align_phone=&#8220;&#8220; header_text_align_last_edited=&#8220;on|desktop&#8220; header_5_text_align_tablet=&#8220;&#8220; header_5_text_align_phone=&#8220;center&#8220; header_5_text_align_last_edited=&#8220;on|phone&#8220; module_alignment_tablet=&#8220;center&#8220; module_alignment_phone=&#8220;&#8220; module_alignment_last_edited=&#8220;on|tablet&#8220; global_colors_info=&#8220;{}&#8220;]<\/p>\n<h2 style=\"text-align: center;\"><strong>AUCH BEI GEBRAUCHTFAHRZEUGEN\u00a0H\u00d6RT DIE QUALIT\u00c4T NICHT AUF<\/strong><\/h2>\n<p>[\/et_pb_text][\/et_pb_column][\/et_pb_row][et_pb_row _builder_version=&#8220;4.16&#8243; _module_preset=&#8220;default&#8220; custom_margin=&#8220;-47px||||false|false&#8220; global_colors_info=&#8220;{}&#8220;][et_pb_column type=&#8220;4_4&#8243; _builder_version=&#8220;4.16&#8243; _module_preset=&#8220;default&#8220; global_colors_info=&#8220;{}&#8220;][et_pb_text content_tablet=&#8220;<\/p>\n<h5>Erste Wahl aus zweiter Hand, das sind MAGIRUS Lohr- Gebrauchtfahrzeuge.Wenn sich Feuerwehren f\u00fcr den Kauf eines gebrauchten Fahrzeuges interessieren, sind wir mit all unserer Kompetenz da, um ein Angebot zu \ufb01nden, das Ihren individuellen Anforderungen entspricht.<\/h5>\n<h5>Unsere Gebrauchten geh\u00f6ren nicht zum alten Eisen.<br \/>Servicegepflegte Gebrauchtfahrzeuge sind die perfekte Alternative zu einem Neufahrzeug.<\/h5>\n<h5>Entscheiden Sie sich f\u00fcr ein neues MAGIRUS Lohr-Fahrzeug, f\u00fchren wir gerne eine Begutachtung Ihres bestehenden Fahrzeuges durch und erstellen ein entsprechendes Ankaufsangebot!<\/h5>\n<p>&#8220; content_phone=&#8220;<\/p>\n<h5>Erste Wahl aus zweiter Hand, das sind MAGIRUS Lohr- Gebrauchtfahrzeuge.Wenn sich Feuerwehren f\u00fcr den Kauf eines gebrauchten Fahrzeuges interessieren, sind wir mit all unserer Kompetenz da, um ein Angebot zu \ufb01nden, das Ihren individuellen Anforderungen entspricht.<\/h5>\n<h5>Unsere Gebrauchten geh\u00f6ren nicht zum alten Eisen.<br \/>Servicegepflegte Gebrauchtfahrzeuge sind die perfekte Alternative zu einem Neufahrzeug.<\/h5>\n<h5>Entscheiden Sie sich f\u00fcr ein neues MAGIRUS Lohr-Fahrzeug, f\u00fchren wir gerne eine Begutachtung Ihres bestehenden Fahrzeuges durch und erstellen ein entsprechendes Ankaufsangebot!<\/h5>\n<p>&#8220; content_last_edited=&#8220;on|tablet&#8220; _builder_version=&#8220;4.21.0&#8243; _module_preset=&#8220;default&#8220; text_font=&#8220;Arial||||||||&#8220; text_font_size=&#8220;19px&#8220; link_font=&#8220;Arial||||||||&#8220; ul_font=&#8220;Arial||||||||&#8220; ol_font=&#8220;Arial||||||||&#8220; quote_font=&#8220;Arial||||||||&#8220; header_font=&#8220;Arial||||||||&#8220; header_2_font=&#8220;Arial||||||||&#8220; header_2_text_color=&#8220;#3a3a3a&#8220; header_2_font_size=&#8220;19px&#8220; header_2_line_height=&#8220;1.3em&#8220; header_3_font=&#8220;Arial||||||||&#8220; header_3_text_color=&#8220;#3a3a3a&#8220; header_3_font_size=&#8220;17px&#8220; header_3_line_height=&#8220;1.5em&#8220; header_4_font=&#8220;Arial||||||||&#8220; header_4_line_height=&#8220;1.3em&#8220; header_5_font=&#8220;Arial||||||||&#8220; header_5_font_size=&#8220;13px&#8220; header_5_line_height=&#8220;1.3em&#8220; header_6_font=&#8220;Arial||||||||&#8220; width=&#8220;100%&#8220; max_width=&#8220;1440px&#8220; custom_margin=&#8220;||29px|0px|false|false&#8220; header_5_text_align_tablet=&#8220;&#8220; header_5_text_align_phone=&#8220;center&#8220; header_5_text_align_last_edited=&#8220;on|phone&#8220; global_colors_info=&#8220;{}&#8220;]<\/p>\n<h3>Erste Wahl aus zweiter Hand, das sind MagirusLohr- Gebrauchtfahrzeuge. Wenn sich Feuerwehren f\u00fcr den Kauf eines gebrauchten Fahrzeuges interessieren, sind wir mit all unserer Kompetenz da, um ein Angebot zu \ufb01nden, dass Ihren individuellen Anforderungen entspricht.<\/h3>\n<h3>Unsere Gebrauchten geh\u00f6ren nicht zum alten Eisen.<br \/>Servicegepflegte Gebrauchtfahrzeuge sind die perfekte Alternative zu einem Neufahrzeug.<\/h3>\n<h3>Entscheiden Sie sich f\u00fcr ein neues Magirus Lohr-Fahrzeug, f\u00fchren wir gerne eine Begutachtung Ihres bestehenden Fahrzeuges durch und erstellen ein entsprechendes Ankaufsangebot!<\/h3>\n<p>[\/et_pb_text][\/et_pb_column][\/et_pb_row][et_pb_row _builder_version=&#8220;4.16&#8243; _module_preset=&#8220;default&#8220; custom_margin=&#8220;-35px||||false|false&#8220; custom_padding=&#8220;0px||17px||false|false&#8220; global_colors_info=&#8220;{}&#8220;][et_pb_column type=&#8220;4_4&#8243; _builder_version=&#8220;4.16&#8243; _module_preset=&#8220;default&#8220; global_colors_info=&#8220;{}&#8220;][et_pb_text _builder_version=&#8220;4.16&#8243; _module_preset=&#8220;default&#8220; header_font=&#8220;Arial|||on|||||&#8220; header_text_align=&#8220;center&#8220; header_text_color=&#8220;#3a3a3a&#8220; header_2_font=&#8220;Open Sans|700||on|||||&#8220; header_2_text_align=&#8220;center&#8220; header_2_font_size=&#8220;41px&#8220; custom_margin=&#8220;0px||20px||false|false&#8220; custom_padding=&#8220;0px||8px||false|false&#8220; header_2_font_size_tablet=&#8220;&#8220; header_2_font_size_phone=&#8220;30px&#8220; header_2_font_size_last_edited=&#8220;on|phone&#8220; global_colors_info=&#8220;{}&#8220;]<\/p>\n<h1><strong>Sie werden betreut<\/strong><\/h1>\n<p>[\/et_pb_text][\/et_pb_column][\/et_pb_row][et_pb_row column_structure=&#8220;1_5,1_5,1_5,1_5,1_5&#8243; admin_label=&#8220;Bild Feuerwehrbedarf&#8220; _builder_version=&#8220;4.16&#8243; module_alignment=&#8220;center&#8220; custom_margin=&#8220;-50px|auto||auto|false|false&#8220; custom_padding=&#8220;40px||40px||false|false&#8220; module_alignment_tablet=&#8220;&#8220; module_alignment_phone=&#8220;&#8220; module_alignment_last_edited=&#8220;on|tablet&#8220; locked=&#8220;off&#8220; global_colors_info=&#8220;{}&#8220;][et_pb_column type=&#8220;1_5&#8243; _builder_version=&#8220;4.16&#8243; custom_padding=&#8220;|||&#8220; global_colors_info=&#8220;{}&#8220; custom_padding__hover=&#8220;|||&#8220;][et_pb_blurb title=&#8220;graz-used@magirusgroup.com&#8220; use_icon=&#8220;on&#8220; font_icon=&#8220;&#xe076;||divi||400&#8243; icon_color=&#8220;#ffffff&#8220; image_icon_background_color=&#8220;#E02B20&#8243; image_icon_width=&#8220;16px&#8220; _builder_version=&#8220;4.27.4&#8243; header_level=&#8220;h3&#8243; header_font=&#8220;Arial|500|||||||&#8220; header_text_color=&#8220;#000000&#8243; body_font=&#8220;Arial|700||on|||||&#8220; body_text_color=&#8220;#000000&#8243; body_link_font=&#8220;Arial||||||||&#8220; body_ul_font=&#8220;Arial||||||||&#8220; body_ol_font=&#8220;Arial||||||||&#8220; body_quote_font=&#8220;Arial||||||||&#8220; image_icon_custom_padding=&#8220;25px|25px|25px|25px|false|false&#8220; text_orientation=&#8220;center&#8220; custom_margin=&#8220;-57px|-236px||20px|false|false&#8220; custom_padding=&#8220;119px|0px||0px|false|false&#8220; hover_enabled=&#8220;0&#8243; border_radii_image=&#8220;on|100%|100%|100%|100%&#8220; icon_font_size=&#8220;16px&#8220; use_circle=&#8220;on&#8220; circle_color=&#8220;#d5ebff&#8220; locked=&#8220;off&#8220; global_colors_info=&#8220;{}&#8220; image_icon_background_color__sticky_enabled=&#8220;#2ea3f2&#8243; image_icon_background_color__sticky=&#8220;#2ea3f2&#8243; sticky_enabled=&#8220;0&#8243;][\/et_pb_blurb][\/et_pb_column][et_pb_column type=&#8220;1_5&#8243; _builder_version=&#8220;4.16&#8243; custom_padding=&#8220;|||&#8220; global_colors_info=&#8220;{}&#8220; custom_padding__hover=&#8220;|||&#8220;][\/et_pb_column][et_pb_column type=&#8220;1_5&#8243; _builder_version=&#8220;4.21.0&#8243; _module_preset=&#8220;default&#8220; global_colors_info=&#8220;{}&#8220;][et_pb_blurb title=&#8220;Frikusweg 8, 8141 Premst\u00e4tten&#8220; use_icon=&#8220;on&#8220; font_icon=&#8220;&#xe074;||divi||400&#8243; icon_color=&#8220;#ffffff&#8220; image_icon_background_color=&#8220;#E02B20&#8243; image_icon_width=&#8220;16px&#8220; _builder_version=&#8220;4.21.0&#8243; header_level=&#8220;h3&#8243; header_font=&#8220;Arial|500|||||||&#8220; header_text_color=&#8220;#000000&#8243; body_font=&#8220;Arial|700||on|||||&#8220; body_text_color=&#8220;#000000&#8243; body_link_font=&#8220;Arial||||||||&#8220; body_ul_font=&#8220;Arial||||||||&#8220; body_ol_font=&#8220;Arial||||||||&#8220; body_quote_font=&#8220;Arial||||||||&#8220; image_icon_custom_padding=&#8220;25px|25px|25px|25px|false|false&#8220; text_orientation=&#8220;center&#8220; custom_margin=&#8220;-57px|-315px||-159px|false|false&#8220; custom_padding=&#8220;119px|62px||81px|false|false&#8220; border_radii_image=&#8220;on|100%|100%|100%|100%&#8220; icon_font_size=&#8220;16px&#8220; use_circle=&#8220;on&#8220; circle_color=&#8220;#d5ebff&#8220; locked=&#8220;off&#8220; global_colors_info=&#8220;{}&#8220; image_icon_background_color__sticky_enabled=&#8220;#2ea3f2&#8243; image_icon_background_color__sticky=&#8220;#2ea3f2&#8243;][\/et_pb_blurb][\/et_pb_column][et_pb_column type=&#8220;1_5&#8243; _builder_version=&#8220;4.16&#8243; _module_preset=&#8220;default&#8220; global_colors_info=&#8220;{}&#8220;][et_pb_blurb title=&#8220;0043 3135 93 122 &#8220; use_icon=&#8220;on&#8220; font_icon=&#8220;&#xe090;||divi||400&#8243; icon_color=&#8220;#ffffff&#8220; image_icon_background_color=&#8220;#E02B20&#8243; image_icon_width=&#8220;16px&#8220; _builder_version=&#8220;4.21.0&#8243; header_font=&#8220;Arial|500|||||||&#8220; header_text_color=&#8220;#000000&#8243; header_font_size=&#8220;22px&#8220; body_font=&#8220;Arial||||||||&#8220; body_link_font=&#8220;Arial||||||||&#8220; body_ul_font=&#8220;Arial||||||||&#8220; body_ol_font=&#8220;Arial||||||||&#8220; body_quote_font=&#8220;Arial||||||||&#8220; image_icon_custom_padding=&#8220;25px|25px|25px|25px|false|false&#8220; text_orientation=&#8220;center&#8220; background_layout=&#8220;dark&#8220; custom_margin=&#8220;0px|-251px||20px|false|false&#8220; custom_padding=&#8220;61px|||125px|false|false&#8220; border_radii_image=&#8220;on|100%|100%|100%|100%&#8220; icon_font_size=&#8220;16px&#8220; use_circle=&#8220;on&#8220; circle_color=&#8220;#d5ebff&#8220; locked=&#8220;off&#8220; global_colors_info=&#8220;{}&#8220; image_icon_background_color__sticky_enabled=&#8220;#2ea3f2&#8243; image_icon_background_color__sticky=&#8220;#2ea3f2&#8243;][\/et_pb_blurb][\/et_pb_column][et_pb_column type=&#8220;1_5&#8243; _builder_version=&#8220;4.16&#8243; _module_preset=&#8220;default&#8220; global_colors_info=&#8220;{}&#8220;][\/et_pb_column][\/et_pb_row][et_pb_row _builder_version=&#8220;4.16&#8243; _module_preset=&#8220;default&#8220; min_height=&#8220;129px&#8220; custom_margin=&#8220;|auto|-40px|auto||&#8220; custom_padding=&#8220;4px||0px|||&#8220; global_colors_info=&#8220;{}&#8220;][et_pb_column type=&#8220;4_4&#8243; _builder_version=&#8220;4.16&#8243; _module_preset=&#8220;default&#8220; global_colors_info=&#8220;{}&#8220;][\/et_pb_column][\/et_pb_row][\/et_pb_section]<\/p>\n","protected":false},"excerpt":{"rendered":"<p>AUCH BEI GEBRAUCHTFAHRZEUGEN\u00a0H\u00d6RT DIE QUALIT\u00c4T NICHT AUFErste Wahl aus zweiter Hand, das sind MagirusLohr- Gebrauchtfahrzeuge. Wenn sich Feuerwehren f\u00fcr den Kauf eines gebrauchten Fahrzeuges interessieren, sind wir mit all unserer Kompetenz da, um ein Angebot zu \ufb01nden, dass Ihren individuellen Anforderungen entspricht. Unsere Gebrauchten geh\u00f6ren nicht zum alten Eisen.Servicegepflegte Gebrauchtfahrzeuge sind die perfekte Alternative zu [&hellip;]<\/p>\n","protected":false},"author":1,"featured_media":0,"parent":0,"menu_order":0,"comment_status":"closed","ping_status":"closed","template":"","meta":{"_et_pb_use_builder":"on","_et_pb_old_content":"","_et_gb_content_width":"","footnotes":""},"class_list":["post-4875","page","type-page","status-publish","hentry"],"yoast_head":"<!-- This site is optimized with the Yoast SEO plugin v27.1.1 - https:\/\/yoast.com\/product\/yoast-seo-wordpress\/ -->\n<title>Used Vehicle - Magirus - Lohr GmbH<\/title>\n<meta name=\"robots\" content=\"index, follow, max-snippet:-1, max-image-preview:large, max-video-preview:-1\" \/>\n<link rel=\"canonical\" href=\"https:\/\/www.magirus-lohr.at\/homepage\/used-vehicle\/\" \/>\n<meta property=\"og:locale\" content=\"de_DE\" \/>\n<meta property=\"og:type\" content=\"article\" \/>\n<meta property=\"og:title\" content=\"Used Vehicle - Magirus - Lohr GmbH\" \/>\n<meta property=\"og:description\" content=\"AUCH BEI GEBRAUCHTFAHRZEUGEN\u00a0H\u00d6RT DIE QUALIT\u00c4T NICHT AUFErste Wahl aus zweiter Hand, das sind MagirusLohr- Gebrauchtfahrzeuge. Wenn sich Feuerwehren f\u00fcr den Kauf eines gebrauchten Fahrzeuges interessieren, sind wir mit all unserer Kompetenz da, um ein Angebot zu \ufb01nden, dass Ihren individuellen Anforderungen entspricht. Unsere Gebrauchten geh\u00f6ren nicht zum alten Eisen.Servicegepflegte Gebrauchtfahrzeuge sind die perfekte Alternative zu [&hellip;]\" \/>\n<meta property=\"og:url\" content=\"https:\/\/www.magirus-lohr.at\/homepage\/used-vehicle\/\" \/>\n<meta property=\"og:site_name\" content=\"Magirus - Lohr GmbH\" \/>\n<meta property=\"article:publisher\" content=\"https:\/\/www.facebook.com\/magiruslohr\/\" \/>\n<meta property=\"article:modified_time\" content=\"2025-08-28T09:55:48+00:00\" \/>\n<meta name=\"twitter:card\" content=\"summary_large_image\" \/>\n<meta name=\"twitter:label1\" content=\"Gesch\u00e4tzte Lesezeit\" \/>\n\t<meta name=\"twitter:data1\" content=\"7\u00a0Minuten\" \/>\n<script type=\"application\/ld+json\" class=\"yoast-schema-graph\">{\"@context\":\"https:\/\/schema.org\",\"@graph\":[{\"@type\":\"WebPage\",\"@id\":\"https:\/\/www.magirus-lohr.at\/homepage\/used-vehicle\/\",\"url\":\"https:\/\/www.magirus-lohr.at\/homepage\/used-vehicle\/\",\"name\":\"Used Vehicle - Magirus - Lohr GmbH\",\"isPartOf\":{\"@id\":\"https:\/\/www.magirus-lohr.at\/homepage\/#website\"},\"datePublished\":\"2020-10-15T18:53:13+00:00\",\"dateModified\":\"2025-08-28T09:55:48+00:00\",\"breadcrumb\":{\"@id\":\"https:\/\/www.magirus-lohr.at\/homepage\/used-vehicle\/#breadcrumb\"},\"inLanguage\":\"de\",\"potentialAction\":[{\"@type\":\"ReadAction\",\"target\":[\"https:\/\/www.magirus-lohr.at\/homepage\/used-vehicle\/\"]}]},{\"@type\":\"BreadcrumbList\",\"@id\":\"https:\/\/www.magirus-lohr.at\/homepage\/used-vehicle\/#breadcrumb\",\"itemListElement\":[{\"@type\":\"ListItem\",\"position\":1,\"name\":\"Startseite\",\"item\":\"https:\/\/www.magirus-lohr.at\/homepage\/\"},{\"@type\":\"ListItem\",\"position\":2,\"name\":\"Used Vehicle\"}]},{\"@type\":\"WebSite\",\"@id\":\"https:\/\/www.magirus-lohr.at\/homepage\/#website\",\"url\":\"https:\/\/www.magirus-lohr.at\/homepage\/\",\"name\":\"Magirus - Lohr GmbH\",\"description\":\"Serving Heroes. Since 1864.\",\"publisher\":{\"@id\":\"https:\/\/www.magirus-lohr.at\/homepage\/#organization\"},\"potentialAction\":[{\"@type\":\"SearchAction\",\"target\":{\"@type\":\"EntryPoint\",\"urlTemplate\":\"https:\/\/www.magirus-lohr.at\/homepage\/?s={search_term_string}\"},\"query-input\":{\"@type\":\"PropertyValueSpecification\",\"valueRequired\":true,\"valueName\":\"search_term_string\"}}],\"inLanguage\":\"de\"},{\"@type\":\"Organization\",\"@id\":\"https:\/\/www.magirus-lohr.at\/homepage\/#organization\",\"name\":\"Magirus Lohr GmbH\",\"url\":\"https:\/\/www.magirus-lohr.at\/homepage\/\",\"logo\":{\"@type\":\"ImageObject\",\"inLanguage\":\"de\",\"@id\":\"https:\/\/www.magirus-lohr.at\/homepage\/#\/schema\/logo\/image\/\",\"url\":\"https:\/\/www.magirus-lohr.at\/homepage\/wp-content\/uploads\/2020\/12\/Magirus_Lohr_RGB1.png\",\"contentUrl\":\"https:\/\/www.magirus-lohr.at\/homepage\/wp-content\/uploads\/2020\/12\/Magirus_Lohr_RGB1.png\",\"width\":1006,\"height\":225,\"caption\":\"Magirus Lohr GmbH\"},\"image\":{\"@id\":\"https:\/\/www.magirus-lohr.at\/homepage\/#\/schema\/logo\/image\/\"},\"sameAs\":[\"https:\/\/www.facebook.com\/magiruslohr\/\"]}]}<\/script>\n<!-- \/ Yoast SEO plugin. -->","yoast_head_json":{"title":"Used Vehicle - Magirus - Lohr GmbH","robots":{"index":"index","follow":"follow","max-snippet":"max-snippet:-1","max-image-preview":"max-image-preview:large","max-video-preview":"max-video-preview:-1"},"canonical":"https:\/\/www.magirus-lohr.at\/homepage\/used-vehicle\/","og_locale":"de_DE","og_type":"article","og_title":"Used Vehicle - Magirus - Lohr GmbH","og_description":"AUCH BEI GEBRAUCHTFAHRZEUGEN\u00a0H\u00d6RT DIE QUALIT\u00c4T NICHT AUFErste Wahl aus zweiter Hand, das sind MagirusLohr- Gebrauchtfahrzeuge. Wenn sich Feuerwehren f\u00fcr den Kauf eines gebrauchten Fahrzeuges interessieren, sind wir mit all unserer Kompetenz da, um ein Angebot zu \ufb01nden, dass Ihren individuellen Anforderungen entspricht. Unsere Gebrauchten geh\u00f6ren nicht zum alten Eisen.Servicegepflegte Gebrauchtfahrzeuge sind die perfekte Alternative zu [&hellip;]","og_url":"https:\/\/www.magirus-lohr.at\/homepage\/used-vehicle\/","og_site_name":"Magirus - Lohr GmbH","article_publisher":"https:\/\/www.facebook.com\/magiruslohr\/","article_modified_time":"2025-08-28T09:55:48+00:00","twitter_card":"summary_large_image","twitter_misc":{"Gesch\u00e4tzte Lesezeit":"7\u00a0Minuten"},"schema":{"@context":"https:\/\/schema.org","@graph":[{"@type":"WebPage","@id":"https:\/\/www.magirus-lohr.at\/homepage\/used-vehicle\/","url":"https:\/\/www.magirus-lohr.at\/homepage\/used-vehicle\/","name":"Used Vehicle - Magirus - Lohr GmbH","isPartOf":{"@id":"https:\/\/www.magirus-lohr.at\/homepage\/#website"},"datePublished":"2020-10-15T18:53:13+00:00","dateModified":"2025-08-28T09:55:48+00:00","breadcrumb":{"@id":"https:\/\/www.magirus-lohr.at\/homepage\/used-vehicle\/#breadcrumb"},"inLanguage":"de","potentialAction":[{"@type":"ReadAction","target":["https:\/\/www.magirus-lohr.at\/homepage\/used-vehicle\/"]}]},{"@type":"BreadcrumbList","@id":"https:\/\/www.magirus-lohr.at\/homepage\/used-vehicle\/#breadcrumb","itemListElement":[{"@type":"ListItem","position":1,"name":"Startseite","item":"https:\/\/www.magirus-lohr.at\/homepage\/"},{"@type":"ListItem","position":2,"name":"Used Vehicle"}]},{"@type":"WebSite","@id":"https:\/\/www.magirus-lohr.at\/homepage\/#website","url":"https:\/\/www.magirus-lohr.at\/homepage\/","name":"Magirus - Lohr GmbH","description":"Serving Heroes. Since 1864.","publisher":{"@id":"https:\/\/www.magirus-lohr.at\/homepage\/#organization"},"potentialAction":[{"@type":"SearchAction","target":{"@type":"EntryPoint","urlTemplate":"https:\/\/www.magirus-lohr.at\/homepage\/?s={search_term_string}"},"query-input":{"@type":"PropertyValueSpecification","valueRequired":true,"valueName":"search_term_string"}}],"inLanguage":"de"},{"@type":"Organization","@id":"https:\/\/www.magirus-lohr.at\/homepage\/#organization","name":"Magirus Lohr GmbH","url":"https:\/\/www.magirus-lohr.at\/homepage\/","logo":{"@type":"ImageObject","inLanguage":"de","@id":"https:\/\/www.magirus-lohr.at\/homepage\/#\/schema\/logo\/image\/","url":"https:\/\/www.magirus-lohr.at\/homepage\/wp-content\/uploads\/2020\/12\/Magirus_Lohr_RGB1.png","contentUrl":"https:\/\/www.magirus-lohr.at\/homepage\/wp-content\/uploads\/2020\/12\/Magirus_Lohr_RGB1.png","width":1006,"height":225,"caption":"Magirus Lohr GmbH"},"image":{"@id":"https:\/\/www.magirus-lohr.at\/homepage\/#\/schema\/logo\/image\/"},"sameAs":["https:\/\/www.facebook.com\/magiruslohr\/"]}]}},"_links":{"self":[{"href":"https:\/\/www.magirus-lohr.at\/homepage\/wp-json\/wp\/v2\/pages\/4875","targetHints":{"allow":["GET"]}}],"collection":[{"href":"https:\/\/www.magirus-lohr.at\/homepage\/wp-json\/wp\/v2\/pages"}],"about":[{"href":"https:\/\/www.magirus-lohr.at\/homepage\/wp-json\/wp\/v2\/types\/page"}],"author":[{"embeddable":true,"href":"https:\/\/www.magirus-lohr.at\/homepage\/wp-json\/wp\/v2\/users\/1"}],"replies":[{"embeddable":true,"href":"https:\/\/www.magirus-lohr.at\/homepage\/wp-json\/wp\/v2\/comments?post=4875"}],"version-history":[{"count":130,"href":"https:\/\/www.magirus-lohr.at\/homepage\/wp-json\/wp\/v2\/pages\/4875\/revisions"}],"predecessor-version":[{"id":258793,"href":"https:\/\/www.magirus-lohr.at\/homepage\/wp-json\/wp\/v2\/pages\/4875\/revisions\/258793"}],"wp:attachment":[{"href":"https:\/\/www.magirus-lohr.at\/homepage\/wp-json\/wp\/v2\/media?parent=4875"}],"curies":[{"name":"wp","href":"https:\/\/api.w.org\/{rel}","templated":true}]}}