{"id":5342,"date":"2020-10-17T13:39:18","date_gmt":"2020-10-17T11:39:18","guid":{"rendered":"https:\/\/www.magirus-lohr.at\/homepage\/?page_id=5342"},"modified":"2023-11-09T08:16:53","modified_gmt":"2023-11-09T07:16:53","slug":"aircore","status":"publish","type":"page","link":"https:\/\/www.magirus-lohr.at\/homepage\/aircore\/","title":{"rendered":"AirCore"},"content":{"rendered":"<p>[et_pb_section fb_built=&#8220;1&#8243; fullwidth=&#8220;on&#8220; _builder_version=&#8220;4.16&#8243; _module_preset=&#8220;default&#8220; global_colors_info=&#8220;{}&#8220;][et_pb_fullwidth_image src=&#8220;https:\/\/www.magirus-lohr.at\/homepage\/wp-content\/uploads\/2020\/12\/AirCoreneu-980.jpg&#8220; title_text=&#8220;AirCoreneu-980&#8243; src_tablet=&#8220;https:\/\/www.magirus-lohr.at\/homepage\/wp-content\/uploads\/2020\/12\/AirCoreneu-980.jpg&#8220; src_phone=&#8220;https:\/\/www.magirus-lohr.at\/homepage\/wp-content\/uploads\/2020\/12\/AirCoreneu-980.jpg&#8220; src_last_edited=&#8220;on|phone&#8220; _builder_version=&#8220;4.16&#8243; _module_preset=&#8220;default&#8220; width=&#8220;100%&#8220; width_tablet=&#8220;100%&#8220; width_phone=&#8220;&#8220; width_last_edited=&#8220;on|desktop&#8220; max_width=&#8220;1440px&#8220; module_alignment=&#8220;center&#8220; custom_margin=&#8220;0px||||false|false&#8220; custom_margin_tablet=&#8220;-9px||||false|false&#8220; custom_margin_phone=&#8220;&#8220; custom_margin_last_edited=&#8220;on|phone&#8220; custom_padding=&#8220;79px||||false|false&#8220; global_colors_info=&#8220;{}&#8220;][\/et_pb_fullwidth_image][\/et_pb_section][et_pb_section fb_built=&#8220;1&#8243; _builder_version=&#8220;4.16&#8243; _module_preset=&#8220;default&#8220; width=&#8220;100%&#8220; max_width=&#8220;1440px&#8220; module_alignment=&#8220;center&#8220; custom_margin=&#8220;13px||0px||false|false&#8220; custom_padding=&#8220;||0px|||&#8220; global_colors_info=&#8220;{}&#8220;][et_pb_row _builder_version=&#8220;4.16&#8243; _module_preset=&#8220;default&#8220; min_height=&#8220;188.4px&#8220; custom_margin=&#8220;-47px||||false|false&#8220; global_colors_info=&#8220;{}&#8220;][et_pb_column type=&#8220;4_4&#8243; _builder_version=&#8220;4.16&#8243; _module_preset=&#8220;default&#8220; global_colors_info=&#8220;{}&#8220;][et_pb_text _builder_version=&#8220;4.16&#8243; _module_preset=&#8220;default&#8220; text_font=&#8220;Arial||||||||&#8220; text_text_color=&#8220;#3a3a3a&#8220; header_font=&#8220;Arial|||on|||||&#8220; header_text_color=&#8220;#3a3a3a&#8220; header_line_height=&#8220;1.7em&#8220; global_colors_info=&#8220;{}&#8220;]<\/p>\n<article id=\"c3578\">\n<div class=\"component_text_img_normal\"><strong>Magirus AirCore<\/strong><br \/>Das L\u00f6schturbinenfahrzeug Magirus AirCore ist sehr effizient f\u00fcr Gro\u00dfbr\u00e4nde und gro\u00dfe Oberfl\u00e4chen, insbesondere Fl\u00fcssigkeitsbr\u00e4nde.<\/div>\n<div class=\"component_text_img_normal\">Es bindet Gase und Rauch und verbessert die Sichtbarkeit und Sicherheit.<\/div>\n<div class=\"component_text_img_normal\">Dar\u00fcber hinaus bietet dieses Spezialfahrzeug eine wesentlich schnellere W\u00e4rmeabsorption im Vergleich<br \/>zu aktuellen Methoden und ist einfach und sicher im Einsatz.<\/div>\n<div class=\"component_text_img_normal\">Ein weiterer Vorteil des Magirus AirCore ist seine Wartungsfreundlichkeit.<\/div>\n<\/article>\n<p>[\/et_pb_text][\/et_pb_column][\/et_pb_row][et_pb_row column_structure=&#8220;1_2,1_2&#8243; _builder_version=&#8220;4.16&#8243; _module_preset=&#8220;default&#8220; global_colors_info=&#8220;{}&#8220;][et_pb_column type=&#8220;1_2&#8243; _builder_version=&#8220;4.16&#8243; _module_preset=&#8220;default&#8220; global_colors_info=&#8220;{}&#8220;][et_pb_text _builder_version=&#8220;4.16&#8243; _module_preset=&#8220;default&#8220; text_font=&#8220;Arial||||||||&#8220; text_text_color=&#8220;#3a3a3a&#8220; header_font=&#8220;Arial|||on|||||&#8220; header_text_color=&#8220;#3a3a3a&#8220; header_line_height=&#8220;1.7em&#8220; global_colors_info=&#8220;{}&#8220;]<\/p>\n<article id=\"c3578\">\n<div class=\"component_text_img_normal\">\n<article id=\"c3576\">\n<div class=\"component_images_slideshow\"><strong>DAS KONZEPT DES AIRCORE<\/strong><br \/>\u2022 Flexible Mitteld\u00fcse Wahl<br \/>\u2022 Radiald\u00fcsenkapazit\u00e4t 1.000 l\/min<br \/>\u2022 Mitteld\u00fcsenkapazit\u00e4t 500 l (Spr\u00fchd\u00fcsen) \/ 2.500 l\/min (Spr\u00fchstrahl \/ Vollstrahl)<br \/>\u2022 Gesamtwasserdurchflusskapazit\u00e4t bis 3.500 l\/min<br \/>\u2022 Elektrischer oder hydraulischer Antrieb<br \/>\u2022 2 Gr\u00f6\u00dfen erh\u00e4ltlich: S15 oder M25<br \/>\u2022 Bis zu 80 m Wurfdistanz<br \/>\u2022 8-12 bar Betriebsdruck, max. 16 bar<br \/>\u2022 Schaumstoffapplikation m\u00f6glich (0,5 \/ 1 %)<br \/>\u2022 Remote-Steuerung m\u00f6glich<br \/>\u2022 Elektrische Einstellung der Mitteld\u00fcse zum Spr\u00fchstrahl \/ Vollstrahl<br \/>\u2022 Kompakte Abmessungen<\/div>\n<\/article>\n<\/div>\n<\/article>\n<p>[\/et_pb_text][\/et_pb_column][et_pb_column type=&#8220;1_2&#8243; _builder_version=&#8220;4.16&#8243; _module_preset=&#8220;default&#8220; global_colors_info=&#8220;{}&#8220;][et_pb_image src=&#8220;https:\/\/www.magirus-lohr.at\/homepage\/wp-content\/uploads\/2020\/12\/Datasheet_AirCore_TAF35_580.jpg&#8220; title_text=&#8220;Datasheet_AirCore_TAF35_580&#8243; _builder_version=&#8220;4.16&#8243; _module_preset=&#8220;default&#8220; custom_margin=&#8220;-20px||||false|false&#8220; global_colors_info=&#8220;{}&#8220;][\/et_pb_image][\/et_pb_column][\/et_pb_row][et_pb_row _builder_version=&#8220;4.16&#8243; _module_preset=&#8220;default&#8220; custom_margin=&#8220;0px||60px||false|false&#8220; global_colors_info=&#8220;{}&#8220;][et_pb_column type=&#8220;4_4&#8243; _builder_version=&#8220;4.16&#8243; _module_preset=&#8220;default&#8220; global_colors_info=&#8220;{}&#8220;][et_pb_text _builder_version=&#8220;4.23.1&#8243; _module_preset=&#8220;default&#8220; text_font=&#8220;Arial||||||||&#8220; text_text_color=&#8220;#e02b20&#8243; header_font=&#8220;Arial||||||||&#8220; header_2_font=&#8220;Gil Sans mt||||||||&#8220; header_2_text_color=&#8220;#3a3a3a&#8220; hover_enabled=&#8220;0&#8243; global_colors_info=&#8220;{}&#8220; sticky_enabled=&#8220;0&#8243;]<\/p>\n<article id=\"c14158\">\n<div class=\"component_text_img_normal\">\n<div class=\"csc-header csc-header-n6\">\n<h2>Informationsmaterial<\/h2>\n<\/div>\n<p><a href=\"https:\/\/www.magirus-lohr.at\/homepage\/wp-content\/uploads\/2020\/12\/Datasheet_AirCore_TAF35_DE_2018-04.pdf\"><span style=\"color: #ff0000;\">Datenblatt AirCore TAF35<\/span><\/a><\/p>\n<p><a href=\"https:\/\/www.magirus-lohr.at\/homepage\/wp-content\/uploads\/2023\/11\/Datasheet_Magirus-AirCore-TAF35-C_DE_2023-09.pdf\">Datenblatt AirCore TAF35-C<\/a><\/p>\n<p><span style=\"color: #ff0000;\"><a href=\"https:\/\/www.magirus-lohr.at\/homepage\/wp-content\/uploads\/2023\/11\/Datasheet_AirCore-TAF60_DE_2022-05.pdf\">Datenblatt AirCore TAF60<\/a><\/span><\/p>\n<\/div>\n<\/article>\n<p>[\/et_pb_text][\/et_pb_column][\/et_pb_row][\/et_pb_section][et_pb_section fb_built=&#8220;1&#8243; admin_label=&#8220;Featured Services Section&#8220; _builder_version=&#8220;4.16&#8243; custom_padding=&#8220;0px|0px|0px|0px&#8220; global_colors_info=&#8220;{}&#8220;][\/et_pb_section]<\/p>\n","protected":false},"excerpt":{"rendered":"<p>Magirus AirCoreDas L\u00f6schturbinenfahrzeug Magirus AirCore ist sehr effizient f\u00fcr Gro\u00dfbr\u00e4nde und gro\u00dfe Oberfl\u00e4chen, insbesondere Fl\u00fcssigkeitsbr\u00e4nde. Es bindet Gase und Rauch und verbessert die Sichtbarkeit und Sicherheit. Dar\u00fcber hinaus bietet dieses Spezialfahrzeug eine wesentlich schnellere W\u00e4rmeabsorption im Vergleichzu aktuellen Methoden und ist einfach und sicher im Einsatz. Ein weiterer Vorteil des Magirus AirCore ist seine Wartungsfreundlichkeit. [&hellip;]<\/p>\n","protected":false},"author":1,"featured_media":0,"parent":0,"menu_order":0,"comment_status":"closed","ping_status":"closed","template":"","meta":{"_et_pb_use_builder":"on","_et_pb_old_content":"","_et_gb_content_width":"","footnotes":""},"class_list":["post-5342","page","type-page","status-publish","hentry"],"yoast_head":"<!-- This site is optimized with the Yoast SEO plugin v27.1.1 - https:\/\/yoast.com\/product\/yoast-seo-wordpress\/ -->\n<title>AirCore - Magirus - Lohr GmbH<\/title>\n<meta name=\"description\" content=\"Das L\u00f6schturbinenfahrzeug Magirus AirCore ist sehr effizient f\u00fcr Gro\u00dfbr\u00e4nde\u00a0 und gro\u00dfe Oberfl\u00e4chen, insbesondere Fl\u00fcssigkeitsbr\u00e4nde.Es bindet Gase und Rauch und verbessert die Sichtbarkeit und Sicherheit.\" \/>\n<meta name=\"robots\" content=\"index, follow, max-snippet:-1, max-image-preview:large, max-video-preview:-1\" \/>\n<link rel=\"canonical\" href=\"https:\/\/www.magirus-lohr.at\/homepage\/aircore\/\" \/>\n<meta property=\"og:locale\" content=\"de_DE\" \/>\n<meta property=\"og:type\" content=\"article\" \/>\n<meta property=\"og:title\" content=\"AirCore - Magirus - Lohr GmbH\" \/>\n<meta property=\"og:description\" content=\"Das L\u00f6schturbinenfahrzeug Magirus AirCore ist sehr effizient f\u00fcr Gro\u00dfbr\u00e4nde\u00a0 und gro\u00dfe Oberfl\u00e4chen, insbesondere Fl\u00fcssigkeitsbr\u00e4nde.Es bindet Gase und Rauch und verbessert die Sichtbarkeit und Sicherheit.\" \/>\n<meta property=\"og:url\" content=\"https:\/\/www.magirus-lohr.at\/homepage\/aircore\/\" \/>\n<meta property=\"og:site_name\" content=\"Magirus - Lohr GmbH\" \/>\n<meta property=\"article:publisher\" content=\"https:\/\/www.facebook.com\/magiruslohr\/\" \/>\n<meta property=\"article:modified_time\" content=\"2023-11-09T07:16:53+00:00\" \/>\n<meta name=\"twitter:card\" content=\"summary_large_image\" \/>\n<script type=\"application\/ld+json\" class=\"yoast-schema-graph\">{\"@context\":\"https:\/\/schema.org\",\"@graph\":[{\"@type\":\"WebPage\",\"@id\":\"https:\/\/www.magirus-lohr.at\/homepage\/aircore\/\",\"url\":\"https:\/\/www.magirus-lohr.at\/homepage\/aircore\/\",\"name\":\"AirCore - Magirus - Lohr GmbH\",\"isPartOf\":{\"@id\":\"https:\/\/www.magirus-lohr.at\/homepage\/#website\"},\"datePublished\":\"2020-10-17T11:39:18+00:00\",\"dateModified\":\"2023-11-09T07:16:53+00:00\",\"description\":\"Das L\u00f6schturbinenfahrzeug Magirus AirCore ist sehr effizient f\u00fcr Gro\u00dfbr\u00e4nde\u00a0 und gro\u00dfe Oberfl\u00e4chen, insbesondere Fl\u00fcssigkeitsbr\u00e4nde.Es bindet Gase und Rauch und verbessert die Sichtbarkeit und Sicherheit.\",\"breadcrumb\":{\"@id\":\"https:\/\/www.magirus-lohr.at\/homepage\/aircore\/#breadcrumb\"},\"inLanguage\":\"de\",\"potentialAction\":[{\"@type\":\"ReadAction\",\"target\":[\"https:\/\/www.magirus-lohr.at\/homepage\/aircore\/\"]}]},{\"@type\":\"BreadcrumbList\",\"@id\":\"https:\/\/www.magirus-lohr.at\/homepage\/aircore\/#breadcrumb\",\"itemListElement\":[{\"@type\":\"ListItem\",\"position\":1,\"name\":\"Startseite\",\"item\":\"https:\/\/www.magirus-lohr.at\/homepage\/\"},{\"@type\":\"ListItem\",\"position\":2,\"name\":\"AirCore\"}]},{\"@type\":\"WebSite\",\"@id\":\"https:\/\/www.magirus-lohr.at\/homepage\/#website\",\"url\":\"https:\/\/www.magirus-lohr.at\/homepage\/\",\"name\":\"Magirus - Lohr GmbH\",\"description\":\"Serving Heroes. Since 1864.\",\"publisher\":{\"@id\":\"https:\/\/www.magirus-lohr.at\/homepage\/#organization\"},\"potentialAction\":[{\"@type\":\"SearchAction\",\"target\":{\"@type\":\"EntryPoint\",\"urlTemplate\":\"https:\/\/www.magirus-lohr.at\/homepage\/?s={search_term_string}\"},\"query-input\":{\"@type\":\"PropertyValueSpecification\",\"valueRequired\":true,\"valueName\":\"search_term_string\"}}],\"inLanguage\":\"de\"},{\"@type\":\"Organization\",\"@id\":\"https:\/\/www.magirus-lohr.at\/homepage\/#organization\",\"name\":\"Magirus Lohr GmbH\",\"url\":\"https:\/\/www.magirus-lohr.at\/homepage\/\",\"logo\":{\"@type\":\"ImageObject\",\"inLanguage\":\"de\",\"@id\":\"https:\/\/www.magirus-lohr.at\/homepage\/#\/schema\/logo\/image\/\",\"url\":\"https:\/\/www.magirus-lohr.at\/homepage\/wp-content\/uploads\/2020\/12\/Magirus_Lohr_RGB1.png\",\"contentUrl\":\"https:\/\/www.magirus-lohr.at\/homepage\/wp-content\/uploads\/2020\/12\/Magirus_Lohr_RGB1.png\",\"width\":1006,\"height\":225,\"caption\":\"Magirus Lohr GmbH\"},\"image\":{\"@id\":\"https:\/\/www.magirus-lohr.at\/homepage\/#\/schema\/logo\/image\/\"},\"sameAs\":[\"https:\/\/www.facebook.com\/magiruslohr\/\"]}]}<\/script>\n<!-- \/ Yoast SEO plugin. -->","yoast_head_json":{"title":"AirCore - Magirus - Lohr GmbH","description":"Das L\u00f6schturbinenfahrzeug Magirus AirCore ist sehr effizient f\u00fcr Gro\u00dfbr\u00e4nde\u00a0 und gro\u00dfe Oberfl\u00e4chen, insbesondere Fl\u00fcssigkeitsbr\u00e4nde.Es bindet Gase und Rauch und verbessert die Sichtbarkeit und Sicherheit.","robots":{"index":"index","follow":"follow","max-snippet":"max-snippet:-1","max-image-preview":"max-image-preview:large","max-video-preview":"max-video-preview:-1"},"canonical":"https:\/\/www.magirus-lohr.at\/homepage\/aircore\/","og_locale":"de_DE","og_type":"article","og_title":"AirCore - Magirus - Lohr GmbH","og_description":"Das L\u00f6schturbinenfahrzeug Magirus AirCore ist sehr effizient f\u00fcr Gro\u00dfbr\u00e4nde\u00a0 und gro\u00dfe Oberfl\u00e4chen, insbesondere Fl\u00fcssigkeitsbr\u00e4nde.Es bindet Gase und Rauch und verbessert die Sichtbarkeit und Sicherheit.","og_url":"https:\/\/www.magirus-lohr.at\/homepage\/aircore\/","og_site_name":"Magirus - Lohr GmbH","article_publisher":"https:\/\/www.facebook.com\/magiruslohr\/","article_modified_time":"2023-11-09T07:16:53+00:00","twitter_card":"summary_large_image","schema":{"@context":"https:\/\/schema.org","@graph":[{"@type":"WebPage","@id":"https:\/\/www.magirus-lohr.at\/homepage\/aircore\/","url":"https:\/\/www.magirus-lohr.at\/homepage\/aircore\/","name":"AirCore - Magirus - Lohr GmbH","isPartOf":{"@id":"https:\/\/www.magirus-lohr.at\/homepage\/#website"},"datePublished":"2020-10-17T11:39:18+00:00","dateModified":"2023-11-09T07:16:53+00:00","description":"Das L\u00f6schturbinenfahrzeug Magirus AirCore ist sehr effizient f\u00fcr Gro\u00dfbr\u00e4nde\u00a0 und gro\u00dfe Oberfl\u00e4chen, insbesondere Fl\u00fcssigkeitsbr\u00e4nde.Es bindet Gase und Rauch und verbessert die Sichtbarkeit und Sicherheit.","breadcrumb":{"@id":"https:\/\/www.magirus-lohr.at\/homepage\/aircore\/#breadcrumb"},"inLanguage":"de","potentialAction":[{"@type":"ReadAction","target":["https:\/\/www.magirus-lohr.at\/homepage\/aircore\/"]}]},{"@type":"BreadcrumbList","@id":"https:\/\/www.magirus-lohr.at\/homepage\/aircore\/#breadcrumb","itemListElement":[{"@type":"ListItem","position":1,"name":"Startseite","item":"https:\/\/www.magirus-lohr.at\/homepage\/"},{"@type":"ListItem","position":2,"name":"AirCore"}]},{"@type":"WebSite","@id":"https:\/\/www.magirus-lohr.at\/homepage\/#website","url":"https:\/\/www.magirus-lohr.at\/homepage\/","name":"Magirus - Lohr GmbH","description":"Serving Heroes. Since 1864.","publisher":{"@id":"https:\/\/www.magirus-lohr.at\/homepage\/#organization"},"potentialAction":[{"@type":"SearchAction","target":{"@type":"EntryPoint","urlTemplate":"https:\/\/www.magirus-lohr.at\/homepage\/?s={search_term_string}"},"query-input":{"@type":"PropertyValueSpecification","valueRequired":true,"valueName":"search_term_string"}}],"inLanguage":"de"},{"@type":"Organization","@id":"https:\/\/www.magirus-lohr.at\/homepage\/#organization","name":"Magirus Lohr GmbH","url":"https:\/\/www.magirus-lohr.at\/homepage\/","logo":{"@type":"ImageObject","inLanguage":"de","@id":"https:\/\/www.magirus-lohr.at\/homepage\/#\/schema\/logo\/image\/","url":"https:\/\/www.magirus-lohr.at\/homepage\/wp-content\/uploads\/2020\/12\/Magirus_Lohr_RGB1.png","contentUrl":"https:\/\/www.magirus-lohr.at\/homepage\/wp-content\/uploads\/2020\/12\/Magirus_Lohr_RGB1.png","width":1006,"height":225,"caption":"Magirus Lohr GmbH"},"image":{"@id":"https:\/\/www.magirus-lohr.at\/homepage\/#\/schema\/logo\/image\/"},"sameAs":["https:\/\/www.facebook.com\/magiruslohr\/"]}]}},"_links":{"self":[{"href":"https:\/\/www.magirus-lohr.at\/homepage\/wp-json\/wp\/v2\/pages\/5342","targetHints":{"allow":["GET"]}}],"collection":[{"href":"https:\/\/www.magirus-lohr.at\/homepage\/wp-json\/wp\/v2\/pages"}],"about":[{"href":"https:\/\/www.magirus-lohr.at\/homepage\/wp-json\/wp\/v2\/types\/page"}],"author":[{"embeddable":true,"href":"https:\/\/www.magirus-lohr.at\/homepage\/wp-json\/wp\/v2\/users\/1"}],"replies":[{"embeddable":true,"href":"https:\/\/www.magirus-lohr.at\/homepage\/wp-json\/wp\/v2\/comments?post=5342"}],"version-history":[{"count":63,"href":"https:\/\/www.magirus-lohr.at\/homepage\/wp-json\/wp\/v2\/pages\/5342\/revisions"}],"predecessor-version":[{"id":255820,"href":"https:\/\/www.magirus-lohr.at\/homepage\/wp-json\/wp\/v2\/pages\/5342\/revisions\/255820"}],"wp:attachment":[{"href":"https:\/\/www.magirus-lohr.at\/homepage\/wp-json\/wp\/v2\/media?parent=5342"}],"curies":[{"name":"wp","href":"https:\/\/api.w.org\/{rel}","templated":true}]}}