{"id":6294,"date":"2020-11-03T21:19:16","date_gmt":"2020-11-03T20:19:16","guid":{"rendered":"https:\/\/www.magirus-lohr.at\/homepage\/?page_id=6294"},"modified":"2022-02-25T09:08:05","modified_gmt":"2022-02-25T08:08:05","slug":"ad-kontaktformular","status":"publish","type":"page","link":"https:\/\/www.magirus-lohr.at\/homepage\/ad-kontaktformular\/","title":{"rendered":"AD Kontaktformular"},"content":{"rendered":"<p>[et_pb_section fb_built=&#8220;1&#8243; fullwidth=&#8220;on&#8220; _builder_version=&#8220;4.6.6&#8243; _module_preset=&#8220;default&#8220; global_colors_info=&#8220;{}&#8220;][\/et_pb_section][et_pb_section fb_built=&#8220;1&#8243; _builder_version=&#8220;4.7.4&#8243; _module_preset=&#8220;default&#8220; min_height=&#8220;200px&#8220; custom_padding=&#8220;||51px|||&#8220; global_colors_info=&#8220;{}&#8220;][et_pb_row _builder_version=&#8220;4.6.6&#8243; _module_preset=&#8220;default&#8220; global_colors_info=&#8220;{}&#8220;][et_pb_column type=&#8220;4_4&#8243; _builder_version=&#8220;4.6.6&#8243; _module_preset=&#8220;default&#8220; global_colors_info=&#8220;{}&#8220;][et_pb_text _builder_version=&#8220;4.14.8&#8243; _module_preset=&#8220;default&#8220; text_font=&#8220;Arial||||||||&#8220; text_text_color=&#8220;#3a3a3a&#8220; header_font=&#8220;Arial||||||||&#8220; header_2_font=&#8220;Arial||||||||&#8220; header_2_text_color=&#8220;#3a3a3a&#8220; header_2_font_size=&#8220;23px&#8220; hover_enabled=&#8220;0&#8243; global_colors_info=&#8220;{}&#8220; link_font=&#8220;Arial||||||||&#8220; ul_font=&#8220;Arial||||||||&#8220; ol_font=&#8220;Arial||||||||&#8220; quote_font=&#8220;Arial||||||||&#8220; header_3_font=&#8220;Arial||||||||&#8220; header_4_font=&#8220;Arial||||||||&#8220; header_5_font=&#8220;Arial||||||||&#8220; header_6_font=&#8220;Arial||||||||&#8220; sticky_enabled=&#8220;0&#8243;]<\/p>\n<div class=\"csc-header csc-header-n5\">\n<h1><strong>Globaler Partner der Feuerwehren \u2013 auch im Vertrieb.<\/strong><\/h1>\n<\/div>\n<p>Magirus ist fast in jedem Land dieser Erde pr\u00e4sent und steht Kunden vor Ort zuverl\u00e4ssig zur Verf\u00fcgung \u2013 egal ob in Europa, Afrika oder Australien. Unsere Vertretungen vor Ort stellen sicher, dass Feuerwehren einen kompetenten Ansprechpartner haben, der im gemeinsamen Dialog L\u00f6sungen erarbeitet und sie kompetent umsetzt. Wie wichtig uns Partnerschaft ist, zeigt vor allem auch das Engagement unserer Mitarbeiter, f\u00fcr die Kundenzufriedenheit das oberste Ziel ist.<\/p>\n<p>Wenn Sie Fragen haben oder W\u00fcnsche \u00e4u\u00dfern m\u00f6chten, nutzen Sie bitte den nachfolgenden Kontaktformular, um uns eine E-Mail zu senden. Wir setzen uns dann kurzfristig mit Ihnen in Verbindung. Ihre Adresse und \u2013 sofern vorhanden \u2013 Ihre Feuerwehr\/Beh\u00f6rde\/Firma helfen uns, Ihre Anfrage gezielt und schnell zu beantworten. Ihre Daten werden selbstverst\u00e4ndlich vertraulich behandelt.<\/p>\n<p>[\/et_pb_text][\/et_pb_column][\/et_pb_row][\/et_pb_section][et_pb_section fb_built=&#8220;1&#8243; _builder_version=&#8220;4.7.4&#8243; _module_preset=&#8220;default&#8220; min_height=&#8220;757px&#8220; custom_margin=&#8220;-75px|||||&#8220; global_colors_info=&#8220;{}&#8220;][et_pb_row column_structure=&#8220;1_2,1_2&#8243; _builder_version=&#8220;4.6.6&#8243; _module_preset=&#8220;default&#8220; global_colors_info=&#8220;{}&#8220;][et_pb_column type=&#8220;1_2&#8243; _builder_version=&#8220;4.6.6&#8243; _module_preset=&#8220;default&#8220; global_colors_info=&#8220;{}&#8220;][et_pb_text _builder_version=&#8220;4.14.8&#8243; _module_preset=&#8220;default&#8220; hover_enabled=&#8220;0&#8243; global_colors_info=&#8220;{}&#8220; text_font=&#8220;Arial||||||||&#8220; link_font=&#8220;Arial||||||||&#8220; ul_font=&#8220;Arial||||||||&#8220; ol_font=&#8220;Arial||||||||&#8220; quote_font=&#8220;Arial||||||||&#8220; header_font=&#8220;Arial||||||||&#8220; header_2_font=&#8220;Arial||||||||&#8220; header_3_font=&#8220;Arial||||||||&#8220; header_4_font=&#8220;Arial||||||||&#8220; header_5_font=&#8220;Arial||||||||&#8220; header_6_font=&#8220;Arial||||||||&#8220; sticky_enabled=&#8220;0&#8243;]<\/p>\n\n<div class=\"wpcf7 no-js\" id=\"wpcf7-f6293-o1\" lang=\"de-DE\" dir=\"ltr\" data-wpcf7-id=\"6293\">\n<div class=\"screen-reader-response\"><p role=\"status\" aria-live=\"polite\" aria-atomic=\"true\"><\/p> <ul><\/ul><\/div>\n<form action=\"\/homepage\/wp-json\/wp\/v2\/pages\/6294#wpcf7-f6293-o1\" method=\"post\" class=\"wpcf7-form init\" aria-label=\"Kontaktformular\" novalidate=\"novalidate\" data-status=\"init\">\n<fieldset class=\"hidden-fields-container\"><input type=\"hidden\" name=\"_wpcf7\" value=\"6293\" \/><input type=\"hidden\" name=\"_wpcf7_version\" value=\"6.1.5\" \/><input type=\"hidden\" name=\"_wpcf7_locale\" value=\"de_DE\" \/><input type=\"hidden\" name=\"_wpcf7_unit_tag\" value=\"wpcf7-f6293-o1\" \/><input type=\"hidden\" name=\"_wpcf7_container_post\" value=\"0\" \/><input type=\"hidden\" name=\"_wpcf7_posted_data_hash\" value=\"\" \/>\n<\/fieldset>\n<p><label> Name<br \/>\n<span class=\"wpcf7-form-control-wrap\" data-name=\"your-name\"><input size=\"40\" maxlength=\"400\" class=\"wpcf7-form-control wpcf7-text wpcf7-validates-as-required\" aria-required=\"true\" aria-invalid=\"false\" value=\"\" type=\"text\" name=\"your-name\" \/><\/span> <\/label>\n<\/p>\n<p><label> E- Mail<br \/>\n<span class=\"wpcf7-form-control-wrap\" data-name=\"email-730\"><input size=\"40\" maxlength=\"400\" class=\"wpcf7-form-control wpcf7-email wpcf7-validates-as-required wpcf7-text wpcf7-validates-as-email\" aria-required=\"true\" aria-invalid=\"false\" value=\"\" type=\"email\" name=\"email-730\" \/><\/span> <\/label>\n<\/p>\n<p><label> Telefonnummer, falls R\u00fcckfragen n\u00f6tig sind<br \/>\n<span class=\"wpcf7-form-control-wrap\" data-name=\"tel-467\"><input size=\"40\" maxlength=\"400\" class=\"wpcf7-form-control wpcf7-tel wpcf7-validates-as-required wpcf7-text wpcf7-validates-as-tel Telefonnummer\" id=\"Telefonnummer\" aria-required=\"true\" aria-invalid=\"false\" value=\"\" type=\"tel\" name=\"tel-467\" \/><\/span><\/label>\n<\/p>\n<p><label> Betreff<br \/>\n<span class=\"wpcf7-form-control-wrap\" data-name=\"your-subject\"><input size=\"40\" maxlength=\"400\" class=\"wpcf7-form-control wpcf7-text wpcf7-validates-as-required\" aria-required=\"true\" aria-invalid=\"false\" value=\"\" type=\"text\" name=\"your-subject\" \/><\/span> <\/label>\n<\/p>\n<menu> Kontaktfeld\n<span class=\"wpcf7-form-control-wrap\" data-name=\"menu-606\"><select class=\"wpcf7-form-control wpcf7-select wpcf7-validates-as-required\" aria-required=\"true\" aria-invalid=\"false\" name=\"menu-606\"><option value=\"\">&#8211; Bitte ausw\u00e4hlen &#8211;<\/option><option value=\"Zone 1 Steiermark\">Zone 1 Steiermark<\/option><option value=\"Zone 2 Burgenland\">Zone 2 Burgenland<\/option><option value=\"Zone 3 N\u00d6 , Wien\">Zone 3 N\u00d6 , Wien<\/option><option value=\"Zone 4 O\u00d6 , Salzburg\">Zone 4 O\u00d6 , Salzburg<\/option><option value=\"Zone 5 Tirol, Vorarlberg,\">Zone 5 Tirol, Vorarlberg,<\/option><option value=\"S\u00fcdtirol\">S\u00fcdtirol<\/option><option value=\"Zone 6 K\u00e4rnten , Osttirol\">Zone 6 K\u00e4rnten , Osttirol<\/option><option value=\"Zone 8 Schweiz\">Zone 8 Schweiz<\/option><\/select><\/span>\n<label> Nachricht (optional)<br \/>\n<span class=\"wpcf7-form-control-wrap\" data-name=\"your-message\"><textarea cols=\"40\" rows=\"10\" maxlength=\"2000\" class=\"wpcf7-form-control wpcf7-textarea\" aria-invalid=\"false\" name=\"your-message\"><\/textarea><\/span> <\/label>\n\n<input class=\"wpcf7-form-control wpcf7-submit has-spinner\" type=\"submit\" value=\"Senden\" \/>\n<\/menu><div class=\"wpcf7-response-output\" aria-hidden=\"true\"><\/div>\n<\/form>\n<\/div>\n\n<p>[\/et_pb_text][\/et_pb_column][et_pb_column type=&#8220;1_2&#8243; _builder_version=&#8220;4.6.6&#8243; _module_preset=&#8220;default&#8220; global_colors_info=&#8220;{}&#8220;][et_pb_image src=&#8220;https:\/\/www.magirus-lohr.at\/homepage\/wp-content\/uploads\/2020\/12\/Magirus_Lohr_RGB1.png&#8220; title_text=&#8220;Magirus_Lohr_RGB1&#8243; _builder_version=&#8220;4.7.7&#8243; _module_preset=&#8220;default&#8220; custom_margin=&#8220;0px||0px||false|false&#8220; custom_padding=&#8220;0px||0px||false|false&#8220; global_colors_info=&#8220;{}&#8220;][\/et_pb_image][\/et_pb_column][\/et_pb_row][\/et_pb_section]<\/p>\n","protected":false},"excerpt":{"rendered":"<p>Globaler Partner der Feuerwehren \u2013 auch im Vertrieb. Magirus ist fast in jedem Land dieser Erde pr\u00e4sent und steht Kunden vor Ort zuverl\u00e4ssig zur Verf\u00fcgung \u2013 egal ob in Europa, Afrika oder Australien. Unsere Vertretungen vor Ort stellen sicher, dass Feuerwehren einen kompetenten Ansprechpartner haben, der im gemeinsamen Dialog L\u00f6sungen erarbeitet und sie kompetent umsetzt. [&hellip;]<\/p>\n","protected":false},"author":1,"featured_media":0,"parent":0,"menu_order":0,"comment_status":"closed","ping_status":"closed","template":"","meta":{"_et_pb_use_builder":"on","_et_pb_old_content":"","_et_gb_content_width":"","footnotes":""},"class_list":["post-6294","page","type-page","status-publish","hentry"],"yoast_head":"<!-- This site is optimized with the Yoast SEO plugin v27.1.1 - https:\/\/yoast.com\/product\/yoast-seo-wordpress\/ -->\n<title>AD Kontaktformular - Magirus - Lohr GmbH<\/title>\n<meta name=\"robots\" content=\"index, follow, max-snippet:-1, max-image-preview:large, max-video-preview:-1\" \/>\n<link rel=\"canonical\" href=\"https:\/\/www.magirus-lohr.at\/homepage\/ad-kontaktformular\/\" \/>\n<meta property=\"og:locale\" content=\"de_DE\" \/>\n<meta property=\"og:type\" content=\"article\" \/>\n<meta property=\"og:title\" content=\"AD Kontaktformular - Magirus - Lohr GmbH\" \/>\n<meta property=\"og:description\" content=\"Globaler Partner der Feuerwehren \u2013 auch im Vertrieb. Magirus ist fast in jedem Land dieser Erde pr\u00e4sent und steht Kunden vor Ort zuverl\u00e4ssig zur Verf\u00fcgung \u2013 egal ob in Europa, Afrika oder Australien. Unsere Vertretungen vor Ort stellen sicher, dass Feuerwehren einen kompetenten Ansprechpartner haben, der im gemeinsamen Dialog L\u00f6sungen erarbeitet und sie kompetent umsetzt. [&hellip;]\" \/>\n<meta property=\"og:url\" content=\"https:\/\/www.magirus-lohr.at\/homepage\/ad-kontaktformular\/\" \/>\n<meta property=\"og:site_name\" content=\"Magirus - Lohr GmbH\" \/>\n<meta property=\"article:publisher\" content=\"https:\/\/www.facebook.com\/magiruslohr\/\" \/>\n<meta property=\"article:modified_time\" content=\"2022-02-25T08:08:05+00:00\" \/>\n<meta name=\"twitter:card\" content=\"summary_large_image\" \/>\n<meta name=\"twitter:label1\" content=\"Gesch\u00e4tzte Lesezeit\" \/>\n\t<meta name=\"twitter:data1\" content=\"2\u00a0Minuten\" \/>\n<script type=\"application\/ld+json\" class=\"yoast-schema-graph\">{\"@context\":\"https:\/\/schema.org\",\"@graph\":[{\"@type\":[\"WebPage\",\"ContactPage\"],\"@id\":\"https:\/\/www.magirus-lohr.at\/homepage\/ad-kontaktformular\/\",\"url\":\"https:\/\/www.magirus-lohr.at\/homepage\/ad-kontaktformular\/\",\"name\":\"AD Kontaktformular - Magirus - Lohr GmbH\",\"isPartOf\":{\"@id\":\"https:\/\/www.magirus-lohr.at\/homepage\/#website\"},\"datePublished\":\"2020-11-03T20:19:16+00:00\",\"dateModified\":\"2022-02-25T08:08:05+00:00\",\"breadcrumb\":{\"@id\":\"https:\/\/www.magirus-lohr.at\/homepage\/ad-kontaktformular\/#breadcrumb\"},\"inLanguage\":\"de\",\"potentialAction\":[{\"@type\":\"ReadAction\",\"target\":[\"https:\/\/www.magirus-lohr.at\/homepage\/ad-kontaktformular\/\"]}]},{\"@type\":\"BreadcrumbList\",\"@id\":\"https:\/\/www.magirus-lohr.at\/homepage\/ad-kontaktformular\/#breadcrumb\",\"itemListElement\":[{\"@type\":\"ListItem\",\"position\":1,\"name\":\"Startseite\",\"item\":\"https:\/\/www.magirus-lohr.at\/homepage\/\"},{\"@type\":\"ListItem\",\"position\":2,\"name\":\"AD Kontaktformular\"}]},{\"@type\":\"WebSite\",\"@id\":\"https:\/\/www.magirus-lohr.at\/homepage\/#website\",\"url\":\"https:\/\/www.magirus-lohr.at\/homepage\/\",\"name\":\"Magirus - Lohr GmbH\",\"description\":\"Serving Heroes. Since 1864.\",\"publisher\":{\"@id\":\"https:\/\/www.magirus-lohr.at\/homepage\/#organization\"},\"potentialAction\":[{\"@type\":\"SearchAction\",\"target\":{\"@type\":\"EntryPoint\",\"urlTemplate\":\"https:\/\/www.magirus-lohr.at\/homepage\/?s={search_term_string}\"},\"query-input\":{\"@type\":\"PropertyValueSpecification\",\"valueRequired\":true,\"valueName\":\"search_term_string\"}}],\"inLanguage\":\"de\"},{\"@type\":\"Organization\",\"@id\":\"https:\/\/www.magirus-lohr.at\/homepage\/#organization\",\"name\":\"Magirus Lohr GmbH\",\"url\":\"https:\/\/www.magirus-lohr.at\/homepage\/\",\"logo\":{\"@type\":\"ImageObject\",\"inLanguage\":\"de\",\"@id\":\"https:\/\/www.magirus-lohr.at\/homepage\/#\/schema\/logo\/image\/\",\"url\":\"https:\/\/www.magirus-lohr.at\/homepage\/wp-content\/uploads\/2020\/12\/Magirus_Lohr_RGB1.png\",\"contentUrl\":\"https:\/\/www.magirus-lohr.at\/homepage\/wp-content\/uploads\/2020\/12\/Magirus_Lohr_RGB1.png\",\"width\":1006,\"height\":225,\"caption\":\"Magirus Lohr GmbH\"},\"image\":{\"@id\":\"https:\/\/www.magirus-lohr.at\/homepage\/#\/schema\/logo\/image\/\"},\"sameAs\":[\"https:\/\/www.facebook.com\/magiruslohr\/\"]}]}<\/script>\n<!-- \/ Yoast SEO plugin. -->","yoast_head_json":{"title":"AD Kontaktformular - Magirus - Lohr GmbH","robots":{"index":"index","follow":"follow","max-snippet":"max-snippet:-1","max-image-preview":"max-image-preview:large","max-video-preview":"max-video-preview:-1"},"canonical":"https:\/\/www.magirus-lohr.at\/homepage\/ad-kontaktformular\/","og_locale":"de_DE","og_type":"article","og_title":"AD Kontaktformular - Magirus - Lohr GmbH","og_description":"Globaler Partner der Feuerwehren \u2013 auch im Vertrieb. Magirus ist fast in jedem Land dieser Erde pr\u00e4sent und steht Kunden vor Ort zuverl\u00e4ssig zur Verf\u00fcgung \u2013 egal ob in Europa, Afrika oder Australien. Unsere Vertretungen vor Ort stellen sicher, dass Feuerwehren einen kompetenten Ansprechpartner haben, der im gemeinsamen Dialog L\u00f6sungen erarbeitet und sie kompetent umsetzt. [&hellip;]","og_url":"https:\/\/www.magirus-lohr.at\/homepage\/ad-kontaktformular\/","og_site_name":"Magirus - Lohr GmbH","article_publisher":"https:\/\/www.facebook.com\/magiruslohr\/","article_modified_time":"2022-02-25T08:08:05+00:00","twitter_card":"summary_large_image","twitter_misc":{"Gesch\u00e4tzte Lesezeit":"2\u00a0Minuten"},"schema":{"@context":"https:\/\/schema.org","@graph":[{"@type":["WebPage","ContactPage"],"@id":"https:\/\/www.magirus-lohr.at\/homepage\/ad-kontaktformular\/","url":"https:\/\/www.magirus-lohr.at\/homepage\/ad-kontaktformular\/","name":"AD Kontaktformular - Magirus - Lohr GmbH","isPartOf":{"@id":"https:\/\/www.magirus-lohr.at\/homepage\/#website"},"datePublished":"2020-11-03T20:19:16+00:00","dateModified":"2022-02-25T08:08:05+00:00","breadcrumb":{"@id":"https:\/\/www.magirus-lohr.at\/homepage\/ad-kontaktformular\/#breadcrumb"},"inLanguage":"de","potentialAction":[{"@type":"ReadAction","target":["https:\/\/www.magirus-lohr.at\/homepage\/ad-kontaktformular\/"]}]},{"@type":"BreadcrumbList","@id":"https:\/\/www.magirus-lohr.at\/homepage\/ad-kontaktformular\/#breadcrumb","itemListElement":[{"@type":"ListItem","position":1,"name":"Startseite","item":"https:\/\/www.magirus-lohr.at\/homepage\/"},{"@type":"ListItem","position":2,"name":"AD Kontaktformular"}]},{"@type":"WebSite","@id":"https:\/\/www.magirus-lohr.at\/homepage\/#website","url":"https:\/\/www.magirus-lohr.at\/homepage\/","name":"Magirus - Lohr GmbH","description":"Serving Heroes. Since 1864.","publisher":{"@id":"https:\/\/www.magirus-lohr.at\/homepage\/#organization"},"potentialAction":[{"@type":"SearchAction","target":{"@type":"EntryPoint","urlTemplate":"https:\/\/www.magirus-lohr.at\/homepage\/?s={search_term_string}"},"query-input":{"@type":"PropertyValueSpecification","valueRequired":true,"valueName":"search_term_string"}}],"inLanguage":"de"},{"@type":"Organization","@id":"https:\/\/www.magirus-lohr.at\/homepage\/#organization","name":"Magirus Lohr GmbH","url":"https:\/\/www.magirus-lohr.at\/homepage\/","logo":{"@type":"ImageObject","inLanguage":"de","@id":"https:\/\/www.magirus-lohr.at\/homepage\/#\/schema\/logo\/image\/","url":"https:\/\/www.magirus-lohr.at\/homepage\/wp-content\/uploads\/2020\/12\/Magirus_Lohr_RGB1.png","contentUrl":"https:\/\/www.magirus-lohr.at\/homepage\/wp-content\/uploads\/2020\/12\/Magirus_Lohr_RGB1.png","width":1006,"height":225,"caption":"Magirus Lohr GmbH"},"image":{"@id":"https:\/\/www.magirus-lohr.at\/homepage\/#\/schema\/logo\/image\/"},"sameAs":["https:\/\/www.facebook.com\/magiruslohr\/"]}]}},"_links":{"self":[{"href":"https:\/\/www.magirus-lohr.at\/homepage\/wp-json\/wp\/v2\/pages\/6294","targetHints":{"allow":["GET"]}}],"collection":[{"href":"https:\/\/www.magirus-lohr.at\/homepage\/wp-json\/wp\/v2\/pages"}],"about":[{"href":"https:\/\/www.magirus-lohr.at\/homepage\/wp-json\/wp\/v2\/types\/page"}],"author":[{"embeddable":true,"href":"https:\/\/www.magirus-lohr.at\/homepage\/wp-json\/wp\/v2\/users\/1"}],"replies":[{"embeddable":true,"href":"https:\/\/www.magirus-lohr.at\/homepage\/wp-json\/wp\/v2\/comments?post=6294"}],"version-history":[{"count":17,"href":"https:\/\/www.magirus-lohr.at\/homepage\/wp-json\/wp\/v2\/pages\/6294\/revisions"}],"predecessor-version":[{"id":250226,"href":"https:\/\/www.magirus-lohr.at\/homepage\/wp-json\/wp\/v2\/pages\/6294\/revisions\/250226"}],"wp:attachment":[{"href":"https:\/\/www.magirus-lohr.at\/homepage\/wp-json\/wp\/v2\/media?parent=6294"}],"curies":[{"name":"wp","href":"https:\/\/api.w.org\/{rel}","templated":true}]}}